{"id":6105,"date":"2015-10-26T13:52:11","date_gmt":"2015-10-26T13:52:11","guid":{"rendered":"http:\/\/startit.select-themes.com\/?page_id=1101"},"modified":"2022-06-08T09:44:26","modified_gmt":"2022-06-08T07:44:26","slug":"online-shop-2","status":"publish","type":"page","link":"https:\/\/odplywy.com.pl\/old\/","title":{"rendered":"Start"},"content":{"rendered":"<p>[vc_row full_width=&#8221;stretch_row&#8221; css=&#8221;.vc_custom_1598443491345{margin-bottom: 30px !important;padding-top: 40px !important;padding-bottom: 50px !important;background: #f9f9f9 url(https:\/\/odplywy.com.pl\/old\/wp-content\/uploads\/2020\/08\/bg.jpg?id=9972) !important;}&#8221;][vc_column width=&#8221;12\/12&#8243;][vc_column_text]<\/p>\n<h2 style=\"text-align: center;\">Co nas wyr\u00f3\u017cnia?<\/h2>\n<p>[\/vc_column_text][\/vc_column][vc_column width=&#8221;1\/6&#8243;][vc_icon icon_fontawesome=&#8221;fas fa-umbrella&#8221; color=&#8221;custom&#8221; size=&#8221;xl&#8221; align=&#8221;center&#8221; custom_color=&#8221;#0095c0&#8243;][vc_column_text]<\/p>\n<p style=\"text-align: center;\"><strong>5 lat<\/strong> gwarancji<\/p>\n<p>[\/vc_column_text][\/vc_column][vc_column width=&#8221;1\/6&#8243;][vc_icon icon_fontawesome=&#8221;fas fa-shield-alt&#8221; color=&#8221;custom&#8221; size=&#8221;xl&#8221; align=&#8221;center&#8221; custom_color=&#8221;#0095c0&#8243;][vc_column_text]<\/p>\n<p style=\"text-align: center;\">Produkty z <strong>certyfikowanej stali nierdzewnej<\/strong><\/p>\n<p>[\/vc_column_text][\/vc_column][vc_column width=&#8221;1\/6&#8243;][vc_icon icon_fontawesome=&#8221;fas fa-history&#8221; color=&#8221;custom&#8221; size=&#8221;xl&#8221; align=&#8221;center&#8221; custom_color=&#8221;#0095c0&#8243;][vc_column_text]<\/p>\n<p style=\"text-align: center;\"><strong>100 dni<\/strong> na zwrot produktu<\/p>\n<p>[\/vc_column_text][\/vc_column][vc_column width=&#8221;1\/6&#8243;][vc_icon icon_fontawesome=&#8221;fas fa-cogs&#8221; color=&#8221;custom&#8221; size=&#8221;xl&#8221; align=&#8221;center&#8221; custom_color=&#8221;#0095c0&#8243;][vc_column_text]<\/p>\n<p style=\"text-align: center;\">Mo\u017cliwo\u015b\u0107 indywidualnego <strong>skonfigurowania odp\u0142ywu<\/strong><\/p>\n<p>[\/vc_column_text][\/vc_column][vc_column width=&#8221;1\/6&#8243;][vc_icon icon_fontawesome=&#8221;fas fa-truck&#8221; color=&#8221;custom&#8221; size=&#8221;xl&#8221; align=&#8221;center&#8221; custom_color=&#8221;#0095c0&#8243;][vc_column_text]<\/p>\n<p style=\"text-align: center;\"><strong>Bezp\u0142atna<\/strong> dostawa<\/p>\n<p>[\/vc_column_text][\/vc_column][vc_column width=&#8221;1\/6&#8243;][vc_icon icon_fontawesome=&#8221;fas fa-industry&#8221; color=&#8221;custom&#8221; size=&#8221;xl&#8221; align=&#8221;center&#8221; custom_color=&#8221;#0095c0&#8243;][vc_column_text]<\/p>\n<p style=\"text-align: center;\">Przesz\u0142o <strong>189 000 wyprodukowanych<\/strong> odp\u0142yw\u00f3w<\/p>\n<p>[\/vc_column_text][\/vc_column][\/vc_row][vc_row equal_height=&#8221;yes&#8221; content_placement=&#8221;middle&#8221;][vc_column width=&#8221;1\/2&#8243;][vc_single_image image=&#8221;11903&#8243; img_size=&#8221;700&#215;350&#8243;][vc_single_image image=&#8221;8398&#8243; img_size=&#8221;700&#215;350&#8243;][\/vc_column][vc_column width=&#8221;1\/2&#8243;][vc_column_text]<\/p>\n<h1 style=\"font-size: medium;\">Producent odp\u0142yw\u00f3w liniowych Waterway ze stali nierdzewnej<\/h1>\n<p style=\"font-size: 11px;\">Jeste\u015b w\u0142a\u015bnie w trakcie projektowania swojej wymarzonej \u0142azienki i szukasz sprawdzonego <strong>producenta odp\u0142yw\u00f3w<\/strong> pod prysznic? Chcesz znale\u017a\u0107 uniwersalne modele, kt\u00f3re sprawdz\u0105 si\u0119 zar\u00f3wno w nowoczesnym, jak i klasycznym wn\u0119trzu? Interesuj\u0105 Ci\u0119 jedynie produkty wykonane z materia\u0142\u00f3w o najwy\u017cszej jako\u015bci oraz z przywi\u0105zaniem do najmniejszych detali? Trafi\u0142e\u015b w doskona\u0142e miejsce! Nasza firma zajmuje si\u0119 produkcj\u0105 i sprzeda\u017c\u0105 odp\u0142yw\u00f3w liniowych i punktowych, wykonanych z certyfikowanej stali nierdzewnej. Dzia\u0142amy na rynku ju\u017c od ponad 20 lat i w tym czasie zdo\u0142ali\u015bmy pozyska\u0107 zaufanie dziesi\u0105tek tysi\u0119cy Klient\u00f3w. Nasze produkty znalaz\u0142y swoich odbiorc\u00f3w, nie tylko w Polsce, ale tak\u017ce w innych europejskich pa\u0144stwach takich jak Francja, Niemcy, Hiszpania, W\u0142ochy, Ukraina oraz Wielka Brytania. Warto zaznaczy\u0107, i\u017c oferta naszych odp\u0142yw\u00f3w liniowych i punktowych skierowana jest zar\u00f3wno do Klient\u00f3w indywidualnych, jak i hurtowni, dystrybutor\u00f3w, inwestor\u00f3w, wykonawc\u00f3w oraz sklep\u00f3w.<\/p>\n<h2 style=\"font-size: medium;\">Wysokogatunkowe odp\u0142ywy liniowe w ofercie Odp\u0142ywy.com.pl<\/h2>\n<p style=\"font-size: 11px;\">Nieustannie d\u0105\u017cymy do optymalizacji proces\u00f3w produkcji naszych odp\u0142yw\u00f3w i w\u0142a\u015bnie z tego powodu wprowadzili\u015bmy do naszej firmy cyfrowo sterowane maszyny. Jednak w dalszym ci\u0105gu kontrola jako\u015bci przeprowadzana jest przez naszych do\u015bwiadczonych pracownik\u00f3w, kt\u00f3rzy s\u0105 wyczuleni na wszelkie niedoskona\u0142o\u015bci. Nieprzerwanie dbamy o wysok\u0105 jako\u015b\u0107 naszych produkt\u00f3w, dlatego te\u017c <strong>odp\u0142ywy <\/strong>wykonujemy ze stali nierdzewnej, kt\u00f3ra uzyska\u0142a odpowiednie certyfikaty. Dzi\u0119ki temu Klienci mog\u0105 mie\u0107 pewno\u015b\u0107, \u017ce zakupione artyku\u0142y przetrwaj\u0105 wiele lat intensywnego u\u017cytkowania. Oczywi\u015bcie wszystkie nasze produkty s\u0105 obj\u0119te 5 letni\u0105 gwarancj\u0105, a Klienci mog\u0105 r\u00f3wnie\u017c zwr\u00f3ci\u0107 zakupione towary w ci\u0105gu 100 dni je\u015bli nie spe\u0142ni\u0105 one ich oczekiwa\u0144. Nasza firma jest <strong>producentem odp\u0142yw\u00f3w liniowych<\/strong> i to w\u0142a\u015bnie te produkty stanowi\u0105 g\u0142\u00f3wn\u0105 cz\u0119\u015b\u0107 naszej oferty. Celem naszych ekspert\u00f3w by\u0142o zaprojektowanie produkt\u00f3w, kt\u00f3re u\u017cytkownicy s\u0105 w stanie z \u0142atwo\u015bci\u0105 utrzyma\u0107 w czysto\u015bci. Jednocze\u015bnie, d\u0105\u017cyli\u015bmy do stworzenia gustownych odp\u0142yw\u00f3w, kt\u00f3re doskonale wpasuj\u0105 si\u0119 we wn\u0119trza urz\u0105dzone w r\u00f3\u017cnych stylach. Klienci mog\u0105 wybra\u0107 modele z r\u00f3\u017cnymi wzorami maskownicy i dopasowa\u0107 je do swoich \u0142azienek. Zadbali\u015bmy o to, by ka\u017cdy zakupiony produkt zosta\u0142 wyposa\u017cony w kompletny zestaw monta\u017cowy, a sam proces instalacji by\u0142 wygodny i ca\u0142kowicie bezpieczny.<\/p>\n<h2 style=\"font-size: medium;\">Polski producent odp\u0142yw\u00f3w do \u0142azienek<\/h2>\n<p style=\"font-size: 11px;\">Dla Klient\u00f3w, kt\u00f3rzy szukaj\u0105 czego\u015b innego ni\u017c <a href=\"https:\/\/odplywy.com.pl\/old\/odplywy-liniowe\/\">odp\u0142ywy liniowe<\/a> przygotowali\u015bmy asortyment odp\u0142yw\u00f3w punktowych. Modele te zajmuj\u0105 mniej miejsca, a jednocze\u015bnie w dalszym ci\u0105gu zapewniaj\u0105 prawid\u0142owe odprowadzanie wody. U\u017cytkownicy ceni\u0105 je za szczelne i estetyczne wyko\u0144czenie, a tak\u017ce \u0142atwo\u015b\u0107 czyszczenia syfonu. Warto wspomnie\u0107, i\u017c <a href=\"https:\/\/odplywy.com.pl\/old\/odplywy-punktowe\/\">odp\u0142ywy punktowe<\/a> s\u0105 stabilne i zosta\u0142y wyposa\u017cone w t\u0142umi\u0105ce dystanse, kt\u00f3re zapewniaj\u0105 cich\u0105 prac\u0119. W naszej ofercie nie mog\u0142o r\u00f3wnie\u017c zabrakn\u0105\u0107 r\u00f3\u017cnorodnych <a href=\"https:\/\/odplywy.com.pl\/old\/uszczelnienia\/\">produkt\u00f3w uszczelniaj\u0105cych<\/a>, kt\u00f3re stanowi\u0105 niezb\u0119dny dodatek podczas monta\u017cu odp\u0142yw\u00f3w w \u0142azience. Zadbali\u015bmy o to, by Klienci mogli wybiera\u0107 spo\u015br\u00f3d takich artyku\u0142\u00f3w jak membrany hydroizolacyjne, a tak\u017ce <a href=\"https:\/\/odplywy.com.pl\/old\/folia-w-plynie-emulsja-uszczelniajaca-15kg-kopia\/\">folie w p\u0142ynie<\/a>. Masz pytania dotycz\u0105ce <strong>odp\u0142yw\u00f3w<\/strong>, kt\u00f3re znajduj\u0105 si\u0119 w ofercie naszego sklepu internetowego? Nie jeste\u015b pewien, kt\u00f3ry model b\u0119dzie najlepiej pasowa\u0142 do Twojej \u0142azienki? Nie czekaj i skontaktuj si\u0119 z nami ju\u017c dzisiaj. Nasi pracownicy ch\u0119tnie podziel\u0105 si\u0119 z Tob\u0105 swoj\u0105 wiedz\u0105 i do\u015bwiadczeniem &#8211; udziel\u0105 odpowiedzi na nurtuj\u0105ce Ci\u0119 pytania oraz pomog\u0105 w wyborze produkt\u00f3w o odpowiednich parametrach. Zapraszamy do zapoznania si\u0119 z pe\u0142nym asortymentem naszej firmy i \u017cyczymy udanych zakup\u00f3w.<\/p>\n<p>[\/vc_column_text][\/vc_column][vc_column][\/vc_column][vc_column][\/vc_column][\/vc_row][vc_row][vc_column][vc_empty_space][\/vc_column][\/vc_row][vc_row][vc_column][vc_row_inner][vc_column_inner][vc_custom_heading text=&#8221;Ostatnio na naszym blogu&#8221; font_container=&#8221;tag:h2|font_size:2em|text_align:center&#8221; google_fonts=&#8221;font_family:Roboto%3A100%2C100italic%2C300%2C300italic%2Cregular%2Citalic%2C500%2C500italic%2C700%2C700italic%2C900%2C900italic|font_style:400%20regular%3A400%3Anormal&#8221;][vc_posts_slider type=&#8221;flexslider_slide&#8221; count=&#8221;5&#8243; interval=&#8221;5&#8243; slides_content=&#8221;teaser&#8221; slides_title=&#8221;1&#8243; thumb_size=&#8221;large&#8221; orderby=&#8221;date&#8221; posttypes=&#8221;post&#8221; css=&#8221;.vc_custom_1654674220974{margin-top: 10% !important;margin-right: 10% !important;margin-bottom: 10% !important;margin-left: 10% !important;}&#8221;][\/vc_column_inner][\/vc_row_inner][\/vc_column][\/vc_row]<\/p>\n","protected":false},"excerpt":{"rendered":"<p>[vc_row full_width=&#8221;stretch_row&#8221; css=&#8221;.vc_custom_1598443491345{margin-bottom: 30px !important;padding-top: 40px !important;padding-bottom: 50px !important;background: #f9f9f9 url(https:\/\/odplywy.com.pl\/old\/wp-content\/uploads\/2020\/08\/bg.jpg?id=9972) !important;}&#8221;][vc_column width=&#8221;12\/12&#8243;][vc_column_text] Co nas wyr\u00f3\u017cnia? [\/vc_column_text][\/vc_column][vc_column width=&#8221;1\/6&#8243;][vc_icon icon_fontawesome=&#8221;fas fa-umbrella&#8221; color=&#8221;custom&#8221; size=&#8221;xl&#8221; align=&#8221;center&#8221; custom_color=&#8221;#0095c0&#8243;][vc_column_text] 5 lat gwarancji [\/vc_column_text][\/vc_column][vc_column width=&#8221;1\/6&#8243;][vc_icon icon_fontawesome=&#8221;fas<\/p>\n","protected":false},"author":8,"featured_media":0,"parent":0,"menu_order":0,"comment_status":"closed","ping_status":"closed","template":"template-homepage-v5.php","meta":[],"_links":{"self":[{"href":"https:\/\/odplywy.com.pl\/old\/wp-json\/wp\/v2\/pages\/6105"}],"collection":[{"href":"https:\/\/odplywy.com.pl\/old\/wp-json\/wp\/v2\/pages"}],"about":[{"href":"https:\/\/odplywy.com.pl\/old\/wp-json\/wp\/v2\/types\/page"}],"author":[{"embeddable":true,"href":"https:\/\/odplywy.com.pl\/old\/wp-json\/wp\/v2\/users\/8"}],"replies":[{"embeddable":true,"href":"https:\/\/odplywy.com.pl\/old\/wp-json\/wp\/v2\/comments?post=6105"}],"version-history":[{"count":55,"href":"https:\/\/odplywy.com.pl\/old\/wp-json\/wp\/v2\/pages\/6105\/revisions"}],"predecessor-version":[{"id":12340,"href":"https:\/\/odplywy.com.pl\/old\/wp-json\/wp\/v2\/pages\/6105\/revisions\/12340"}],"wp:attachment":[{"href":"https:\/\/odplywy.com.pl\/old\/wp-json\/wp\/v2\/media?parent=6105"}],"curies":[{"name":"wp","href":"https:\/\/api.w.org\/{rel}","templated":true}]}}