{"id":7990,"date":"2018-11-23T14:01:20","date_gmt":"2018-11-23T13:01:20","guid":{"rendered":"https:\/\/odplywy.com.pl\/old\/?page_id=7990"},"modified":"2022-02-22T08:08:10","modified_gmt":"2022-02-22T07:08:10","slug":"wsparcie","status":"publish","type":"page","link":"https:\/\/odplywy.com.pl\/old\/wsparcie\/","title":{"rendered":"Wsparcie"},"content":{"rendered":"<p>[vc_row][vc_column][vc_empty_space height=&#8221;70px&#8221;][vc_column_text]<\/p>\n<h2 style=\"text-align: center;\">Dla naszych Klient\u00f3w przygotowali\u015bmy materia\u0142y, kt\u00f3re pozwol\u0105 dokona\u0107 zakupu, ale tak\u017ce zamontowa\u0107 odp\u0142yw liniowy w \u0142azience.<\/h2>\n<p>[\/vc_column_text][vc_empty_space height=&#8221;70px&#8221;][\/vc_column][\/vc_row][vc_row][vc_column][vc_column_text]<\/p>\n<h2>1. Instrukcja obs\u0142ugi w j\u0119zyku polskim<\/h2>\n<p>[\/vc_column_text][vc_column_text]Instrukcja obs\u0142ugi do\u0142\u0105czona jest do ka\u017cdego egzemplarza, je\u017celi jednak chcesz si\u0119 z ni\u0105 zapozna\u0107 przed zakupem kliknij <a href=\"https:\/\/odplywy.com.pl\/old\/wp-content\/uploads\/2018\/11\/Instrukcja.pdf\" target=\"_blank\" rel=\"noopener noreferrer\">TUTAJ<\/a>.[\/vc_column_text][vc_empty_space height=&#8221;70px&#8221;][\/vc_column][\/vc_row][vc_row][vc_column][vc_column_text]<\/p>\n<h2>2.\u00a0Film monta\u017cowy<\/h2>\n<p>[\/vc_column_text][vc_column_text]Dla naszych Klient\u00f3w przygotowali\u015bmy szczeg\u00f3\u0142owy film instrukta\u017cowy.[\/vc_column_text][vc_empty_space height=&#8221;70px&#8221;][vc_video link=&#8221;https:\/\/youtu.be\/vRKqv1EzZ_8&#8243;][vc_empty_space height=&#8221;70px&#8221;][\/vc_column][\/vc_row][vc_row anchor=&#8221;faq&#8221;][vc_column][vc_column_text]<\/p>\n<h2>3. Najcz\u0119\u015bciej zadawane pytania<\/h2>\n<p>[\/vc_column_text][vc_empty_space][\/vc_column][\/vc_row][vc_row][vc_column][vc_toggle title=&#8221;Jak d\u0142ugo b\u0119d\u0119 czeka\u0107 na odp\u0142yw?&#8221; style=&#8221;square&#8221;]<a href=\"https:\/\/odplywy.com.pl\/old\/\">Odp\u0142ywy<\/a> mamy w naszym magazynie zlokalizowanym przy fabryce w Wyszkowie. Dlatego jeste\u015bmy w stanie wys\u0142a\u0107 odp\u0142yw tego samego dnia (je\u017celi zam\u00f3wienie z\u0142o\u017cone zosta\u0142o do godziny 12:00). <b>Dostawa nast\u0119pnego dnia roboczego<\/b>. Na odp\u0142yw w takim przypadku b\u0119dziesz czeka\u0107 oko\u0142o 24 godzin (dotyczy dni roboczych).[\/vc_toggle][vc_toggle title=&#8221;Gdzie produkowane s\u0105 odp\u0142ywy?&#8221; style=&#8221;square&#8221;]Odp\u0142ywy produkowane s\u0105 w Wyszkowie (woj. mazowieckie). Produkcja bazuje na stali nierdzewnej z polskich hut stali. Syfon u\u017cywany w naszych odp\u0142ywach, wykonany jest polipropylenu (trwa\u0142ego plastiku). Producentem syfonu jest brytyjska firma McAlpine \u2013 lider na rynku syfon\u00f3w.[\/vc_toggle][vc_toggle title=&#8221;Jak dba\u0107 o odp\u0142yw liniowy?&#8221; style=&#8221;square&#8221;]<img loading=\"lazy\" class=\"alignleft wp-image-8373\" src=\"https:\/\/odplywy.com.pl\/old\/wp-content\/uploads\/2018\/11\/szfoncyzsycyenie-2.gif\" alt=\"\" width=\"143\" height=\"124\" \/><a href=\"https:\/\/odplywy.com.pl\/old\/odplywy-liniowe\/\">Odp\u0142yw liniowy<\/a> mo\u017cemy czy\u015bci\u0107 szmatk\u0105 \u0142azienkow\u0105, u\u017cywan\u0105 do czyszczenia pozosta\u0142ych element\u00f3w kabiny prysznicowej. Koszyczek syfonu (miejsce gdzie b\u0119d\u0105 zbiera\u0107 si\u0119 wi\u0119ksze zanieczyszczenia) czyszczony jest \u201eod g\u00f3ry\u201d, co oznacza, \u017ce b\u0119dziemy mie\u0107 \u0142atwy dost\u0119p do niego i mo\u017cemy go przeczy\u015bci\u0107 bez u\u017cywania narz\u0119dzi.[\/vc_toggle][vc_toggle title=&#8221;Jak g\u0142\u0119boki musi by\u0107 otw\u00f3r w posadzce aby m\u00f3c zamontowa\u0107 odp\u0142yw liniowy?&#8221; style=&#8221;square&#8221;]Otw\u00f3r w posadzce, w miejscu gdzie umiejscowiony b\u0119dzie syfon, musi mie\u0107 minimum 82 mm. Jest to wysoko\u015b\u0107\/g\u0142\u0119boko\u015b\u0107 liczona od najni\u017cszego punktu syfonu do kraw\u0119dzi posadzki\/wylewki (bez u\u0142o\u017conych p\u0142ytek\/bez kleju).[\/vc_toggle][vc_toggle title=&#8221;Czy syfony wykonane z plastiku s\u0105 bezpieczne?&#8221; style=&#8221;square&#8221;]W dzisiejszych czasach wi\u0119kszo\u015b\u0107 kanalizacji (syfony i orurowanie) wykonana jest z polipropylenu (plastiku) odpornego na d\u0142ugotrwa\u0142e dzia\u0142anie \u015bciek\u00f3w. W praktyce okazuje si\u0119, \u017ce instalacje polipropylenowe s\u0105 trwalsze ni\u017c instalacje wykonane z niskiej jako\u015bci stali nierdzewnej. U\u017cywane przez nas syfony, produkowane s\u0105 przez lidera rynku europejskiego \u2013 firm\u0119 McAlpine. Firma ta produkuje syfony z tworzyw sztucznych od przesz\u0142o 100 lat.[\/vc_toggle][\/vc_column][\/vc_row]<\/p>\n","protected":false},"excerpt":{"rendered":"<p>[vc_row][vc_column][vc_empty_space height=&#8221;70px&#8221;][vc_column_text] Dla naszych Klient\u00f3w przygotowali\u015bmy materia\u0142y, kt\u00f3re pozwol\u0105 dokona\u0107 zakupu, ale tak\u017ce zamontowa\u0107 odp\u0142yw liniowy w \u0142azience. [\/vc_column_text][vc_empty_space height=&#8221;70px&#8221;][\/vc_column][\/vc_row][vc_row][vc_column][vc_column_text] 1. Instrukcja obs\u0142ugi w j\u0119zyku polskim [\/vc_column_text][vc_column_text]Instrukcja obs\u0142ugi do\u0142\u0105czona jest<\/p>\n","protected":false},"author":8,"featured_media":0,"parent":0,"menu_order":0,"comment_status":"closed","ping_status":"closed","template":"","meta":[],"_links":{"self":[{"href":"https:\/\/odplywy.com.pl\/old\/wp-json\/wp\/v2\/pages\/7990"}],"collection":[{"href":"https:\/\/odplywy.com.pl\/old\/wp-json\/wp\/v2\/pages"}],"about":[{"href":"https:\/\/odplywy.com.pl\/old\/wp-json\/wp\/v2\/types\/page"}],"author":[{"embeddable":true,"href":"https:\/\/odplywy.com.pl\/old\/wp-json\/wp\/v2\/users\/8"}],"replies":[{"embeddable":true,"href":"https:\/\/odplywy.com.pl\/old\/wp-json\/wp\/v2\/comments?post=7990"}],"version-history":[{"count":43,"href":"https:\/\/odplywy.com.pl\/old\/wp-json\/wp\/v2\/pages\/7990\/revisions"}],"predecessor-version":[{"id":11892,"href":"https:\/\/odplywy.com.pl\/old\/wp-json\/wp\/v2\/pages\/7990\/revisions\/11892"}],"wp:attachment":[{"href":"https:\/\/odplywy.com.pl\/old\/wp-json\/wp\/v2\/media?parent=7990"}],"curies":[{"name":"wp","href":"https:\/\/api.w.org\/{rel}","templated":true}]}}