{"id":8459,"date":"2018-11-25T22:21:25","date_gmt":"2018-11-25T21:21:25","guid":{"rendered":"https:\/\/odplywy.com.pl\/old\/?page_id=8459"},"modified":"2022-02-22T13:16:50","modified_gmt":"2022-02-22T12:16:50","slug":"zwroty","status":"publish","type":"page","link":"https:\/\/odplywy.com.pl\/old\/zwroty\/","title":{"rendered":"Zwroty"},"content":{"rendered":"\n<p>Konsument mo\u017ce zwr\u00f3ci\u0107 towar&nbsp;do 100 dni od daty dor\u0119czenia&nbsp;przesy\u0142ki przez kuriera. Aby dostarczy\u0107 nam zwracany towar ode\u015blij go na adres:<\/p>\n\n\n\n<p><strong>SASENA zwrot<\/strong><\/p>\n\n\n\n<p><strong>Lotnik\u00f3w 2<\/strong><\/p>\n\n\n\n<p><strong>07-201 Skuszew<\/strong><\/p>\n\n\n\n<p><strong>tel. (+48) 22 266 28 69<\/strong><\/p>\n\n\n\n<p><strong>kontakt@odplywy.com.pl<\/strong><\/p>\n\n\n\n<p>Uprzejmie prosimy o do\u0142\u0105czenie do zwracanego, kompletnego produktu, wype\u0142nionego formularza odst\u0105pienia od umowy sprzeda\u017cy oraz orygina\u0142u dowodu zakupu (wz\u00f3r poni\u017cej).<\/p>\n\n\n\n<p>_______________________________________________________________________________________________________________<\/p>\n\n\n\n<p><\/p>\n\n\n\n<p><\/p>\n\n\n\n<p>Data: \u2026\u2026\u2026\u2026\u2026\u2026\u2026\u2026\u2026<\/p>\n\n\n\n<p class=\"has-text-align-left\">Do:<\/p>\n\n\n\n<p class=\"has-text-align-left\">SASENA Marta Katner<\/p>\n\n\n\n<p class=\"has-text-align-left\">NIP: 7621131328<\/p>\n\n\n\n<p class=\"has-text-align-left\"><br><strong>ODST\u0104PIENIE OD UMOWY<\/strong><\/p>\n\n\n\n<p>&nbsp;Informuj\u0119 o odst\u0105pieniu od umowy dostawy nast\u0119puj\u0105cych produkt\u00f3w:<\/p>\n\n\n\n<p>\u2026\u2026\u2026\u2026\u2026\u2026\u2026\u2026\u2026\u2026\u2026\u2026\u2026\u2026\u2026\u2026\u2026\u2026\u2026\u2026\u2026\u2026\u2026\u2026\u2026\u2026\u2026\u2026\u2026\u2026\u2026\u2026\u2026\u2026\u2026\u2026\u2026\u2026\u2026\u2026\u2026\u2026\u2026\u2026\u2026\u2026\u2026\u2026\u2026\u2026\u2026\u2026\u2026\u2026\u2026\u2026<br><br>Data zawarcia umowy: \u00a0\u2026\u2026\u2026\u2026\u2026\u2026\u2026\u2026\u2026\u2026\u2026\u2026\u2026\u2026\u2026\u2026\u2026\u2026\u2026\u2026\u2026\u2026\u2026\u2026\u2026\u2026\u2026\u2026\u2026\u2026\u2026\u2026\u2026\u2026\u2026\u2026\u2026\u2026\u2026\u2026\u2026\u2026.<\/p>\n\n\n\n<p>Imi\u0119 i nazwisko konsumenta(-\u00f3w): \u2026\u2026\u2026\u2026\u2026\u2026\u2026\u2026\u2026\u2026\u2026\u2026\u2026\u2026\u2026\u2026\u2026\u2026\u2026\u2026\u2026\u2026\u2026\u2026\u2026\u2026\u2026\u2026\u2026\u2026\u2026\u2026\u2026\u2026\u2026<\/p>\n\n\n\n<p>Numer paragonu \/ faktury: \u2026\u2026\u2026\u2026.\u2026\u2026\u2026\u2026\u2026\u2026\u2026\u2026\u2026\u2026\u2026\u2026\u2026\u2026\u2026\u2026\u2026\u2026\u2026\u2026\u2026\u2026\u2026\u2026\u2026\u2026\u2026\u2026\u2026\u2026\u2026\u2026\u2026\u2026\u2026<\/p>\n\n\n\n<p>Warto\u015b\u0107 umowy w PLN (z paragonu\/faktury): \u2026\u2026\u2026\u2026\u2026\u2026\u2026\u2026\u2026\u2026\u2026\u2026\u2026\u2026\u2026\u2026\u2026\u2026\u2026\u2026\u2026\u2026\u2026\u2026\u2026\u2026\u2026\u2026\u2026.<\/p>\n\n\n\n<p>Numer telefonu: \u2026\u2026\u2026\u2026\u2026\u2026\u2026\u2026\u2026\u2026\u2026\u2026\u2026\u2026\u2026\u2026\u2026\u2026\u2026\u2026\u2026\u2026\u2026\u2026\u2026\u2026\u2026\u2026\u2026\u2026\u2026\u2026\u2026\u2026\u2026\u2026\u2026\u2026\u2026\u2026\u2026\u2026\u2026\u2026\u2026\u2026<\/p>\n\n\n\n<p>Numer rachunku bankowego: \u2026\u2026\u2026\u2026\u2026\u2026\u2026\u2026\u2026\u2026\u2026\u2026\u2026\u2026\u2026\u2026\u2026\u2026\u2026\u2026\u2026\u2026\u2026\u2026\u2026\u2026\u2026\u2026\u2026\u2026\u2026\u2026\u2026\u2026\u2026\u2026\u2026\u2026.<\/p>\n\n\n\n<p><strong>Towar odes\u0142a\u0142em\/odes\u0142a\u0142am na adres:<\/strong><\/p>\n\n\n\n<p>SASENA Marta Katner<\/p>\n\n\n\n<p>ul. Lotnik\u00f3w 2<\/p>\n\n\n\n<p>07-201 Skuszew<\/p>\n\n\n\n<p><strong>Do przesy\u0142ki za\u0142\u0105czy\u0142em\/za\u0142\u0105czy\u0142am orygina\u0142 dowodu zakupu.<\/strong><\/p>\n\n\n\n<p class=\"has-text-align-left\"><br>&#8230;&#8230;&#8230;&#8230;&#8230;&#8230;&#8230;&#8230;&#8230;&#8230;&#8230;&#8230;&#8230;&#8230;&#8230;&#8230;&#8230;.<br>Podpis<\/p>\n","protected":false},"excerpt":{"rendered":"<p>Konsument mo\u017ce zwr\u00f3ci\u0107 towar&nbsp;do 100 dni od daty dor\u0119czenia&nbsp;przesy\u0142ki przez kuriera. Aby dostarczy\u0107 nam zwracany towar ode\u015blij go na adres: SASENA zwrot Lotnik\u00f3w 2 07-201 Skuszew tel. (+48) 22 266<\/p>\n","protected":false},"author":8,"featured_media":0,"parent":0,"menu_order":0,"comment_status":"closed","ping_status":"closed","template":"","meta":[],"_links":{"self":[{"href":"https:\/\/odplywy.com.pl\/old\/wp-json\/wp\/v2\/pages\/8459"}],"collection":[{"href":"https:\/\/odplywy.com.pl\/old\/wp-json\/wp\/v2\/pages"}],"about":[{"href":"https:\/\/odplywy.com.pl\/old\/wp-json\/wp\/v2\/types\/page"}],"author":[{"embeddable":true,"href":"https:\/\/odplywy.com.pl\/old\/wp-json\/wp\/v2\/users\/8"}],"replies":[{"embeddable":true,"href":"https:\/\/odplywy.com.pl\/old\/wp-json\/wp\/v2\/comments?post=8459"}],"version-history":[{"count":9,"href":"https:\/\/odplywy.com.pl\/old\/wp-json\/wp\/v2\/pages\/8459\/revisions"}],"predecessor-version":[{"id":11921,"href":"https:\/\/odplywy.com.pl\/old\/wp-json\/wp\/v2\/pages\/8459\/revisions\/11921"}],"wp:attachment":[{"href":"https:\/\/odplywy.com.pl\/old\/wp-json\/wp\/v2\/media?parent=8459"}],"curies":[{"name":"wp","href":"https:\/\/api.w.org\/{rel}","templated":true}]}}