{"id":8465,"date":"2018-11-25T22:22:29","date_gmt":"2018-11-25T21:22:29","guid":{"rendered":"https:\/\/odplywy.com.pl\/old\/?page_id=8465"},"modified":"2022-02-22T08:00:49","modified_gmt":"2022-02-22T07:00:49","slug":"czas-realizacji","status":"publish","type":"page","link":"https:\/\/odplywy.com.pl\/old\/czas-realizacji\/","title":{"rendered":"Czas realizacji"},"content":{"rendered":"<p>[vc_row][vc_column][vc_column_text]<\/p>\n<h2 style=\"text-align: center;\">CZAS REALIZACJI<\/h2>\n<p>[\/vc_column_text][vc_single_image image=&#8221;9011&#8243; img_size=&#8221;medium&#8221; alignment=&#8221;center&#8221;][vc_empty_space][vc_column_text]Oferujemy ekspresow\u0105 dostaw\u0119 zam\u00f3wionych produkt\u00f3w. Jest to mo\u017cliwe poniewa\u017c jeste\u015bmy producentem i posiadamy du\u017cy, w\u0142asny magazyn.<\/p>\n<p>&nbsp;<\/p>\n<p>[\/vc_column_text][\/vc_column][\/vc_row][vc_row][vc_column][vc_column_text]Czas dostawy produktu do Klienta uzale\u017cniony jest od godziny w kt\u00f3rej zostanie z\u0142o\u017cone zam\u00f3wienie.[\/vc_column_text][vc_empty_space][vc_empty_space][\/vc_column][\/vc_row][vc_row][vc_column width=&#8221;1\/2&#8243;][vc_column_text]<\/p>\n<h3 style=\"text-align: center;\"><strong>Zam\u00f3wienia z\u0142o\u017cone do godziny 12:00.<\/strong><\/h3>\n<p>Zam\u00f3wienia wysy\u0142amy tego samego dnia, co oznacza \u017ce dostawa odb\u0119dzie si\u0119 nast\u0119pnego dnia roboczego (np. zam\u00f3wienie z\u0142o\u017cone we wtorek o godzinie 11:15, zostanie wys\u0142ane we wtorek i dostarczone we \u015brod\u0119)[\/vc_column_text][\/vc_column][vc_column width=&#8221;1\/2&#8243;][vc_column_text]<\/p>\n<h3 style=\"text-align: center;\"><strong>Zam\u00f3wienia z\u0142o\u017cone po godzinie 12:00<\/strong><\/h3>\n<p>Takie zam\u00f3wienia przeka\u017cemy kurierowi w nast\u0119pnym dniu roboczym. W takim przypadku dostawa zam\u00f3wionych produkt\u00f3w zajmie dwa dni robocze od z\u0142o\u017cenia zam\u00f3wienia (np. zam\u00f3wienie z\u0142o\u017cone we wtorek o 14:00, zostanie wys\u0142ane we \u015brod\u0119 i dostarczone we czwartek)[\/vc_column_text][\/vc_column][\/vc_row][vc_row][vc_column][vc_empty_space][vc_empty_space][vc_zigzag][\/vc_column][\/vc_row][vc_row][vc_column][vc_column_text]Oferowane na stronie produkty dostarcza firma DPD. Podane powy\u017cej czasy dostawy dotycz\u0105 99,9% przypadk\u00f3w. Te pozosta\u0142e 0,01% zwi\u0105zane jest z sytuacjami losowymi, kt\u00f3re zdarzaj\u0105 si\u0119 bardzo rzadko.[\/vc_column_text][\/vc_column][\/vc_row]<\/p>\n","protected":false},"excerpt":{"rendered":"<p>[vc_row][vc_column][vc_column_text] CZAS REALIZACJI [\/vc_column_text][vc_single_image image=&#8221;9011&#8243; img_size=&#8221;medium&#8221; alignment=&#8221;center&#8221;][vc_empty_space][vc_column_text]Oferujemy ekspresow\u0105 dostaw\u0119 zam\u00f3wionych produkt\u00f3w. Jest to mo\u017cliwe poniewa\u017c jeste\u015bmy producentem i posiadamy du\u017cy, w\u0142asny magazyn. &nbsp; [\/vc_column_text][\/vc_column][\/vc_row][vc_row][vc_column][vc_column_text]Czas dostawy produktu do Klienta uzale\u017cniony jest<\/p>\n","protected":false},"author":8,"featured_media":0,"parent":0,"menu_order":0,"comment_status":"closed","ping_status":"closed","template":"","meta":[],"_links":{"self":[{"href":"https:\/\/odplywy.com.pl\/old\/wp-json\/wp\/v2\/pages\/8465"}],"collection":[{"href":"https:\/\/odplywy.com.pl\/old\/wp-json\/wp\/v2\/pages"}],"about":[{"href":"https:\/\/odplywy.com.pl\/old\/wp-json\/wp\/v2\/types\/page"}],"author":[{"embeddable":true,"href":"https:\/\/odplywy.com.pl\/old\/wp-json\/wp\/v2\/users\/8"}],"replies":[{"embeddable":true,"href":"https:\/\/odplywy.com.pl\/old\/wp-json\/wp\/v2\/comments?post=8465"}],"version-history":[{"count":11,"href":"https:\/\/odplywy.com.pl\/old\/wp-json\/wp\/v2\/pages\/8465\/revisions"}],"predecessor-version":[{"id":11891,"href":"https:\/\/odplywy.com.pl\/old\/wp-json\/wp\/v2\/pages\/8465\/revisions\/11891"}],"wp:attachment":[{"href":"https:\/\/odplywy.com.pl\/old\/wp-json\/wp\/v2\/media?parent=8465"}],"curies":[{"name":"wp","href":"https:\/\/api.w.org\/{rel}","templated":true}]}}