{"id":8486,"date":"2018-11-25T22:51:03","date_gmt":"2018-11-25T21:51:03","guid":{"rendered":"https:\/\/odplywy.com.pl\/old\/?page_id=8486"},"modified":"2021-02-23T10:52:08","modified_gmt":"2021-02-23T09:52:08","slug":"wspolpraca","status":"publish","type":"page","link":"https:\/\/odplywy.com.pl\/old\/wspolpraca\/","title":{"rendered":"Wsp\u00f3\u0142praca"},"content":{"rendered":"<p>[vc_row full_width=&#8221;stretch_row&#8221; content_width=&#8221;grid&#8221; css=&#8221;.vc_custom_1597992351564{background-color: #fafafa !important;}&#8221;][vc_column css=&#8221;.vc_custom_1543184762335{padding-top: 50px !important;padding-bottom: 50px !important;}&#8221;][vc_column_text]<\/p>\n<h2>W ofercie znajda Pa\u0144stwo:<\/h2>\n<p><a href=\"https:\/\/odplywy.com.pl\/old\/odplywy-liniowe\/\">odp\u0142ywy liniowe<\/a> oraz <a href=\"https:\/\/odplywy.com.pl\/old\/odplywy-punktowe\/\">odp\u0142ywy punktowe<\/a> produkowane w naszej fabryce w Wyszkowie. Produkujemy z najwy\u017cszej jako\u015bci certyfikowanej stali nierdzewnej. Nasze produkty s\u0105 cenione przez architekt\u00f3w za estetyczny wygl\u0105d, przez instalator\u00f3w za \u0142atwy monta\u017c, oraz przez u\u017cytkownik\u00f3w za komfort u\u017cytkowania. <strong>Jeste\u015bmy zainteresowani poszerzaniem wsp\u00f3\u0142pracy w zakresie dystrybucji i oferowania naszych produkt\u00f3w<\/strong>.[\/vc_column_text][\/vc_column][\/vc_row][vc_row row_type=&#8221;parallax&#8221; content_width=&#8221;grid&#8221; full_screen_section_height=&#8221;no&#8221;][vc_column width=&#8221;1\/3&#8243; css=&#8221;.vc_custom_1543184881022{padding-top: 50px !important;padding-bottom: 50px !important;}&#8221; el_class=&#8221;wspolpraca-left&#8221;][vc_single_image image=&#8221;8518&#8243; img_size=&#8221;full&#8221;][\/vc_column][vc_column width=&#8221;2\/3&#8243;][vc_empty_space height=&#8221;50px&#8221;][vc_column_text el_class=&#8221;justify&#8221;]<\/p>\n<h3>Jeste\u015bmy w stanie dostosowa\u0107 produkty do Pa\u0144stwa potrzeb, np.:<\/h3>\n<p>a) Dostosowa\u0107 syfon do konkretnych potrzeb. Opr\u00f3cz rozwi\u0105za\u0144 McAlpine mamy w swoim asortymencie rozwi\u0105zania innych firm<br \/>\nb) Zaprojektowa\u0107 dowolny wz\u00f3r maskownicy\/rusztu, np. na podstawie logo firmy<br \/>\nc) Umie\u015bci\u0107 Pa\u0144stwa LOGO na produkcie i opakowaniu<br \/>\nd) Do\u0142o\u017cy\u0107\/odj\u0105\u0107 poszczeg\u00f3lne komponenty zestawu[\/vc_column_text][\/vc_column][\/vc_row][vc_row full_width=&#8221;stretch_row&#8221; content_width=&#8221;grid&#8221; css=&#8221;.vc_custom_1597992357848{background-color: #fafafa !important;}&#8221;][vc_column css=&#8221;.vc_custom_1543184769764{padding-top: 50px !important;padding-bottom: 50px !important;}&#8221;][vc_column_text]<\/p>\n<h3>Naszym kontrahentom oferujemy rynkowe mar\u017ce, sta\u0142e dostawy i gwarancj\u0119 zadowolonego Klienta<\/h3>\n<h4>Do tej pory zaufa\u0142y nam:<\/h4>\n<ul>\n<li>hurtownie z Polski, Niemiec, Czech, S\u0142owacji, Ukrainy<\/li>\n<li>sklepy stacjonarne i internetowe, te du\u017ce i te mniejsze<\/li>\n<li>biura architektoniczne<\/li>\n<li>firmy instalacyjne<\/li>\n<li>hotele<\/li>\n<li>sp\u00f3\u0142dzielnie mieszkaniowe<\/li>\n<\/ul>\n<p>[\/vc_column_text][\/vc_column][\/vc_row][vc_row content_width=&#8221;grid&#8221; el_class=&#8221;wspolpraca&#8221;][vc_column parallax=&#8221;content-moving-fade&#8221; parallax_speed_bg=&#8221;&#8221; css=&#8221;.vc_custom_1597992424380{padding-top: 50px !important;padding-bottom: 50px !important;background-color: rgba(255,255,255,0.8) !important;*background-color: rgb(255,255,255) !important;}&#8221;][vc_column_text]<\/p>\n<h3 style=\"text-align: center;\">Liczba wyprodukowanych przez nas odp\u0142yw\u00f3w przekroczy\u0142a ju\u017c 80 000 sztuk<\/h3>\n<h4 style=\"text-align: center;\">Zapytaj o ofert\u0119 wsp\u00f3\u0142pracy u\u017cywaj\u0105c formularza kontaktowego,<br \/>\npisz\u0105c na adres <a href=\"mailto:hurt@odplywy.com.pl\">hurt@odplywy.com.pl<\/a><br \/>\nlub dzwoni\u0105c na numer telefonu <a href=\"tel:577506207\">577\u00a0506 207<\/a><\/h4>\n<p>[\/vc_column_text][\/vc_column][\/vc_row]<\/p>\n","protected":false},"excerpt":{"rendered":"<p>[vc_row full_width=&#8221;stretch_row&#8221; content_width=&#8221;grid&#8221; css=&#8221;.vc_custom_1597992351564{background-color: #fafafa !important;}&#8221;][vc_column css=&#8221;.vc_custom_1543184762335{padding-top: 50px !important;padding-bottom: 50px !important;}&#8221;][vc_column_text] W ofercie znajda Pa\u0144stwo: odp\u0142ywy liniowe oraz odp\u0142ywy punktowe produkowane w naszej fabryce w Wyszkowie. Produkujemy z najwy\u017cszej jako\u015bci<\/p>\n","protected":false},"author":8,"featured_media":0,"parent":0,"menu_order":0,"comment_status":"closed","ping_status":"closed","template":"template-page-centered-fullwidth.php","meta":[],"_links":{"self":[{"href":"https:\/\/odplywy.com.pl\/old\/wp-json\/wp\/v2\/pages\/8486"}],"collection":[{"href":"https:\/\/odplywy.com.pl\/old\/wp-json\/wp\/v2\/pages"}],"about":[{"href":"https:\/\/odplywy.com.pl\/old\/wp-json\/wp\/v2\/types\/page"}],"author":[{"embeddable":true,"href":"https:\/\/odplywy.com.pl\/old\/wp-json\/wp\/v2\/users\/8"}],"replies":[{"embeddable":true,"href":"https:\/\/odplywy.com.pl\/old\/wp-json\/wp\/v2\/comments?post=8486"}],"version-history":[{"count":42,"href":"https:\/\/odplywy.com.pl\/old\/wp-json\/wp\/v2\/pages\/8486\/revisions"}],"predecessor-version":[{"id":10361,"href":"https:\/\/odplywy.com.pl\/old\/wp-json\/wp\/v2\/pages\/8486\/revisions\/10361"}],"wp:attachment":[{"href":"https:\/\/odplywy.com.pl\/old\/wp-json\/wp\/v2\/media?parent=8486"}],"curies":[{"name":"wp","href":"https:\/\/api.w.org\/{rel}","templated":true}]}}