{"id":8997,"date":"2019-02-01T15:03:38","date_gmt":"2019-02-01T14:03:38","guid":{"rendered":"https:\/\/odplywy.com.pl\/old\/?page_id=8997"},"modified":"2020-08-21T08:56:13","modified_gmt":"2020-08-21T06:56:13","slug":"koszt-dostawy","status":"publish","type":"page","link":"https:\/\/odplywy.com.pl\/old\/koszt-dostawy\/","title":{"rendered":"Koszt dostawy"},"content":{"rendered":"<p>[vc_row][vc_column][vc_single_image image=&#8221;9008&#8243; img_size=&#8221;large&#8221; alignment=&#8221;center&#8221;][vc_empty_space][\/vc_column][\/vc_row][vc_row][vc_column][vc_empty_space][vc_column_text]<\/p>\n<h3>Zam\u00f3wienia na kwot\u0119 powy\u017cej 250 PLN<\/h3>\n<p>Oferujemy bezp\u0142atn\u0105 dostaw\u0119 dla zam\u00f3wie\u0144 powy\u017cej <strong>250 PLN<\/strong> brutto. Je\u017celi Twoje zam\u00f3wienie przewy\u017csza kwote 250 PLN, to w takim przypadku to my pokryjemy koszt kuriera zwi\u0105zany z dostaw\u0105.<\/p>\n<p>Nie ma znaczenia jak\u0105 form\u0119 p\u0142atno\u015bci wybierzesz (pobranie, szybkie p\u0142atno\u015bci online, przelew tradycyjny) zawsze dostawa b\u0119dzie dla Ciebie bezp\u0142atna.[\/vc_column_text][vc_empty_space][\/vc_column][\/vc_row][vc_row][vc_column][vc_empty_space][vc_column_text]<\/p>\n<h3>Zam\u00f3wienia na kwot\u0119 250 PLN i poni\u017cej tej kwoty<\/h3>\n<p>W takich przypadkach doliczymy do zam\u00f3wienia koszt dostawy kt\u00f3ry wynosi 16 PLN brutto. Koszt ten pojawi si\u0119 w podsumowaniu Twoich zakup\u00f3w.[\/vc_column_text][vc_empty_space][vc_empty_space][vc_empty_space][\/vc_column][\/vc_row]<\/p>\n","protected":false},"excerpt":{"rendered":"<p>[vc_row][vc_column][vc_single_image image=&#8221;9008&#8243; img_size=&#8221;large&#8221; alignment=&#8221;center&#8221;][vc_empty_space][\/vc_column][\/vc_row][vc_row][vc_column][vc_empty_space][vc_column_text] Zam\u00f3wienia na kwot\u0119 powy\u017cej 250 PLN Oferujemy bezp\u0142atn\u0105 dostaw\u0119 dla zam\u00f3wie\u0144 powy\u017cej 250 PLN brutto. Je\u017celi Twoje zam\u00f3wienie przewy\u017csza kwote 250 PLN, to w takim przypadku<\/p>\n","protected":false},"author":8,"featured_media":0,"parent":0,"menu_order":0,"comment_status":"closed","ping_status":"closed","template":"","meta":[],"_links":{"self":[{"href":"https:\/\/odplywy.com.pl\/old\/wp-json\/wp\/v2\/pages\/8997"}],"collection":[{"href":"https:\/\/odplywy.com.pl\/old\/wp-json\/wp\/v2\/pages"}],"about":[{"href":"https:\/\/odplywy.com.pl\/old\/wp-json\/wp\/v2\/types\/page"}],"author":[{"embeddable":true,"href":"https:\/\/odplywy.com.pl\/old\/wp-json\/wp\/v2\/users\/8"}],"replies":[{"embeddable":true,"href":"https:\/\/odplywy.com.pl\/old\/wp-json\/wp\/v2\/comments?post=8997"}],"version-history":[{"count":10,"href":"https:\/\/odplywy.com.pl\/old\/wp-json\/wp\/v2\/pages\/8997\/revisions"}],"predecessor-version":[{"id":9916,"href":"https:\/\/odplywy.com.pl\/old\/wp-json\/wp\/v2\/pages\/8997\/revisions\/9916"}],"wp:attachment":[{"href":"https:\/\/odplywy.com.pl\/old\/wp-json\/wp\/v2\/media?parent=8997"}],"curies":[{"name":"wp","href":"https:\/\/api.w.org\/{rel}","templated":true}]}}