{"id":10551,"date":"2021-04-20T12:31:32","date_gmt":"2021-04-20T10:31:32","guid":{"rendered":"https:\/\/odplywy.com.pl\/old\/?post_type=product&#038;p=10551"},"modified":"2023-06-23T13:01:09","modified_gmt":"2023-06-23T11:01:09","slug":"odplyw-liniowy-waterway-premium-niski-wzor-built-in-pod-plytke","status":"publish","type":"product","link":"https:\/\/odplywy.com.pl\/old\/odplyw-liniowy-waterway-premium-niski-wzor-built-in-pod-plytke\/","title":{"rendered":"Odp\u0142yw liniowy Waterway Premium Niski, wz\u00f3r Built-In (pod p\u0142ytk\u0119)"},"content":{"rendered":"<p>[vc_row][vc_column][vc_empty_space][vc_single_image image=&#8221;11887&#8243; img_size=&#8221;full&#8221;][\/vc_column][\/vc_row][vc_row][vc_column][vc_empty_space][vc_column_text]<\/p>\n<h2 style=\"font-size: medium; font-weight: bold;\">Elegancki i ponadczasowy design niskiego odp\u0142ywu liniowego<\/h2>\n<p>[\/vc_column_text][vc_empty_space height=&#8221;15px&#8221;][\/vc_column][\/vc_row][vc_row][vc_column width=&#8221;1\/3&#8243;][vc_column_text]<strong>Niski odp\u0142yw liniowy Waterway Premium polecany jest do \u0142azienek, w kt\u00f3rych liczy si\u0119 elegancki wygl\u0105d, najwy\u017csza jako\u015b\u0107 wyko\u0144czenia, a tak\u017ce funkcjonalno\u015b\u0107.<\/strong> Ka\u017cdy odp\u0142yw wykonany zosta\u0142 z dba\u0142o\u015bci\u0105 o najdrobniejszy szczeg\u00f3\u0142. Do produkcji wykorzystujemy stal nierdzewn\u0105 najwy\u017cszej jako\u015bci. Stal delikatnie szczotkowana doda ka\u017cdej \u0142azience elegancji i stylu.<\/p>\n<p>Odp\u0142ywy Waterway Premium produkowane s\u0105 w naszej fabryce od podstaw, a ka\u017cdy odp\u0142yw przechodzi szczeg\u00f3\u0142owy proces kontroli. Minimalna g\u0142\u0119boko\u015b\u0107 zabudowy tego odp\u0142ywu to 6,2 cm. Zapoznaj si\u0119 r\u00f3wnie\u017c z innymi <a href=\"https:\/\/odplywy.com.pl\/old\/odplywy-liniowe\/\">odp\u0142ywami liniowymi<\/a> w ofercie!<\/p>\n<p>Model ten jest r\u00f3wnie\u017c dost\u0119pny w wersji wy\u017cszej, min 8,1 cm oraz z syfonem na boku.[\/vc_column_text][\/vc_column][vc_column width=&#8221;2\/3&#8243;][vc_empty_space height=&#8221;10px&#8221;][vc_single_image image=&#8221;10485&#8243; img_size=&#8221;full&#8221;][\/vc_column][\/vc_row][vc_row][vc_column][vc_empty_space][vc_empty_space][vc_column_text]<\/p>\n<h3 style=\"text-align: center;\">Kompletny zestaw monta\u017cowy<\/h3>\n<p>[\/vc_column_text][vc_empty_space height=&#8221;5px&#8221;][\/vc_column][\/vc_row][vc_row][vc_column width=&#8221;1\/3&#8243;][vc_column_text]<\/p>\n<ul>\n<li>koryto<\/li>\n<li>maskownica\/ruszt<\/li>\n<li>syfon Smart Pipe (Niski)<\/li>\n<li>stopki monta\u017cowe<\/li>\n<li>mankiet uszczelniaj\u0105cy<\/li>\n<li>za\u015blepka monta\u017cowa, kt\u00f3ra zabezpiecza koryto przed zabrudzeniami w czasie remontu<\/li>\n<li>haczyk do podnoszenia maskownicy<\/li>\n<li>instrukcja monta\u017cu<\/li>\n<\/ul>\n<p>[\/vc_column_text][\/vc_column][vc_column width=&#8221;2\/3&#8243;][vc_empty_space height=&#8221;10px&#8221;][vc_single_image image=&#8221;10554&#8243; img_size=&#8221;full&#8221;][vc_empty_space][\/vc_column][\/vc_row][vc_row][vc_column][vc_empty_space][vc_column_text]<\/p>\n<h3 style=\"text-align: center;\">Wysokiej jako\u015bci stal nierdzewna<\/h3>\n<p>[\/vc_column_text][vc_empty_space height=&#8221;15px&#8221;][\/vc_column][\/vc_row][vc_row][vc_column width=&#8221;1\/3&#8243;][vc_column_text]<\/p>\n<p><strong>Stal nierdzewna stosowana do produkcji odp\u0142yw\u00f3w Waterway, pochodzi z europejskich hut stali<\/strong> (Niemcy, W\u0142ochy). Ka\u017cda partia stali posiada sw\u00f3j certyfikat, przez co mamy pewno\u015b\u0107 \u017ce jest to <strong>stal wysokiej jako\u015bci<\/strong>. Do produkcji odp\u0142yw\u00f3w od lat stosujemy ten sam gatunek stali, dzi\u0119ki czemu jeste\u015bmy pewnie, \u017ce przez lata zachowa sw\u00f3j wygl\u0105d.<\/p>\n<p>[\/vc_column_text][\/vc_column][vc_column width=&#8221;2\/3&#8243;][vc_single_image image=&#8221;10449&#8243; img_size=&#8221;full&#8221;][vc_empty_space][\/vc_column][\/vc_row][vc_row][vc_column][vc_empty_space][vc_column_text]<\/p>\n<h3 style=\"text-align: center;\">Produkujemy w Polsce<\/h3>\n<p>[\/vc_column_text][vc_empty_space height=&#8221;15px&#8221;][\/vc_column][\/vc_row][vc_row][vc_column width=&#8221;1\/3&#8243;][vc_column_text]<\/p>\n<p><strong>Niski odp\u0142yw liniowy Waterway produkowany\u00a0jest w naszej fabryce zlokalizowanej w Wyszkowie<\/strong>. Odp\u0142ywy produkujemy ju\u017c od 12 lat, a ka\u017cdego roku nasze produkty s\u0105 instalowane w oko\u0142o 10 000 \u0142azienek w ca\u0142ej Europie. Produkujemy zar\u00f3wno na bardzo wymagaj\u0105ce rynki Europy Zachodniej, gdzie Klient ma ogromny wyb\u00f3r zachodnich marek, ale tak\u017ce na rynek Polski, Czech czy S\u0142owacji. Nasz sukces to jako\u015b\u0107 i niezawodno\u015b\u0107 produktu. <em>Dbamy o ka\u017cdy detal produkowanych odp\u0142yw\u00f3w.<\/em> Ka\u017cdy pojedynczy odp\u0142yw, przed zapakowaniem przechodzi przez <strong>szczeg\u00f3\u0142owy proces kontroli<\/strong> tak, aby zapewni\u0107 najwy\u017csz\u0105 jako\u015b\u0107 i funkcjonalno\u015b\u0107.<\/p>\n<p>[\/vc_column_text][\/vc_column][vc_column width=&#8221;2\/3&#8243;][vc_empty_space height=&#8221;10px&#8221;][vc_single_image image=&#8221;10365&#8243; img_size=&#8221;full&#8221;][\/vc_column][\/vc_row][vc_row][vc_column][vc_empty_space][vc_empty_space][vc_column_text]<\/p>\n<h3 style=\"text-align: center;\">Precyzyjny i wygodny monta\u017c<\/h3>\n<p>[\/vc_column_text][vc_empty_space height=&#8221;15px&#8221;][\/vc_column][\/vc_row][vc_row][vc_column width=&#8221;1\/3&#8243;][vc_column_text el_class=&#8221;lista&#8221;]<\/p>\n<ul>\n<li><strong>Kompletny zestaw<\/strong>, wszystko co niezb\u0119dne do wygodnego, bezpiecznego i czystego monta\u017cu.<\/li>\n<li>Syfon umo\u017cliwia <strong>regulacje k\u0105ta pod\u0142\u0105czenia<\/strong> instalacji. Regulacja 270 stopni (nie mo\u017cna po\u0142\u0105czy\u0107 syfonu r\u00f3wnolegle do odp\u0142ywu).<\/li>\n<li><strong>N\u00f3\u017cki poziomuj\u0105ce<\/strong>, daj\u0105ce mo\u017cliwo\u015b\u0107 precyzyjnego ustawienia odp\u0142ywu, wysoko\u015b\u0107 od 6,2 cm do 9,2 cm- w zale\u017cno\u015bci od potrzeb instalacyjnych.<\/li>\n<li><strong>Membrana uszczelniaj\u0105ca<\/strong> (mankiet uszczelniaj\u0105cy) z w\u0142\u00f3kna polietylenowego zapewniaj\u0105cy ca\u0142kowit\u0105 wodoszczelno\u015b\u0107 w newralgicznym miejscu, na styku odp\u0142ywu i wylewki.<\/li>\n<\/ul>\n<p>[\/vc_column_text][\/vc_column][vc_column width=&#8221;2\/3&#8243;][vc_single_image image=&#8221;12212&#8243; img_size=&#8221;full&#8221;][\/vc_column][\/vc_row][vc_row][vc_column][vc_empty_space][vc_column_text]<\/p>\n<h3 style=\"text-align: center;\">Komfort na co dzie\u0144<\/h3>\n<p>[\/vc_column_text][vc_empty_space height=&#8221;15px&#8221;][\/vc_column][\/vc_row][vc_row][vc_column width=&#8221;1\/3&#8243;][vc_column_text el_class=&#8221;lista&#8221;]<\/p>\n<ul>\n<li>Zar\u00f3wno elementy wystawione na codzienne ogl\u0105danie, jak i wewn\u0119trzne \u0142\u0105czenia, s\u0105<strong> idealnie wyko\u0144czone, g\u0142adkie i szczelne<\/strong>, dzi\u0119ki czemu mo\u017cna w wygodny spos\u00f3b dba\u0107 o czysto\u015b\u0107 i higien\u0119<\/li>\n<li>Czyszczenie syfonu \u2013 <strong>niezwykle prosty spos\u00f3b czyszczenia<\/strong>, wystarczy podnie\u015b\u0107 maskownic\u0119\/ruszt i wyj\u0105\u0107 sitko z syfonu, wyczy\u015bci\u0107 i od\u0142o\u017cy\u0107.<\/li>\n<li>Stabilno\u015b\u0107 i cisza- maskownice\/ruszty <strong>posiadaj\u0105 dystanse t\u0142umi\u0105ce<\/strong>, dzi\u0119ki czemu maskownica\/ruszt nie ha\u0142asuje i zawsze pozostaje dok\u0142adnie w tym miejscu, w kt\u00f3rym powinna by\u0107, zachowuj\u0105c idealne oddalenie od kraw\u0119dzi koryta, dzi\u0119ki temu odbi\u00f3r wody jest zawsze prawid\u0142owy.<\/li>\n<\/ul>\n<p>[\/vc_column_text][\/vc_column][vc_column width=&#8221;2\/3&#8243;][vc_single_image image=&#8221;10550&#8243; img_size=&#8221;full&#8221;][vc_empty_space][\/vc_column][\/vc_row][vc_row][vc_column][vc_empty_space][vc_column_text]<\/p>\n<h3 style=\"text-align: center;\">Jak prosto i profesjonalnie zmontowa\u0107 odp\u0142yw liniowy WATERWAY<\/h3>\n<p>[\/vc_column_text][vc_video link=&#8221;https:\/\/youtu.be\/sudnbW-xsDQ&#8221;][\/vc_column][\/vc_row][vc_row][vc_column][vc_empty_space][vc_empty_space][vc_column_text]<\/p>\n<h3 style=\"text-align: center;\">Bezp\u0142atna i szybka dostawa<\/h3>\n<p>[\/vc_column_text][vc_column_text]<span style=\"color: #000000;\">Zam\u00f3wienia z\u0142o\u017cone do 12:00 w dni robocze, dostarczamy nast\u0119pnego dnia.<\/span>[\/vc_column_text][vc_empty_space height=&#8221;15px&#8221;][vc_single_image image=&#8221;10323&#8243; img_size=&#8221;full&#8221;][\/vc_column][\/vc_row][vc_row][vc_column][vc_empty_space][vc_empty_space][vc_column_text]<\/p>\n<h3 style=\"text-align: center;\">Niski odp\u0142yw liniowy Waterway Premium daje mo\u017cliwo\u015b\u0107 dopasowania maskownicy do ka\u017cdego stylu<\/h3>\n<p>[\/vc_column_text][\/vc_column][\/vc_row][vc_row][vc_column width=&#8221;1\/6&#8243;][vc_empty_space height=&#8221;25px&#8221;][vc_single_image image=&#8221;10461&#8243; onclick=&#8221;custom_link&#8221; link=&#8221;https:\/\/odplywy.com.pl\/old\/odplyw-liniowy-waterway-premium-niski-wzor-built-in-pod-plytke\/&#8221;][\/vc_column][vc_column width=&#8221;1\/6&#8243;][vc_empty_space height=&#8221;25px&#8221;][vc_single_image image=&#8221;10458&#8243; onclick=&#8221;custom_link&#8221; link=&#8221;https:\/\/odplywy.com.pl\/old\/odplyw-liniowy-waterway-premium-niski-wzor-prestige-steel\/&#8221;][\/vc_column][vc_column width=&#8221;1\/6&#8243;][vc_empty_space height=&#8221;25px&#8221;][vc_single_image image=&#8221;10465&#8243; onclick=&#8221;custom_link&#8221; link=&#8221;https:\/\/odplywy.com.pl\/old\/odplyw-liniowy-waterway-premium-niski-wzor-triangle\/&#8221;][\/vc_column][vc_column width=&#8221;1\/6&#8243;][vc_empty_space height=&#8221;25px&#8221;][vc_single_image image=&#8221;10464&#8243; onclick=&#8221;custom_link&#8221; link=&#8221;https:\/\/odplywy.com.pl\/old\/odplyw-liniowy-waterway-premium-niski-wzor-symetric\/&#8221;][\/vc_column][vc_column width=&#8221;1\/6&#8243;][vc_empty_space height=&#8221;25px&#8221;][vc_single_image image=&#8221;10462&#8243; onclick=&#8221;custom_link&#8221; link=&#8221;https:\/\/odplywy.com.pl\/old\/odplyw-liniowy-waterway-premium-niski-wzor-circle\/&#8221;][\/vc_column][vc_column width=&#8221;1\/6&#8243;][vc_empty_space height=&#8221;25px&#8221;][vc_single_image image=&#8221;10463&#8243; onclick=&#8221;custom_link&#8221; link=&#8221;https:\/\/odplywy.com.pl\/old\/odplyw-liniowy-waterway-premium-niski-wzor-ocean\/&#8221;][vc_empty_space][\/vc_column][\/vc_row][vc_row][vc_column][vc_empty_space][vc_column_text]<\/p>\n<h3 style=\"text-align: center;\">Wymiary &#8211; rysunek techniczny<\/h3>\n<p>[\/vc_column_text][vc_empty_space height=&#8221;15px&#8221;][\/vc_column][\/vc_row][vc_row][vc_column][vc_single_image image=&#8221;10543&#8243; img_size=&#8221;full&#8221;][vc_empty_space height=&#8221;15px&#8221;][\/vc_column][\/vc_row][vc_row][vc_column][vc_empty_space][vc_column_text]<\/p>\n<h3 style=\"text-align: center;\">Zobacz inne odp\u0142ywy Waterway<\/h3>\n<p>[\/vc_column_text][vc_empty_space height=&#8221;15px&#8221;][\/vc_column][\/vc_row][vc_row][vc_column][vc_single_image image=&#8221;12242&#8243; img_size=&#8221;full&#8221;][vc_empty_space height=&#8221;15px&#8221;][\/vc_column][\/vc_row][vc_row][vc_column][vc_empty_space][vc_column_text]<\/p>\n<h3 style=\"text-align: center;\">Podstawowe parametry<\/h3>\n<p>[\/vc_column_text][vc_empty_space height=&#8221;15px&#8221;][vc_raw_html]JTNDdGFibGUlM0UlMEElM0N0ciUzRSUwQSUzQ3RkJTNFTWF0ZXJpYSVDNSU4MiUyMGklMjBwb2Nob2R6ZW5pZSUzQyUyRnRkJTNFJTBBJTNDdGQlM0VTdGFsJTIwbmllcmR6ZXduYSUyMGNlcnR5Zmlrb3dhbmElMjAxLjQ1MDklMjAlMjhBSVNJNDQxJTI5JTNDJTJGdGQlM0UlMEElMEElM0MlMkZ0ciUzRSUwQSUwQSUzQ3RyJTNFJTBBJTNDdGQlM0VEb3N0JUM0JTk5cG5lJTIwZCVDNSU4MnVnbyVDNSU5QmNpJTNDJTJGdGQlM0UlMEElM0N0ZCUzRTUwJTIwY20lMjAlN0MlMjA2MCUyMGNtJTIwJTdDJTIwNjAlMjBjbSUyMCU3QyUyMDcwJTIwY20lMjAlN0MlMjA4MCUyMGNtJTIwJTdDJTIwOTAlMjBjbSUyMCU3QyUyMDEwMCUyMGNtJTIwJTdDJTIwMTEwJTIwY20lMjAlN0MlMjAxMjAlMjBjbSUzQyUyRnRkJTNFJTBBJTBBJTBBJTNDJTJGdHIlM0UlMEElMEElM0N0ciUzRSUwQSUzQ3RkJTNFU3plcm9rbyVDNSU5QiVDNCU4NyUyMHBva3J5d3klMEElM0MlMkZ0ZCUzRSUwQSUzQ3RkJTNFNzZtbSUzQyUyRnRkJTNFJTBBJTBBJTNDJTJGdHIlM0UlMEElMEElM0N0ciUzRSUwQSUzQ3RkJTNFWmFzeWZvbm93YW5pZSUwQSUzQyUyRnRkJTNFJTBBJTNDdGQlM0VTbWFydCUyMFBpcGUlMjAlMjhOaXNraSUyOSUyMGN6eXN6Y3pvbnklMjBvZCUyMGclQzMlQjNyeSUzQyUyRnRkJTNFJTBBJTBBJTNDJTJGdHIlM0UlMEElMEElM0N0ciUzRSUwQSUzQ3RkJTNFT2RlaiVDNSU5QmNpZSUyMHdvZHklMEElM0MlMkZ0ZCUzRSUwQSUzQ3RkJTNFRE4lMjA0MCUzQyUyRnRkJTNFJTBBJTBBJTNDJTJGdHIlM0UlMEElMEElM0N0ciUzRSUwQSUzQ3RkJTNFUHJ6ZXB1c3Rvd28lQzUlOUIlQzQlODclMEElM0MlMkZ0ZCUzRSUwQSUzQ3RkJTNFMzYlMjBsJTJGbWluLiUzQyUyRnRkJTNFJTBBJTBBJTNDJTJGdHIlM0UlMEElMEElMEElM0N0ciUzRSUwQSUzQ3RkJTNFJTBBS2xhc2ElMjBvYmNpJUM0JTg1JUM1JUJDZW5pYSUwQSUzQyUyRnRkJTNFJTBBJTNDdGQlM0VLMyUzQyUyRnRkJTNFJTBBJTBBJTNDJTJGdHIlM0UlMEElMEElMEElM0N0ciUzRSUwQSUzQ3RkJTNFV3lzb2tvJUM1JTlCJUM0JTg3JTIwb2RwJUM1JTgyeXd1JTBBJTNDJTJGdGQlM0UlMEElM0N0ZCUzRVpha3JlcyUyMHJlZ3VsYWNqaSUyMDYyJTIwbW0lMjAlRTIlODAlOTMlMjA5MiUyMG1tJTNDJTJGdGQlM0UlMEElMEElM0MlMkZ0ciUzRSUwQSUwQSUwQSUzQ3RyJTNFJTBBJTNDdGQlM0VOb3JtYSUyMHd5cm9idSUwQSUzQyUyRnRkJTNFJTBBJTNDdGQlM0VQTi1FTiUyMDEyNTMtMSUzQTIwMTUlM0MlMkZ0ZCUzRSUwQSUwQSUzQyUyRnRyJTNFJTBBJTBBJTBBJTNDdHIlM0UlMEElM0N0ZCUzRSUwQUNlcnR5ZmlrYXR5JTBBJTNDJTJGdGQlM0UlMEElM0N0ZCUzRUtyYWpvd2ElMjBEZWtsYXJhY2phJTIwVyVDNSU4MmElQzUlOUJjaXdvJUM1JTlCY2klMjBVJUM1JUJDeXRrb3d5Y2glMjBuciUyMDExLTAxJTJGMjAxOSUzQyUyRnRkJTNFJTBBJTBBJTNDJTJGdHIlM0UlMEElMEElMEElM0N0ciUzRSUwQSUzQ3RkJTNFUm9kemFqJTIwd3pvcnUlM0MlMkZ0ZCUzRSUwQSUzQ3RkJTNFNiUyMHd6b3IlQzMlQjN3JTIwZG8lMjB3eWJvcnUlM0MlMkZ0ZCUzRSUwQSUwQSUzQyUyRnRyJTNFJTBBJTBBJTBBJTNDdHIlM0UlMEElM0N0ZCUzRUd3YXJhbmNqYSUzQyUyRnRkJTNFJTBBJTNDdGQlM0U1JTIwbGF0JTNDJTJGdGQlM0UlMEElMEElM0MlMkZ0ciUzRSUwQSUwQSUwQSUzQyUyRnRhYmxlJTNFJTBBJTBBJTBBJTBB[\/vc_raw_html][vc_empty_space][\/vc_column][\/vc_row][vc_row][vc_column][vc_column_text]<\/p>\n<h3 style=\"text-align: center;\"><strong>Dokumentacja<\/strong><\/h3>\n<p>[\/vc_column_text][vc_column_text]<\/p>\n<ul>\n<li><span style=\"color: #000000;\">Krajowa Deklaracja W\u0142a\u015bciwo\u015bci U\u017cytkowych nr 1-01\/2017 <a style=\"color: #000000;\" href=\"https:\/\/odplywy.com.pl\/old\/wp-content\/uploads\/2018\/07\/kdwu.pdf\" target=\"_blank\" rel=\"noopener noreferrer\">(PDF)<\/a><\/span><\/li>\n<li><span style=\"color: #000000;\">Instrukcja <a style=\"color: #000000;\" href=\"https:\/\/odplywy.com.pl\/old\/wp-content\/uploads\/2018\/07\/Instrukcja-2.pdf\" target=\"_blank\" rel=\"noopener noreferrer\">(PDF)<\/a><\/span><\/li>\n<\/ul>\n<p>[\/vc_column_text][\/vc_column][\/vc_row]<\/p>\n","protected":false},"excerpt":{"rendered":"<p><span style=\"color: #000000;\">Wz\u00f3r: <strong>Built-in (pod p\u0142ytk\u0119)<\/strong><\/span><br \/>\n<span style=\"color: #000000;\">Syfon: <strong>Smart Pipe (Niski)<\/strong>\u00a0<\/span><br \/>\n<span style=\"color: #000000;\">Umiejscowienie syfonu: <strong>na \u015brodku<\/strong><\/span><br \/>\n<span style=\"color: #000000;\">Wysoko\u015b\u0107 monta\u017cu: <strong>regulacja od 6,2 cm do 9,2 cm<\/strong><\/span><\/p>\n<ul>\n<li><span style=\"color: #000000;\">Klasyczny i ponadczasowy<\/span><\/li>\n<li><span style=\"color: #000000;\">Wyprodukowany w Polsce<\/span><\/li>\n<li><span style=\"color: #000000;\">Wysokiej jako\u015bci certyfikowana stal nierdzewna<\/span><\/li>\n<li><span style=\"color: #000000;\">Wygodne czyszczenie syfonu od g\u00f3ry<\/span><\/li>\n<li><span style=\"color: #000000;\">Wysoka jako\u015b\u0107 wykonania<\/span><\/li>\n<li><span style=\"color: #000000;\">Model wyst\u0119puje r\u00f3wnie\u017c w wersji wy\u017cszej, min. 8,1 cm<\/span><\/li>\n<li><span style=\"color: #000000;\">Model wyst\u0119puje r\u00f3wnie\u017c w wersji z syfonem na boku<\/span><\/li>\n<li><span style=\"color: #000000;\">5 lat gwarancji<\/span><\/li>\n<\/ul>\n","protected":false},"featured_media":10461,"comment_status":"open","ping_status":"closed","template":"","meta":[],"_links":{"self":[{"href":"https:\/\/odplywy.com.pl\/old\/wp-json\/wp\/v2\/product\/10551"}],"collection":[{"href":"https:\/\/odplywy.com.pl\/old\/wp-json\/wp\/v2\/product"}],"about":[{"href":"https:\/\/odplywy.com.pl\/old\/wp-json\/wp\/v2\/types\/product"}],"replies":[{"embeddable":true,"href":"https:\/\/odplywy.com.pl\/old\/wp-json\/wp\/v2\/comments?post=10551"}],"wp:featuredmedia":[{"embeddable":true,"href":"https:\/\/odplywy.com.pl\/old\/wp-json\/wp\/v2\/media\/10461"}],"wp:attachment":[{"href":"https:\/\/odplywy.com.pl\/old\/wp-json\/wp\/v2\/media?parent=10551"}],"curies":[{"name":"wp","href":"https:\/\/api.w.org\/{rel}","templated":true}]}}