{"id":10615,"date":"2021-04-21T11:52:10","date_gmt":"2021-04-21T09:52:10","guid":{"rendered":"https:\/\/odplywy.com.pl\/old\/?post_type=product&#038;p=10615"},"modified":"2022-05-04T10:05:40","modified_gmt":"2022-05-04T08:05:40","slug":"odplyw-liniowy-waterway-premium-boczny-wzor-ocean","status":"publish","type":"product","link":"https:\/\/odplywy.com.pl\/old\/odplyw-liniowy-waterway-premium-boczny-wzor-ocean\/","title":{"rendered":"Odp\u0142yw liniowy Waterway Premium Boczny, wz\u00f3r Ocean"},"content":{"rendered":"<p>[vc_row][vc_column][vc_empty_space][vc_single_image image=&#8221;11887&#8243; img_size=&#8221;full&#8221;][\/vc_column][\/vc_row][vc_row][vc_column][vc_empty_space][vc_column_text]<\/p>\n<h3 style=\"text-align: center;\"><span style=\"color: #000000;\"><strong>Elegancki i ponadczasowy design<\/strong><\/span><\/h3>\n<p>[\/vc_column_text][vc_empty_space height=&#8221;15px&#8221;][\/vc_column][\/vc_row][vc_row][vc_column width=&#8221;1\/3&#8243;][vc_column_text]<span style=\"color: #000000;\"><a style=\"color: #000000;\" href=\"https:\/\/odplywy.com.pl\/old\/odplywy-liniowe\/\">Odp\u0142ywy liniowe<\/a> <strong>Waterway Premium polecane s\u0105 do \u0142azienek, w kt\u00f3rych liczy si\u0119 elegancki wygl\u0105d, najwy\u017csza jako\u015b\u0107 wyko\u0144czenia, a tak\u017ce funkcjonalno\u015b\u0107.<\/strong> Ka\u017cdy odp\u0142yw wykonany zosta\u0142 z dba\u0142o\u015bci\u0105 o najdrobniejszy szczeg\u00f3\u0142. Do produkcji wykorzystujemy stal nierdzewn\u0105 najwy\u017cszej jako\u015bci. Stal delikatnie szczotkowana doda ka\u017cdej \u0142azience elegancji i stylu.<\/span><br \/>\n<span style=\"color: #000000;\">Odp\u0142ywy Waterway Premium produkowane s\u0105 w naszej fabryce od podstaw, a ka\u017cdy odp\u0142yw przechodzi szczeg\u00f3\u0142owy proces kontroli.<\/span><br \/>\n<span style=\"color: #000000;\">Minimalna g\u0142\u0119boko\u015b\u0107 zabudowy tego odp\u0142ywu to 8,1 cm.<\/span><\/p>\n<p><span style=\"color: #000000;\">Model ten jest r\u00f3wnie\u017c dost\u0119pny w wersji niskiej min 6,2 cm oraz z syfonem na \u015brodku.<\/span>[\/vc_column_text][\/vc_column][vc_column width=&#8221;2\/3&#8243;][vc_empty_space height=&#8221;10px&#8221;][vc_single_image image=&#8221;10536&#8243; img_size=&#8221;full&#8221;][\/vc_column][\/vc_row][vc_row][vc_column][vc_empty_space][vc_empty_space][vc_column_text]<\/p>\n<h3 style=\"text-align: center;\"><span style=\"color: #000000;\"><strong>Kompletny zestaw monta\u017cowy<\/strong><\/span><\/h3>\n<p>[\/vc_column_text][vc_empty_space height=&#8221;5px&#8221;][\/vc_column][\/vc_row][vc_row][vc_column width=&#8221;1\/3&#8243;][vc_column_text]<\/p>\n<ul>\n<li><span style=\"color: #000000;\">koryto<\/span><\/li>\n<li><span style=\"color: #000000;\">maskownica\/ruszt<\/span><\/li>\n<li><span style=\"color: #000000;\">syfon McAlpine<\/span><\/li>\n<li><span style=\"color: #000000;\">stopki monta\u017cowe<\/span><\/li>\n<li><span style=\"color: #000000;\">mankiet uszczelniaj\u0105cy<\/span><\/li>\n<li><span style=\"color: #000000;\">za\u015blepka monta\u017cowa, kt\u00f3ra zabezpiecza koryto przed zabrudzeniami w czasie remontu<\/span><\/li>\n<li><span style=\"color: #000000;\">haczyk do podnoszenia maskownicy<\/span><\/li>\n<li><span style=\"color: #000000;\">instrukcja monta\u017cu<\/span><\/li>\n<\/ul>\n<p>[\/vc_column_text][\/vc_column][vc_column width=&#8221;2\/3&#8243;][vc_empty_space height=&#8221;10px&#8221;][vc_single_image image=&#8221;10618&#8243; img_size=&#8221;full&#8221;][vc_empty_space][\/vc_column][\/vc_row][vc_row][vc_column][vc_empty_space][vc_column_text]<\/p>\n<h3 style=\"text-align: center;\"><span style=\"color: #000000;\"><strong>Wysokiej jako\u015bci stal nierdzewna<\/strong><\/span><\/h3>\n<p>[\/vc_column_text][vc_empty_space height=&#8221;15px&#8221;][\/vc_column][\/vc_row][vc_row][vc_column width=&#8221;1\/3&#8243;][vc_column_text]<span style=\"color: #000000;\"><strong>Stal nierdzewna stosowana do produkcji odp\u0142yw\u00f3w Waterway, pochodzi z europejskich hut stali<\/strong> (Niemcy, W\u0142ochy). Ka\u017cda partia stali posiada sw\u00f3j certyfikat, przez co mamy pewno\u015b\u0107 \u017ce jest to <strong>stal wysokiej jako\u015bci<\/strong>. Do produkcji odp\u0142yw\u00f3w od lat stosujemy ten sam gatunek stali, dzi\u0119ki czemu jeste\u015bmy pewnie, \u017ce przez lata zachowa sw\u00f3j wygl\u0105d.<\/span>[\/vc_column_text][\/vc_column][vc_column width=&#8221;2\/3&#8243;][vc_single_image image=&#8221;10449&#8243; img_size=&#8221;full&#8221;][vc_empty_space][\/vc_column][\/vc_row][vc_row][vc_column][vc_empty_space][vc_column_text]<\/p>\n<h3 style=\"text-align: center;\"><span style=\"color: #000000;\"><strong>Produkujemy w Polsce<\/strong><\/span><\/h3>\n<p>[\/vc_column_text][vc_empty_space height=&#8221;15px&#8221;][\/vc_column][\/vc_row][vc_row][vc_column width=&#8221;1\/3&#8243;][vc_column_text]<span style=\"color: #000000;\"><strong>Odp\u0142ywy Waterway produkowane s\u0105 w naszej fabryce zlokalizowanej w Wyszkowie<\/strong>. Odp\u0142ywy produkujemy ju\u017c od 12 lat, a ka\u017cdego roku nasze produkty s\u0105 instalowane w oko\u0142o 10 000 \u0142azienek w ca\u0142ej Europie. Produkujemy zar\u00f3wno na bardzo wymagaj\u0105ce rynki Europy Zachodniej, gdzie Klient ma ogromny wyb\u00f3r zachodnich marek, ale tak\u017ce na rynek Polski, Czech czy S\u0142owacji. Nasz sukces to jako\u015b\u0107 i niezawodno\u015b\u0107 produktu. <strong>Dbamy o ka\u017cdy detal produkowanych odp\u0142yw\u00f3w<\/strong>. Ka\u017cdy pojedynczy odp\u0142yw, przed zapakowaniem przechodzi przez <strong>szczeg\u00f3\u0142owy proces kontroli<\/strong> tak, aby zapewni\u0107 najwy\u017csz\u0105 jako\u015b\u0107 i funkcjonalno\u015b\u0107.<\/span>[\/vc_column_text][\/vc_column][vc_column width=&#8221;2\/3&#8243;][vc_empty_space height=&#8221;10px&#8221;][vc_single_image image=&#8221;10365&#8243; img_size=&#8221;full&#8221;][\/vc_column][\/vc_row][vc_row][vc_column][vc_empty_space][vc_empty_space][vc_column_text]<\/p>\n<h3 style=\"text-align: center;\"><span style=\"color: #000000;\"><strong>Precyzyjny i wygodny monta\u017c<\/strong><\/span><\/h3>\n<p>[\/vc_column_text][vc_empty_space height=&#8221;15px&#8221;][\/vc_column][\/vc_row][vc_row][vc_column width=&#8221;1\/3&#8243;][vc_column_text]<\/p>\n<ul>\n<li><span style=\"color: #000000;\"><strong>Kompletny zestaw<\/strong>, wszystko co niezb\u0119dne do wygodnego, bezpiecznego i czystego monta\u017cu.<\/span><\/li>\n<li><span style=\"color: #000000;\">Syfon umo\u017cliwia <strong>regulacje k\u0105ta pod\u0142\u0105czenia<\/strong> instalacji. Regulacja 360 stopni.<\/span><\/li>\n<li><span style=\"color: #000000;\"><strong>N\u00f3\u017cki poziomuj\u0105ce<\/strong>, daj\u0105ce mo\u017cliwo\u015b\u0107 precyzyjnego ustawienia odp\u0142ywu, wysoko\u015b\u0107 od 8,1 cm do 12,2 cm- w zale\u017cno\u015bci od potrzeb instalacyjnych.<\/span><\/li>\n<li><span style=\"color: #000000;\"><strong>Membrana uszczelniaj\u0105ca<\/strong> (mankiet uszczelniaj\u0105cy) z w\u0142\u00f3kna polietylenowego zapewniaj\u0105cy ca\u0142kowit\u0105 wodoszczelno\u015b\u0107 w newralgicznym miejscu, na styku odp\u0142ywu i wylewki.<\/span><\/li>\n<\/ul>\n<p>[\/vc_column_text][\/vc_column][vc_column width=&#8221;2\/3&#8243;][vc_single_image image=&#8221;10619&#8243; img_size=&#8221;full&#8221;][\/vc_column][\/vc_row][vc_row][vc_column][vc_empty_space][vc_column_text]<\/p>\n<h3 style=\"text-align: center;\"><span style=\"color: #000000;\"><strong>Komfort na co dzie\u0144<\/strong><\/span><\/h3>\n<p>[\/vc_column_text][vc_empty_space height=&#8221;15px&#8221;][\/vc_column][\/vc_row][vc_row][vc_column width=&#8221;1\/3&#8243;][vc_column_text]<\/p>\n<ul>\n<li><span style=\"color: #000000;\">Zar\u00f3wno elementy wystawione na codzienne ogl\u0105danie, jak i wewn\u0119trzne \u0142\u0105czenia s\u0105<strong> idealnie wyko\u0144czone, g\u0142adkie i szczelne<\/strong>, dzi\u0119ki czemu mo\u017cna w wygodny spos\u00f3b dba\u0107 o czysto\u015b\u0107 i higien\u0119<\/span><\/li>\n<li><span style=\"color: #000000;\">Czyszczenie syfonu \u2013 <strong>niezwykle prosty spos\u00f3b czyszczenia<\/strong>, wystarczy podnie\u015b\u0107 maskownic\u0119\/ruszt i wyj\u0105\u0107 koszyczek z syfonu, wyczy\u015bci\u0107 i od\u0142o\u017cy\u0107.<\/span><\/li>\n<li><span style=\"color: #000000;\">Stabilno\u015b\u0107 i cisza- maskownice\/ruszty <strong>posiadaj\u0105 dystanse t\u0142umi\u0105ce<\/strong>, dzi\u0119ki czemu maskownica\/ruszt nie ha\u0142asuje i zawsze pozostaje dok\u0142adnie w tym miejscu, w kt\u00f3rym powinna by\u0107, zachowuj\u0105c idealne oddalenie od kraw\u0119dzi koryta, dzi\u0119ki temu odbi\u00f3r wody jest zawsze prawid\u0142owy.<\/span><\/li>\n<\/ul>\n<p>[\/vc_column_text][\/vc_column][vc_column width=&#8221;2\/3&#8243;][vc_single_image image=&#8221;10604&#8243; img_size=&#8221;full&#8221;][vc_empty_space][\/vc_column][\/vc_row][vc_row][vc_column][vc_empty_space][vc_column_text]<\/p>\n<h3 style=\"text-align: center;\"><span style=\"color: #000000;\"><strong>Jak prosto i profesjonalnie zmontowa\u0107 odp\u0142yw liniowy WATERWAY<\/strong><\/span><\/h3>\n<p>[\/vc_column_text][vc_video link=&#8221;https:\/\/youtu.be\/vRKqv1EzZ_8&#8243;][\/vc_column][\/vc_row][vc_row][vc_column][vc_empty_space][vc_empty_space][vc_column_text]<\/p>\n<h3 style=\"text-align: center;\"><span style=\"color: #000000;\"><strong>Bezp\u0142atna i szybka dostawa<\/strong><\/span><\/h3>\n<p>[\/vc_column_text][vc_column_text]<span style=\"color: #000000;\">Zam\u00f3wienia z\u0142o\u017cone do 12:00 w dni robocze, dostarczamy nast\u0119pnego dnia.<\/span>[\/vc_column_text][vc_empty_space height=&#8221;15px&#8221;][vc_single_image image=&#8221;10323&#8243; img_size=&#8221;full&#8221;][\/vc_column][\/vc_row][vc_row][vc_column][vc_empty_space][vc_empty_space][vc_column_text]<\/p>\n<h3 style=\"text-align: center;\"><span style=\"color: #000000;\"><strong>Waterway Premium Boczny daje mo\u017cliwo\u015b\u0107 dopasowania maskownicy do ka\u017cdego stylu<\/strong><\/span><\/h3>\n<p>[\/vc_column_text][\/vc_column][\/vc_row][vc_row][vc_column width=&#8221;1\/6&#8243;][vc_empty_space height=&#8221;25px&#8221;][vc_single_image image=&#8221;10461&#8243; onclick=&#8221;custom_link&#8221; link=&#8221;https:\/\/odplywy.com.pl\/old\/odplyw-liniowy-waterway-premium-boczny-wzor-built-in-pod-plytke\/&#8221;][\/vc_column][vc_column width=&#8221;1\/6&#8243;][vc_empty_space height=&#8221;25px&#8221;][vc_single_image image=&#8221;10458&#8243; onclick=&#8221;custom_link&#8221; link=&#8221;https:\/\/odplywy.com.pl\/old\/odplyw-liniowy-waterway-premium-boczny-wzor-prestige-steel\/&#8221;][\/vc_column][vc_column width=&#8221;1\/6&#8243;][vc_empty_space height=&#8221;25px&#8221;][vc_single_image image=&#8221;10465&#8243; onclick=&#8221;custom_link&#8221; link=&#8221;https:\/\/odplywy.com.pl\/old\/odplyw-liniowy-waterway-premium-boczny-wzor-triangle\/&#8221;][\/vc_column][vc_column width=&#8221;1\/6&#8243;][vc_empty_space height=&#8221;25px&#8221;][vc_single_image image=&#8221;10464&#8243; onclick=&#8221;custom_link&#8221; link=&#8221;https:\/\/odplywy.com.pl\/old\/odplyw-liniowy-waterway-premium-boczny-wzor-symetric\/&#8221;][\/vc_column][vc_column width=&#8221;1\/6&#8243;][vc_empty_space height=&#8221;25px&#8221;][vc_single_image image=&#8221;10462&#8243; onclick=&#8221;custom_link&#8221; link=&#8221;https:\/\/odplywy.com.pl\/old\/odplyw-liniowy-waterway-premium-boczny-wzor-circle\/&#8221;][\/vc_column][vc_column width=&#8221;1\/6&#8243;][vc_empty_space height=&#8221;25px&#8221;][vc_single_image image=&#8221;10463&#8243; onclick=&#8221;custom_link&#8221; link=&#8221;https:\/\/odplywy.com.pl\/old\/odplyw-liniowy-waterway-premium-boczny-wzor-ocean\/&#8221;][vc_empty_space][\/vc_column][\/vc_row][vc_row][vc_column][vc_empty_space][vc_column_text]<\/p>\n<h3 style=\"text-align: center;\"><span style=\"color: #000000;\"><strong>Wymiary &#8211; rysunek techniczny<\/strong><\/span><\/h3>\n<p>[\/vc_column_text][vc_empty_space height=&#8221;15px&#8221;][\/vc_column][\/vc_row][vc_row][vc_column][vc_single_image image=&#8221;10598&#8243; img_size=&#8221;full&#8221;][vc_empty_space height=&#8221;15px&#8221;][\/vc_column][\/vc_row][vc_row][vc_column][vc_empty_space][vc_column_text]<\/p>\n<h3 style=\"text-align: center;\"><span style=\"color: #000000;\"><strong>Zobacz inne odp\u0142ywy Waterway<\/strong><\/span><\/h3>\n<p>[\/vc_column_text][vc_empty_space height=&#8221;15px&#8221;][\/vc_column][\/vc_row][vc_row][vc_column][vc_single_image image=&#8221;12242&#8243; img_size=&#8221;full&#8221;][vc_empty_space height=&#8221;15px&#8221;][\/vc_column][\/vc_row][vc_row][vc_column][vc_empty_space][vc_column_text]<\/p>\n<h3 style=\"text-align: center;\"><span style=\"color: #000000;\"><strong>Podstawowe parametry<\/strong><\/span><\/h3>\n<p>[\/vc_column_text][vc_empty_space height=&#8221;15px&#8221;][vc_raw_html]JTNDdGFibGUlM0UlMEElM0N0ciUzRSUwQSUzQ3RkJTNFTWF0ZXJpYSVDNSU4MiUyMGklMjBwb2Nob2R6ZW5pZSUzQyUyRnRkJTNFJTBBJTNDdGQlM0VTdGFsJTIwbmllcmR6ZXduYSUyMGNlcnR5Zmlrb3dhbmElMjAxLjQ1MDklMjAlMjhBSVNJNDQxJTI5JTNDJTJGdGQlM0UlMEElMEElM0MlMkZ0ciUzRSUwQSUwQSUzQ3RyJTNFJTBBJTNDdGQlM0VEb3N0JUM0JTk5cG5lJTIwZCVDNSU4MnVnbyVDNSU5QmNpJTNDJTJGdGQlM0UlMEElM0N0ZCUzRTQwJTIwY20lMjAlN0MlMjA1MCUyMGNtJTIwJTdDJTIwNjAlMjBjbSUyMCU3QyUyMDYwJTIwY20lMjAlN0MlMjA3MCUyMGNtJTIwJTdDJTIwODAlMjBjbSUyMCU3QyUyMDkwJTIwY20lMjAlN0MlMjAxMDAlMjBjbSUyMCU3QyUyMDExMCUyMGNtJTIwJTdDJTIwMTIwJTIwY20lM0MlMkZ0ZCUzRSUwQSUwQSUwQSUzQyUyRnRyJTNFJTBBJTBBJTNDdHIlM0UlMEElM0N0ZCUzRVN6ZXJva28lQzUlOUIlQzQlODclMjBwb2tyeXd5JTBBJTNDJTJGdGQlM0UlMEElM0N0ZCUzRTc2bW0lM0MlMkZ0ZCUzRSUwQSUwQSUzQyUyRnRyJTNFJTBBJTBBJTNDdHIlM0UlMEElM0N0ZCUzRVphc3lmb25vd2FuaWUlMEElM0MlMkZ0ZCUzRSUwQSUzQ3RkJTNFTWNBbHBpbmUlMjAyNTI1NzAlMjBjenlzemN6b255JTIwb2QlMjBnJUMzJUIzcnklM0MlMkZ0ZCUzRSUwQSUwQSUzQyUyRnRyJTNFJTBBJTBBJTNDdHIlM0UlMEElM0N0ZCUzRU9kZWolQzUlOUJjaWUlMjB3b2R5JTBBJTNDJTJGdGQlM0UlMEElM0N0ZCUzRUROJTIwNTAlM0MlMkZ0ZCUzRSUwQSUwQSUzQyUyRnRyJTNFJTBBJTBBJTNDdHIlM0UlMEElM0N0ZCUzRVByemVwdXN0b3dvJUM1JTlCJUM0JTg3JTBBJTNDJTJGdGQlM0UlMEElM0N0ZCUzRTMzJTIwbCUyRm1pbi4lM0MlMkZ0ZCUzRSUwQSUwQSUzQyUyRnRyJTNFJTBBJTBBJTBBJTNDdHIlM0UlMEElM0N0ZCUzRSUwQUtsYXNhJTIwb2JjaSVDNCU4NSVDNSVCQ2VuaWElMEElM0MlMkZ0ZCUzRSUwQSUzQ3RkJTNFSzMlM0MlMkZ0ZCUzRSUwQSUwQSUzQyUyRnRyJTNFJTBBJTBBJTBBJTNDdHIlM0UlMEElM0N0ZCUzRVd5c29rbyVDNSU5QiVDNCU4NyUyMG9kcCVDNSU4Mnl3dSUwQSUzQyUyRnRkJTNFJTBBJTNDdGQlM0VaYWtyZXMlMjByZWd1bGFjamklMjA4MSUyMG1tJTIwJUUyJTgwJTkzJTIwMTIyJTIwbW0lM0MlMkZ0ZCUzRSUwQSUwQSUzQyUyRnRyJTNFJTBBJTBBJTBBJTNDdHIlM0UlMEElM0N0ZCUzRU5vcm1hJTIwd3lyb2J1JTBBJTNDJTJGdGQlM0UlMEElM0N0ZCUzRVBOLUVOJTIwMTI1My0xJTNBMjAxNSUzQyUyRnRkJTNFJTBBJTBBJTNDJTJGdHIlM0UlMEElMEElMEElM0N0ciUzRSUwQSUzQ3RkJTNFJTBBQ2VydHlmaWthdHklMEElM0MlMkZ0ZCUzRSUwQSUzQ3RkJTNFS3Jham93YSUyMERla2xhcmFjamElMjBXJUM1JTgyYSVDNSU5QmNpd28lQzUlOUJjaSUyMFUlQzUlQkN5dGtvd3ljaCUyMG5yJTIwMS0wMSUyRjIwMTclM0MlMkZ0ZCUzRSUwQSUwQSUzQyUyRnRyJTNFJTBBJTBBJTBBJTNDdHIlM0UlMEElM0N0ZCUzRVJvZHphaiUyMHd6b3J1JTNDJTJGdGQlM0UlMEElM0N0ZCUzRTYlMjB3em9yJUMzJUIzdyUyMGRvJTIwd3lib3J1JTNDJTJGdGQlM0UlMEElMEElM0MlMkZ0ciUzRSUwQSUwQSUwQSUzQ3RyJTNFJTBBJTNDdGQlM0VHd2FyYW5jamElM0MlMkZ0ZCUzRSUwQSUzQ3RkJTNFNSUyMGxhdCUzQyUyRnRkJTNFJTBBJTBBJTNDJTJGdHIlM0UlMEElMEElMEElM0MlMkZ0YWJsZSUzRSUwQSUwQSUwQSUwQQ==[\/vc_raw_html][vc_empty_space][\/vc_column][\/vc_row][vc_row][vc_column][vc_column_text]<\/p>\n<h3 style=\"text-align: center;\"><strong>Dokumentacja<\/strong><\/h3>\n<p>[\/vc_column_text][vc_column_text]<\/p>\n<ul>\n<li><span style=\"color: #000000;\">Krajowa Deklaracja W\u0142a\u015bciwo\u015bci U\u017cytkowych nr 1-01\/2017 <a style=\"color: #000000;\" href=\"https:\/\/odplywy.com.pl\/old\/wp-content\/uploads\/2018\/07\/kdwu.pdf\" target=\"_blank\" rel=\"noopener noreferrer\">(PDF)<\/a><\/span><\/li>\n<li><span style=\"color: #000000;\">Instrukcja <a style=\"color: #000000;\" href=\"https:\/\/odplywy.com.pl\/old\/wp-content\/uploads\/2018\/07\/Instrukcja-2.pdf\" target=\"_blank\" rel=\"noopener noreferrer\">(PDF)<\/a><\/span><\/li>\n<\/ul>\n<p>[\/vc_column_text][\/vc_column][\/vc_row]<\/p>\n","protected":false},"excerpt":{"rendered":"<p><span style=\"color: #000000;\">Wz\u00f3r: <strong>Ocean<\/strong><\/span><br \/>\n<span style=\"color: #000000;\">Syfon: <strong>McAlpine<\/strong><\/span><br \/>\n<span style=\"color: #000000;\">Umiejscowienie syfonu: <strong>na boku<\/strong><\/span><br \/>\n<span style=\"color: #000000;\">Wysoko\u015b\u0107 monta\u017cu: <strong>regulacja od 8,1 cm do 12,2 cm<\/strong><\/span><\/p>\n<ul>\n<li><span style=\"color: #000000;\">Klasyczny i ponadczasowy<\/span><\/li>\n<li><span style=\"color: #000000;\">Wyprodukowany w Polsce<\/span><\/li>\n<li><span style=\"color: #000000;\">Wysokiej jako\u015bci certyfikowana stal nierdzewna<\/span><\/li>\n<li><span style=\"color: #000000;\">Wygodne czyszczenie syfonu od g\u00f3ry<\/span><\/li>\n<li><span style=\"color: #000000;\">Wysoka jako\u015b\u0107 wykonania<\/span><\/li>\n<li><span style=\"color: #000000;\">Model wyst\u0119puje r\u00f3wnie\u017c w wersji niskiej, min. 6,2 cm<\/span><\/li>\n<li><span style=\"color: #000000;\">Model wyst\u0119puje r\u00f3wnie\u017c w wersji z syfonem na \u015brodku<\/span><\/li>\n<li><span style=\"color: #000000;\">5 lat gwarancji<\/span><\/li>\n<\/ul>\n","protected":false},"featured_media":10463,"comment_status":"open","ping_status":"closed","template":"","meta":[],"_links":{"self":[{"href":"https:\/\/odplywy.com.pl\/old\/wp-json\/wp\/v2\/product\/10615"}],"collection":[{"href":"https:\/\/odplywy.com.pl\/old\/wp-json\/wp\/v2\/product"}],"about":[{"href":"https:\/\/odplywy.com.pl\/old\/wp-json\/wp\/v2\/types\/product"}],"replies":[{"embeddable":true,"href":"https:\/\/odplywy.com.pl\/old\/wp-json\/wp\/v2\/comments?post=10615"}],"wp:featuredmedia":[{"embeddable":true,"href":"https:\/\/odplywy.com.pl\/old\/wp-json\/wp\/v2\/media\/10463"}],"wp:attachment":[{"href":"https:\/\/odplywy.com.pl\/old\/wp-json\/wp\/v2\/media?parent=10615"}],"curies":[{"name":"wp","href":"https:\/\/api.w.org\/{rel}","templated":true}]}}