{"id":10640,"date":"2021-04-21T14:39:25","date_gmt":"2021-04-21T12:39:25","guid":{"rendered":"https:\/\/odplywy.com.pl\/old\/?post_type=product&#038;p=10640"},"modified":"2022-05-27T16:07:38","modified_gmt":"2022-05-27T14:07:38","slug":"odplyw-scienny-waterway-wall","status":"publish","type":"product","link":"https:\/\/odplywy.com.pl\/old\/odplyw-scienny-waterway-wall\/","title":{"rendered":"Odp\u0142yw \u015bcienny Waterway Wall, wz\u00f3r Prestige Steel"},"content":{"rendered":"<p>[vc_row][vc_column][vc_empty_space][vc_single_image image=&#8221;11887&#8243; img_size=&#8221;full&#8221;][\/vc_column][\/vc_row][vc_row][vc_column][vc_empty_space][vc_column_text]<\/p>\n<h3 style=\"text-align: center;\"><span style=\"color: #000000;\"><strong>Nowoczesny i elegancki design<\/strong><\/span><\/h3>\n<p>[\/vc_column_text][vc_empty_space][\/vc_column][\/vc_row][vc_row][vc_column width=&#8221;1\/3&#8243;][vc_empty_space][vc_empty_space][vc_column_text]<span style=\"color: #000000;\"><a style=\"color: #000000;\" href=\"https:\/\/odplywy.com.pl\/old\/odplywy-liniowe\/\">Odp\u0142ywy <\/a><strong>Waterway Wall polecane s\u0105 do \u0142azienek, w kt\u00f3rych liczy si\u0119 elegancki i minimalistyczny wygl\u0105d, najwy\u017csza jako\u015b\u0107 wyko\u0144czenia, a tak\u017ce funkcjonalno\u015b\u0107.<\/strong> Ka\u017cdy odp\u0142yw wykonany zosta\u0142 z dba\u0142o\u015bci\u0105 o najdrobniejszy szczeg\u00f3\u0142. Do produkcji wykorzystujemy stal nierdzewn\u0105 najwy\u017cszej jako\u015bci. Stal delikatnie szczotkowana doda ka\u017cdej \u0142azience elegancji i stylu.<\/span><br \/>\n<span style=\"color: #000000;\">Odp\u0142ywy Waterway Wall produkowane s\u0105 w naszej fabryce od podstaw, a ka\u017cdy odp\u0142yw przechodzi szczeg\u00f3\u0142owy proces kontroli.<\/span><br \/>\n<span style=\"color: #000000;\">Minimalna g\u0142\u0119boko\u015b\u0107 zabudowy tego odp\u0142ywu w \u015bcianie to 4,1 cm, w pod\u0142odze to 7,4 cm.<\/span>[\/vc_column_text][\/vc_column][vc_column width=&#8221;2\/3&#8243;][vc_single_image image=&#8221;12037&#8243; img_size=&#8221;full&#8221;][\/vc_column][\/vc_row][vc_row][vc_column][vc_empty_space][vc_empty_space][vc_column_text]<\/p>\n<h3 style=\"text-align: center;\"><span style=\"color: #000000;\"><strong>Kompletny zestaw monta\u017cowy<\/strong><\/span><\/h3>\n<p>[\/vc_column_text][vc_empty_space][\/vc_column][\/vc_row][vc_row][vc_column width=&#8221;1\/3&#8243;][vc_column_text]<\/p>\n<ul>\n<li><span style=\"color: #000000;\">koryto<\/span><\/li>\n<li><span style=\"color: #000000;\">maskownica\/ruszt<\/span><\/li>\n<li><span style=\"color: #000000;\">syfon Viega z redukcj\u0105 (40\/50), z sitkiem u\u0142atwiaj\u0105cym czyszczenie<\/span><\/li>\n<li><span style=\"color: #000000;\">mankiet uszczelniaj\u0105cy<\/span><\/li>\n<li><span style=\"color: #000000;\">instrukcja monta\u017cu<\/span><\/li>\n<\/ul>\n<p>[\/vc_column_text][\/vc_column][vc_column width=&#8221;2\/3&#8243;][vc_single_image image=&#8221;12031&#8243; img_size=&#8221;full&#8221;][vc_empty_space][\/vc_column][\/vc_row][vc_row][vc_column][vc_empty_space][vc_column_text]<\/p>\n<h3 style=\"text-align: center;\"><span style=\"color: #000000;\"><strong>Wysokiej jako\u015bci stal nierdzewna<\/strong><\/span><\/h3>\n<p>[\/vc_column_text][vc_empty_space][\/vc_column][\/vc_row][vc_row][vc_column width=&#8221;1\/3&#8243;][vc_empty_space][vc_empty_space][vc_column_text]<span style=\"color: #000000;\"><strong>Stal nierdzewna stosowana do produkcji odp\u0142yw\u00f3w Waterway, pochodzi z europejskich hut stali<\/strong> (Niemcy, W\u0142ochy). Ka\u017cda partia stali posiada sw\u00f3j certyfikat, przez co mamy pewno\u015b\u0107 \u017ce jest to <strong>stal wysokiej jako\u015bci<\/strong>. Do produkcji odp\u0142yw\u00f3w od lat stosujemy ten sam gatunek stali, dzi\u0119ki czemu jeste\u015bmy pewnie, \u017ce przez lata zachowa sw\u00f3j wygl\u0105d.<\/span>[\/vc_column_text][\/vc_column][vc_column width=&#8221;2\/3&#8243;][vc_single_image image=&#8221;12033&#8243; img_size=&#8221;full&#8221;][\/vc_column][\/vc_row][vc_row][vc_column][vc_empty_space][vc_column_text]<\/p>\n<h3 style=\"text-align: center;\"><span style=\"color: #000000;\"><strong>Produkujemy w Polsce<\/strong><\/span><\/h3>\n<p>[\/vc_column_text][vc_empty_space][\/vc_column][\/vc_row][vc_row][vc_column width=&#8221;1\/3&#8243;][vc_empty_space][vc_column_text]<span style=\"color: #000000;\"><strong>Odp\u0142ywy Waterway produkowane s\u0105 w naszej fabryce zlokalizowanej w Wyszkowie<\/strong>. Odp\u0142ywy produkujemy ju\u017c od 12 lat, a ka\u017cdego roku nasze produkty s\u0105 instalowane w oko\u0142o 10 000 \u0142azienek w ca\u0142ej Europie. Produkujemy zar\u00f3wno na bardzo wymagaj\u0105ce rynki Europy Zachodniej, gdzie Klient ma ogromny wyb\u00f3r zachodnich marek, ale tak\u017ce na rynek Polski, Czech czy S\u0142owacji. Nasz sukces to jako\u015b\u0107 i niezawodno\u015b\u0107 produktu. <strong>Dbamy o ka\u017cdy detal produkowanych odp\u0142yw\u00f3w<\/strong>. Ka\u017cdy pojedynczy odp\u0142yw, przed zapakowaniem przechodzi przez <strong>szczeg\u00f3\u0142owy proces kontroli<\/strong> tak, aby zapewni\u0107 najwy\u017csz\u0105 jako\u015b\u0107 i funkcjonalno\u015b\u0107.<\/span>[\/vc_column_text][\/vc_column][vc_column width=&#8221;2\/3&#8243;][vc_empty_space][vc_single_image image=&#8221;10365&#8243; img_size=&#8221;full&#8221;][\/vc_column][\/vc_row][vc_row][vc_column][vc_empty_space][vc_empty_space][vc_column_text]<\/p>\n<h3 style=\"text-align: center;\"><span style=\"color: #000000;\"><strong>Precyzyjny i wygodny monta\u017c<\/strong><\/span><\/h3>\n<p>[\/vc_column_text][vc_empty_space][\/vc_column][\/vc_row][vc_row][vc_column width=&#8221;1\/3&#8243;][vc_empty_space][vc_empty_space][vc_column_text]<\/p>\n<ul>\n<li><span style=\"color: #000000;\"><strong>Kompletny zestaw<\/strong>, wszystko co niezb\u0119dne do wygodnego, bezpiecznego i prostego monta\u017cu.<\/span><\/li>\n<li><span style=\"color: #000000;\"><strong>Syfon z Viega <\/strong>z redukcj\u0105 oraz\u00a0z sitkiem u\u0142atwiaj\u0105cym czyszczenie<\/span><\/li>\n<li><span style=\"color: #000000;\"><strong>Membrana uszczelniaj\u0105ca<\/strong> (mankiet uszczelniaj\u0105cy) z w\u0142\u00f3kna polietylenowego zapewniaj\u0105cy ca\u0142kowit\u0105 wodoszczelno\u015b\u0107 w newralgicznym miejscu, na styku odp\u0142ywu i wylewki.<\/span><\/li>\n<\/ul>\n<p>[\/vc_column_text][\/vc_column][vc_column width=&#8221;2\/3&#8243;][vc_empty_space][vc_single_image image=&#8221;12006&#8243; img_size=&#8221;full&#8221;][\/vc_column][\/vc_row][vc_row][vc_column][vc_empty_space][vc_column_text]<\/p>\n<h3 style=\"text-align: center;\"><span style=\"color: #000000;\"><strong>Komfort na co dzie\u0144<\/strong><\/span><\/h3>\n<p>[\/vc_column_text][vc_empty_space][\/vc_column][\/vc_row][vc_row][vc_column width=&#8221;1\/3&#8243;][vc_empty_space][vc_column_text]<\/p>\n<ul>\n<li><span style=\"color: #000000;\">Zar\u00f3wno elementy wystawione na codzienne ogl\u0105danie, jak i wewn\u0119trzne \u0142\u0105czenia s\u0105<strong> idealnie wyko\u0144czone, g\u0142adkie i szczelne<\/strong>, dzi\u0119ki czemu mo\u017cna w wygodny spos\u00f3b dba\u0107 o czysto\u015b\u0107 i higien\u0119<\/span><\/li>\n<li><span style=\"color: #000000;\">Czyszczenie syfonu \u2013 <strong>niezwykle prosty spos\u00f3b czyszczenia<\/strong>, wystarczy wysun\u0105\u0107 maskownic\u0119\/ruszt, wyj\u0105\u0107 koszyczek z syfonu, wyczy\u015bci\u0107 i od\u0142o\u017cy\u0107.<\/span><\/li>\n<li><span style=\"color: #000000;\">Stabilno\u015b\u0107 i cisza- maskownice\/ruszty <strong>posiadaj\u0105 dystanse t\u0142umi\u0105ce<\/strong>, dzi\u0119ki czemu maskownica\/ruszt nie ha\u0142asuje i zawsze pozostaje dok\u0142adnie w tym miejscu, w kt\u00f3rym powinna by\u0107, dzi\u0119ki temu odbi\u00f3r wody jest zawsze prawid\u0142owy.<\/span><\/li>\n<\/ul>\n<p>[\/vc_column_text][\/vc_column][vc_column width=&#8221;2\/3&#8243;][vc_empty_space][vc_single_image image=&#8221;12007&#8243; img_size=&#8221;full&#8221;][vc_empty_space][\/vc_column][\/vc_row][vc_row][vc_column][vc_empty_space][vc_empty_space][vc_column_text]<\/p>\n<h3 style=\"text-align: center;\"><span style=\"color: #000000;\"><strong>Bezp\u0142atna i szybka dostawa<\/strong><\/span><\/h3>\n<p>[\/vc_column_text][vc_column_text]<span style=\"color: #000000;\">Zam\u00f3wienia z\u0142o\u017cone do 12:00 w dni robocze, dostarczamy nast\u0119pnego dnia.<\/span>[\/vc_column_text][vc_empty_space][vc_single_image image=&#8221;10323&#8243; img_size=&#8221;full&#8221;][\/vc_column][\/vc_row][vc_row][vc_column][vc_empty_space][vc_empty_space][vc_column_text]<\/p>\n<h3 style=\"text-align: center;\"><span style=\"color: #000000;\"><strong>Wymiary &#8211; rysunek techniczny<\/strong><\/span><\/h3>\n<p>[\/vc_column_text][vc_empty_space][\/vc_column][\/vc_row][vc_row][vc_column][vc_single_image image=&#8221;12039&#8243; img_size=&#8221;full&#8221; alignment=&#8221;center&#8221;][vc_empty_space][\/vc_column][\/vc_row][vc_row][vc_column][vc_empty_space][vc_empty_space][vc_column_text]<\/p>\n<h3 style=\"text-align: center;\"><span style=\"color: #000000;\"><strong>Zobacz inne odp\u0142ywy Waterway<\/strong><\/span><\/h3>\n<p>[\/vc_column_text][vc_empty_space][\/vc_column][\/vc_row][vc_row][vc_column][vc_single_image image=&#8221;12242&#8243; img_size=&#8221;full&#8221; alignment=&#8221;center&#8221;][vc_empty_space][\/vc_column][\/vc_row][vc_row][vc_column][vc_empty_space][vc_column_text]<\/p>\n<h3 style=\"text-align: center;\"><span style=\"color: #000000;\"><strong>Podstawowe parametry<\/strong><\/span><\/h3>\n<p>[\/vc_column_text][vc_empty_space][vc_raw_html]JTNDdGFibGUlM0UlMEElM0N0ciUzRSUwQSUzQ3RkJTNFTWF0ZXJpYSVDNSU4MiUyMGklMjBwb2Nob2R6ZW5pZSUzQyUyRnRkJTNFJTBBJTNDdGQlM0VTdGFsJTIwbmllcmR6ZXduYSUyMGNlcnR5Zmlrb3dhbmElMjAxLjQ1MDklMjAlMjhBSVNJNDQxJTI5JTNDJTJGdGQlM0UlMEElMEElM0MlMkZ0ciUzRSUwQSUwQSUzQ3RyJTNFJTBBJTNDdGQlM0VEb3N0JUM0JTk5cG5lJTIwZCVDNSU4MnVnbyVDNSU5QmNpJTNDJTJGdGQlM0UlMEElM0N0ZCUzRTYwJTIwY20lM0MlMkZ0ZCUzRSUwQSUwQSUwQSUzQyUyRnRyJTNFJTBBJTBBJTNDdHIlM0UlMEElM0N0ZCUzRVN6ZXJva28lQzUlOUIlQzQlODclMjBwb2tyeXd5JTBBJTNDJTJGdGQlM0UlMEElM0N0ZCUzRTY5bW0lM0MlMkZ0ZCUzRSUwQSUwQSUzQyUyRnRyJTNFJTBBJTBBJTNDdHIlM0UlMEElM0N0ZCUzRVphc3lmb25vd2FuaWUlMEElM0MlMkZ0ZCUzRSUwQSUzQ3RkJTNFVmllZ2ElMjA3MzY3NDMlMjBjenlzemN6b255JTIwb2QlMjBnJUMzJUIzcnklM0MlMkZ0ZCUzRSUwQSUwQSUzQyUyRnRyJTNFJTBBJTBBJTNDdHIlM0UlMEElM0N0ZCUzRU9kZWolQzUlOUJjaWUlMjB3b2R5JTBBJTNDJTJGdGQlM0UlMEElM0N0ZCUzRUROJTIwNTAlM0MlMkZ0ZCUzRSUwQSUwQSUzQyUyRnRyJTNFJTBBJTBBJTNDdHIlM0UlMEElM0N0ZCUzRVByemVwdXN0b3dvJUM1JTlCJUM0JTg3JTBBJTNDJTJGdGQlM0UlMEElM0N0ZCUzRTM2JTIwbCUyRm1pbi4lM0MlMkZ0ZCUzRSUwQSUwQSUzQyUyRnRyJTNFJTBBJTBBJTBBJTNDdHIlM0UlMEElM0N0ZCUzRVd5c29rbyVDNSU5QiVDNCU4NyUyMG9kcCVDNSU4Mnl3dSUwQSUzQyUyRnRkJTNFJTBBJTNDdGQlM0UlMjBNaW5pbWFsbmElMjBnJUM1JTgyJUM0JTk5Ym9rbyVDNSU5QiVDNCU4NyUyMHphYnVkb3d5JTIwdyUyMHBpb25pZSUyMDQlMkMxJTIwY20lMkMlMjB3JTIwcG96aW9taWUlMjA3JTJDNCUyMGNtJTNDJTJGdGQlM0UlMEElMEElM0MlMkZ0ciUzRSUwQSUwQSUwQSUzQ3RyJTNFJTBBJTNDdGQlM0VOb3JtYSUyMHd5cm9idSUwQSUzQyUyRnRkJTNFJTBBJTNDdGQlM0VQTi1FTiUyMDEyNTMtMSUzQTIwMTUlM0MlMkZ0ZCUzRSUwQSUwQSUzQyUyRnRyJTNFJTBBJTBBJTBBJTNDdHIlM0UlMEElM0N0ZCUzRSUwQUNlcnR5ZmlrYXR5JTBBJTNDJTJGdGQlM0UlMEElM0N0ZCUzRUtyYWpvd2ElMjBEZWtsYXJhY2phJTIwVyVDNSU4MmElQzUlOUJjaXdvJUM1JTlCY2klMjBVJUM1JUJDeXRrb3d5Y2glMjBuciUyMDExLTAxJTJGMjAxOSUzQyUyRnRkJTNFJTBBJTBBJTNDJTJGdHIlM0UlMEElMEElMEElM0N0ciUzRSUwQSUzQ3RkJTNFUm9kemFqJTIwd3pvcnUlM0MlMkZ0ZCUzRSUwQSUzQ3RkJTNFMSUyMHd6JUMzJUIzciUyMC0lMjBQcmVzdGlnZSUyMFN0ZWVsJTNDJTJGdGQlM0UlMEElMEElM0MlMkZ0ciUzRSUwQSUwQSUwQSUzQ3RyJTNFJTBBJTNDdGQlM0VHd2FyYW5jamElM0MlMkZ0ZCUzRSUwQSUzQ3RkJTNFNSUyMGxhdCUzQyUyRnRkJTNFJTBBJTBBJTNDJTJGdHIlM0UlMEElMEElMEElM0MlMkZ0YWJsZSUzRSUwQSUwQSUwQSUwQQ==[\/vc_raw_html][vc_empty_space][\/vc_column][\/vc_row][vc_row][vc_column][vc_column_text]<\/p>\n<h3 style=\"text-align: center;\"><strong>Dokumentacja<\/strong><\/h3>\n<p>[\/vc_column_text][vc_column_text]<\/p>\n<ul>\n<li><span style=\"color: #000000;\">Krajowa Deklaracja W\u0142a\u015bciwo\u015bci U\u017cytkowych nr 1-01\/2017 <a style=\"color: #000000;\" href=\"https:\/\/odplywy.com.pl\/old\/wp-content\/uploads\/2018\/07\/kdwu.pdf\" target=\"_blank\" rel=\"noopener noreferrer\">(PDF)<\/a><\/span><\/li>\n<li><span style=\"color: #000000;\">Instrukcja <a style=\"color: #000000;\" href=\"https:\/\/odplywy.com.pl\/old\/wp-content\/uploads\/2022\/03\/Instrukcja-montazu-odplywu-sciennego-Waterway.pdf\" rel=\"noopener noreferrer\">(PDF)<\/a><\/span><\/li>\n<\/ul>\n<p>[\/vc_column_text][\/vc_column][\/vc_row]<\/p>\n","protected":false},"excerpt":{"rendered":"<p><span style=\"color: #000000;\">Wz\u00f3r: <strong>Prestige Steel<\/strong><\/span><br \/>\n<span style=\"color: #000000;\">Syfon: <strong>Viega<\/strong><\/span><br \/>\n<span style=\"color: #000000;\">Umiejscowienie syfonu: <strong>na \u015brodku<\/strong><\/span><br \/>\n<span style=\"color: #000000;\">Wymiary monta\u017cowe (wys. x szer. x d\u0142.):\u00a0<strong>7,4 cm x 4 cm x 60,5 cm<\/strong><\/span><\/p>\n<ul>\n<li><span style=\"color: #000000;\">Nowoczesny i minimalistyczny<\/span><\/li>\n<li><span style=\"color: #000000;\">Wyprodukowany w Polsce<\/span><\/li>\n<li><span style=\"color: #000000;\">Wysokiej jako\u015bci certyfikowana stal nierdzewna<\/span><\/li>\n<li><span style=\"color: #000000;\">Wygodne czyszczenie syfonu dzi\u0119ki sitku<\/span><\/li>\n<li><span style=\"color: #000000;\">Wysoka jako\u015b\u0107 wykonania<\/span><\/li>\n<li><span style=\"color: #000000;\">Tylko 4 cm g\u0142\u0119boko\u015bci zabudowy w \u015bcianie<\/span><\/li>\n<li><span style=\"color: #000000;\">Model wyst\u0119puje r\u00f3wnie\u017c w wersji czarnej<\/span><\/li>\n<li><span style=\"color: #000000;\">5 lat gwarancji<\/span><\/li>\n<\/ul>\n","protected":false},"featured_media":10641,"comment_status":"open","ping_status":"closed","template":"","meta":[],"_links":{"self":[{"href":"https:\/\/odplywy.com.pl\/old\/wp-json\/wp\/v2\/product\/10640"}],"collection":[{"href":"https:\/\/odplywy.com.pl\/old\/wp-json\/wp\/v2\/product"}],"about":[{"href":"https:\/\/odplywy.com.pl\/old\/wp-json\/wp\/v2\/types\/product"}],"replies":[{"embeddable":true,"href":"https:\/\/odplywy.com.pl\/old\/wp-json\/wp\/v2\/comments?post=10640"}],"wp:featuredmedia":[{"embeddable":true,"href":"https:\/\/odplywy.com.pl\/old\/wp-json\/wp\/v2\/media\/10641"}],"wp:attachment":[{"href":"https:\/\/odplywy.com.pl\/old\/wp-json\/wp\/v2\/media?parent=10640"}],"curies":[{"name":"wp","href":"https:\/\/api.w.org\/{rel}","templated":true}]}}