{"id":11837,"date":"2022-02-21T11:39:16","date_gmt":"2022-02-21T10:39:16","guid":{"rendered":"https:\/\/odplywy.com.pl\/old\/?post_type=product&#038;p=11837"},"modified":"2023-10-10T13:48:46","modified_gmt":"2023-10-10T11:48:46","slug":"odplyw-liniowy-waterway-premium-gold-black-wzor-prestige-steel","status":"publish","type":"product","link":"https:\/\/odplywy.com.pl\/old\/odplyw-liniowy-waterway-premium-gold-black-wzor-prestige-steel\/","title":{"rendered":"Odp\u0142yw liniowy Waterway Premium Black &#038; Gold, wz\u00f3r Prestige Steel"},"content":{"rendered":"<p>[vc_row][vc_column][vc_empty_space][vc_single_image image=&#8221;11887&#8243; img_size=&#8221;full&#8221;][\/vc_column][\/vc_row][vc_row][vc_column][vc_empty_space][vc_column_text]<\/p>\n<h3 style=\"text-align: center;\"><span style=\"color: #000000;\"><strong>Elegancki i ponadczasowy design<\/strong><\/span><\/h3>\n<p>[\/vc_column_text][vc_empty_space height=&#8221;15px&#8221;][\/vc_column][\/vc_row][vc_row][vc_column width=&#8221;1\/3&#8243;][vc_column_text]<span style=\"color: #000000;\">Odp\u0142yw liniowy <strong>Waterway Premium Black &amp; Gold<\/strong> zosta\u0142 stworzony dla os\u00f3b ceni\u0105cych ekskluzywne akcenty w aran\u017cacji. Czarno-z\u0142oty odp\u0142yw liniowy boczny pasuje do wielu kolor\u00f3w od czarnych do bia\u0142ych, pi\u0119knie komponuje si\u0119 z odcieniami granatu, fioletu, szaro\u015bci. Z\u0142ote akcenty pojawiaj\u0105 si\u0119 w projektach o r\u00f3\u017cnych stylach, w minimalistycznych z surowym betonem czy drewnem, ale tak\u017ce w wytwornych marmurowych .<\/span><\/p>\n<p><span style=\"color: #000000;\">Odp\u0142ywy Waterway Premium produkowane s\u0105 w naszej fabryce od podstaw, a ka\u017cdy odp\u0142yw przechodzi szczeg\u00f3\u0142owy proces kontroli.<\/span><br \/>\n<span style=\"color: #000000;\">Minimalna g\u0142\u0119boko\u015b\u0107 zabudowy tego odp\u0142ywu to 8,1 cm.<\/span><\/p>\n<p><span style=\"color: #000000;\">Model ten jest r\u00f3wnie\u017c dost\u0119pny w wersji niskiej, min. 6,2 cm<\/span>[\/vc_column_text][\/vc_column][vc_column width=&#8221;2\/3&#8243;][vc_empty_space height=&#8221;10px&#8221;][vc_single_image image=&#8221;11853&#8243; img_size=&#8221;full&#8221;][\/vc_column][\/vc_row][vc_row][vc_column][vc_empty_space][vc_empty_space][vc_column_text]<\/p>\n<h3 style=\"text-align: center;\"><span style=\"color: #000000;\"><strong>Kompletny zestaw monta\u017cowy<\/strong><\/span><\/h3>\n<p>[\/vc_column_text][vc_empty_space height=&#8221;5px&#8221;][\/vc_column][\/vc_row][vc_row][vc_column width=&#8221;1\/3&#8243;][vc_column_text]<\/p>\n<ul>\n<li><span style=\"color: #000000;\">koryto<\/span><\/li>\n<li><span style=\"color: #000000;\">maskownica\/ruszt<\/span><\/li>\n<li><span style=\"color: #000000;\">syfon McAlpine<\/span><\/li>\n<li><span style=\"color: #000000;\">stopki monta\u017cowe<\/span><\/li>\n<li><span style=\"color: #000000;\">mankiet uszczelniaj\u0105cy<\/span><\/li>\n<li><span style=\"color: #000000;\">za\u015blepka monta\u017cowa, kt\u00f3ra zabezpiecza koryto przed zabrudzeniami w czasie remontu<\/span><\/li>\n<li><span style=\"color: #000000;\">haczyk do podnoszenia maskownicy<\/span><\/li>\n<li><span style=\"color: #000000;\">instrukcja monta\u017cu<\/span><\/li>\n<\/ul>\n<p>[\/vc_column_text][\/vc_column][vc_column width=&#8221;2\/3&#8243;][vc_empty_space height=&#8221;10px&#8221;][vc_single_image image=&#8221;11859&#8243; img_size=&#8221;full&#8221;][vc_empty_space][\/vc_column][\/vc_row][vc_row][vc_column][vc_empty_space][vc_column_text]<\/p>\n<h3 style=\"text-align: center;\"><span style=\"color: #000000;\"><strong>Wysoka jako\u015b\u0107<\/strong><\/span><\/h3>\n<p>[\/vc_column_text][vc_empty_space height=&#8221;15px&#8221;][\/vc_column][\/vc_row][vc_row][vc_column width=&#8221;1\/3&#8243;][vc_column_text]<span style=\"color: #000000;\"><strong>Kolor czarny p\u00f3\u0142mat odp\u0142ywu to pow\u0142oka naniesiona w technologii proszkowej na stal nierdzewn\u0105. Kolor jest dodatkowo utwardzony,\u00a0<\/strong>aby zachowa\u0107 luksusowy wygl\u0105d przez lata.<\/span><\/p>\n<p><span style=\"color: #000000;\"><strong>Stal nierdzewna stosowana do produkcji odp\u0142yw\u00f3w Waterway, pochodzi z europejskich hut stali<\/strong>\u00a0(Niemcy, W\u0142ochy). Ka\u017cda partia stali posiada sw\u00f3j certyfikat, przez co mamy pewno\u015b\u0107, \u017ce jest to\u00a0<strong>stal wysokiej jako\u015bci<\/strong>. Do produkcji odp\u0142yw\u00f3w, od lat stosujemy ten sam gatunek stali, dzi\u0119ki czemu jeste\u015bmy pewni, \u017ce przez lata zachowa sw\u00f3j wygl\u0105d.<\/span>[\/vc_column_text][\/vc_column][vc_column width=&#8221;2\/3&#8243;][vc_single_image image=&#8221;10733&#8243; img_size=&#8221;full&#8221;][vc_empty_space][\/vc_column][\/vc_row][vc_row][vc_column width=&#8221;1\/3&#8243;][vc_column_text]<span style=\"color: #000000;\"><strong>Kolor z\u0142oty to pow\u0142oka metaliczna taka, jak na bateriach \u0142azienkowych.\u00a0<\/strong><\/span><\/p>\n<p>[\/vc_column_text][\/vc_column][vc_column width=&#8221;2\/3&#8243;][vc_single_image image=&#8221;11846&#8243; img_size=&#8221;full&#8221;][vc_empty_space][\/vc_column][\/vc_row][vc_row][vc_column][vc_empty_space][vc_column_text]<\/p>\n<h3 style=\"text-align: center;\"><span style=\"color: #000000;\"><strong>Produkujemy w Polsce<\/strong><\/span><\/h3>\n<p>[\/vc_column_text][vc_empty_space height=&#8221;15px&#8221;][\/vc_column][\/vc_row][vc_row][vc_column width=&#8221;1\/3&#8243;][vc_column_text]<span style=\"color: #000000;\"><strong>Odp\u0142ywy Waterway Premium Black &amp; Gold produkowane s\u0105 w naszej fabryce zlokalizowanej w Wyszkowie<\/strong>. <a href=\"https:\/\/odplywy.com.pl\/old\/\">Odp\u0142ywy<\/a> produkujemy ju\u017c od 12 lat, a ka\u017cdego roku nasze produkty s\u0105 instalowane w oko\u0142o 10 000 \u0142azienek w ca\u0142ej Europie. Produkujemy zar\u00f3wno na bardzo wymagaj\u0105ce rynki Europy Zachodniej, gdzie Klient ma ogromny wyb\u00f3r zachodnich marek, ale tak\u017ce na rynek Polski, Czech czy S\u0142owacji. Nasz sukces to jako\u015b\u0107 i niezawodno\u015b\u0107 produktu. <strong>Dbamy o ka\u017cdy detal produkowanych odp\u0142yw\u00f3w<\/strong>. Ka\u017cdy pojedynczy odp\u0142yw, przed zapakowaniem przechodzi przez <strong>szczeg\u00f3\u0142owy proces kontroli<\/strong> tak, aby zapewni\u0107 najwy\u017csz\u0105 jako\u015b\u0107 i funkcjonalno\u015b\u0107.<\/span>[\/vc_column_text][\/vc_column][vc_column width=&#8221;2\/3&#8243;][vc_empty_space height=&#8221;10px&#8221;][vc_single_image image=&#8221;10365&#8243; img_size=&#8221;full&#8221;][\/vc_column][\/vc_row][vc_row][vc_column][vc_empty_space][vc_empty_space][vc_column_text]<\/p>\n<h3 style=\"text-align: center;\"><span style=\"color: #000000;\"><strong>Precyzyjny i wygodny monta\u017c<\/strong><\/span><\/h3>\n<p>[\/vc_column_text][vc_empty_space height=&#8221;15px&#8221;][\/vc_column][\/vc_row][vc_row][vc_column width=&#8221;1\/3&#8243;][vc_column_text]<\/p>\n<ul>\n<li><span style=\"color: #000000;\"><strong>Kompletny zestaw<\/strong>, wszystko co niezb\u0119dne do wygodnego, bezpiecznego i czystego monta\u017cu.<\/span><\/li>\n<li><span style=\"color: #000000;\">Syfon umo\u017cliwia <strong>regulacje k\u0105ta pod\u0142\u0105czenia<\/strong> instalacji. Regulacja 360 stopni.<\/span><\/li>\n<li><span style=\"color: #000000;\"><strong>N\u00f3\u017cki poziomuj\u0105ce<\/strong>, daj\u0105ce mo\u017cliwo\u015b\u0107 precyzyjnego ustawienia odp\u0142ywu, wysoko\u015b\u0107 od 8,1 cm do 12,2 cm- w zale\u017cno\u015bci od potrzeb instalacyjnych.<\/span><\/li>\n<li><span style=\"color: #000000;\"><strong>Membrana uszczelniaj\u0105ca<\/strong> (mankiet uszczelniaj\u0105cy) z w\u0142\u00f3kna polietylenowego zapewniaj\u0105cy ca\u0142kowit\u0105 wodoszczelno\u015b\u0107 w newralgicznym miejscu, na styku odp\u0142ywu i wylewki.<\/span><\/li>\n<\/ul>\n<p>[\/vc_column_text][\/vc_column][vc_column width=&#8221;2\/3&#8243;][vc_single_image image=&#8221;11855&#8243; img_size=&#8221;full&#8221;][\/vc_column][\/vc_row][vc_row][vc_column][vc_empty_space][vc_column_text]<\/p>\n<h3 style=\"text-align: center;\"><span style=\"color: #000000;\"><strong>Komfort na co dzie\u0144<\/strong><\/span><\/h3>\n<p>[\/vc_column_text][vc_empty_space height=&#8221;15px&#8221;][\/vc_column][\/vc_row][vc_row][vc_column width=&#8221;1\/3&#8243;][vc_column_text]<\/p>\n<ul>\n<li><span style=\"color: #000000;\">Zar\u00f3wno elementy wystawione na codzienne ogl\u0105danie, jak i wewn\u0119trzne \u0142\u0105czenia, s\u0105<strong> idealnie wyko\u0144czone, g\u0142adkie i szczelne<\/strong>, dzi\u0119ki czemu mo\u017cna w wygodny spos\u00f3b dba\u0107 o czysto\u015b\u0107 i higien\u0119<\/span><\/li>\n<li><span style=\"color: #000000;\">Czyszczenie syfonu \u2013 <strong>niezwykle prosty spos\u00f3b czyszczenia<\/strong>, wystarczy podnie\u015b\u0107 maskownic\u0119\/ruszt i wyj\u0105\u0107 koszyczek z syfonu, wyczy\u015bci\u0107 i od\u0142o\u017cy\u0107.<\/span><\/li>\n<li><span style=\"color: #000000;\">Stabilno\u015b\u0107 i cisza- maskownice\/ruszty <strong>posiadaj\u0105 dystanse t\u0142umi\u0105ce<\/strong>, dzi\u0119ki czemu maskownica\/ruszt nie ha\u0142asuje i zawsze pozostaje dok\u0142adnie w tym miejscu, w kt\u00f3rym powinna by\u0107, zachowuj\u0105c idealne oddalenie od kraw\u0119dzi koryta, dzi\u0119ki temu odbi\u00f3r wody jest zawsze prawid\u0142owy.<\/span><\/li>\n<\/ul>\n<p>[\/vc_column_text][\/vc_column][vc_column width=&#8221;2\/3&#8243;][vc_single_image image=&#8221;11049&#8243; img_size=&#8221;full&#8221;][vc_empty_space][\/vc_column][\/vc_row][vc_row][vc_column][vc_empty_space][vc_column_text]<\/p>\n<h3 style=\"text-align: center;\"><span style=\"color: #000000;\"><strong>Jak prosto i profesjonalnie zmontowa\u0107 odp\u0142yw liniowy WATERWAY<\/strong><\/span><\/h3>\n<p>[\/vc_column_text][vc_video link=&#8221;https:\/\/youtu.be\/vRKqv1EzZ_8&#8243;][\/vc_column][\/vc_row][vc_row][vc_column][vc_empty_space][vc_empty_space][vc_column_text]<\/p>\n<h3 style=\"text-align: center;\"><span style=\"color: #000000;\"><strong>Bezp\u0142atna i szybka dostawa<\/strong><\/span><\/h3>\n<p>[\/vc_column_text][vc_column_text]<span style=\"color: #000000;\">Zam\u00f3wienia z\u0142o\u017cone do 12:00 w dni robocze, dostarczamy nast\u0119pnego dnia.<\/span>[\/vc_column_text][vc_empty_space height=&#8221;15px&#8221;][vc_single_image image=&#8221;10323&#8243; img_size=&#8221;full&#8221;][\/vc_column][\/vc_row][vc_row][vc_column][vc_empty_space][vc_empty_space][vc_column_text]<\/p>\n<h3 style=\"text-align: center;\"><span style=\"color: #000000;\"><strong>Waterway Gold &#8211; wzory do wyboru:<\/strong><\/span><\/h3>\n<p>[\/vc_column_text][\/vc_column][\/vc_row][vc_row][vc_column width=&#8221;1\/2&#8243;][vc_empty_space height=&#8221;25px&#8221;][vc_single_image image=&#8221;11858&#8243; img_size=&#8221;full&#8221; onclick=&#8221;custom_link&#8221; link=&#8221;https:\/\/odplywy.com.pl\/old\/odplyw-liniowy-waterway-slim-gold-wzor-prestige-steel\/&#8221;][\/vc_column][vc_column width=&#8221;1\/2&#8243;][vc_empty_space height=&#8221;25px&#8221;][vc_single_image image=&#8221;11857&#8243; img_size=&#8221;full&#8221; onclick=&#8221;custom_link&#8221; link=&#8221;https:\/\/odplywy.com.pl\/old\/odplyw-liniowy-waterway-premium-gold-wzor-prestige-steel\/&#8221;][\/vc_column][\/vc_row][vc_row][vc_column][vc_empty_space][vc_column_text]<\/p>\n<h3 style=\"text-align: center;\"><span style=\"color: #000000;\"><strong>Wymiary &#8211; rysunek techniczny<\/strong><\/span><\/h3>\n<p>[\/vc_column_text][vc_empty_space height=&#8221;15px&#8221;][\/vc_column][\/vc_row][vc_row][vc_column][vc_single_image image=&#8221;7335&#8243; img_size=&#8221;full&#8221;][vc_empty_space][\/vc_column][\/vc_row][vc_row][vc_column][vc_empty_space][vc_column_text]<\/p>\n<h3 style=\"text-align: center;\"><span style=\"color: #000000;\"><strong>Zobacz inne odp\u0142ywy Waterway<\/strong><\/span><\/h3>\n<p>[\/vc_column_text][vc_empty_space height=&#8221;15px&#8221;][\/vc_column][\/vc_row][vc_row][vc_column][vc_single_image image=&#8221;12242&#8243; img_size=&#8221;full&#8221;][vc_empty_space][\/vc_column][\/vc_row][vc_row][vc_column][vc_empty_space][vc_column_text]<\/p>\n<h3 style=\"text-align: center;\"><span style=\"color: #000000;\"><strong>Podstawowe parametry<\/strong><\/span><\/h3>\n<p>[\/vc_column_text][vc_empty_space height=&#8221;15px&#8221;][vc_raw_html]JTNDdGFibGUlM0UlMEElM0N0ciUzRSUwQSUzQ3RkJTNFTWF0ZXJpYSVDNSU4MiUyMGklMjBwb2Nob2R6ZW5pZSUzQyUyRnRkJTNFJTBBJTNDdGQlM0VTdGFsJTIwbmllcmR6ZXduYSUyMGNlcnR5Zmlrb3dhbmElMjAxLjQ1MDklMjAlMjhBSVNJNDQxJTI5JTNDJTJGdGQlM0UlMEElMEElM0MlMkZ0ciUzRSUwQSUwQSUzQ3RyJTNFJTBBJTNDdGQlM0VEb3N0JUM0JTk5cG5lJTIwZCVDNSU4MnVnbyVDNSU5QmNpJTNDJTJGdGQlM0UlMEElM0N0ZCUzRTYwJTIwY20lMjAlN0MlMjA3MCUyMGNtJTIwJTdDJTIwODAlMjBjbSUyMCU3QyUyMDkwJTIwY20lMjAlM0MlMkZ0ZCUzRSUwQSUwQSUwQSUzQyUyRnRyJTNFJTBBJTBBJTNDdHIlM0UlMEElM0N0ZCUzRVN6ZXJva28lQzUlOUIlQzQlODclMjBwb2tyeXd5JTBBJTNDJTJGdGQlM0UlMEElM0N0ZCUzRTc2bW0lM0MlMkZ0ZCUzRSUwQSUwQSUzQyUyRnRyJTNFJTBBJTBBJTNDdHIlM0UlMEElM0N0ZCUzRVphc3lmb25vd2FuaWUlMEElM0MlMkZ0ZCUzRSUwQSUzQ3RkJTNFTWNBbHBpbmUlMjAyNTI1NzAlMjBjenlzemN6b255JTIwb2QlMjBnJUMzJUIzcnklM0MlMkZ0ZCUzRSUwQSUwQSUzQyUyRnRyJTNFJTBBJTBBJTNDdHIlM0UlMEElM0N0ZCUzRU9kZWolQzUlOUJjaWUlMjB3b2R5JTBBJTNDJTJGdGQlM0UlMEElM0N0ZCUzRUROJTIwNTAlM0MlMkZ0ZCUzRSUwQSUwQSUzQyUyRnRyJTNFJTBBJTBBJTNDdHIlM0UlMEElM0N0ZCUzRVByemVwdXN0b3dvJUM1JTlCJUM0JTg3JTBBJTNDJTJGdGQlM0UlMEElM0N0ZCUzRTMzJTIwbCUyRm1pbi4lM0MlMkZ0ZCUzRSUwQSUwQSUzQyUyRnRyJTNFJTBBJTBBJTBBJTNDdHIlM0UlMEElM0N0ZCUzRSUwQUtsYXNhJTIwb2JjaSVDNCU4NSVDNSVCQ2VuaWElMEElM0MlMkZ0ZCUzRSUwQSUzQ3RkJTNFSzMlM0MlMkZ0ZCUzRSUwQSUwQSUzQyUyRnRyJTNFJTBBJTBBJTBBJTNDdHIlM0UlMEElM0N0ZCUzRVd5c29rbyVDNSU5QiVDNCU4NyUyMG9kcCVDNSU4Mnl3dSUwQSUzQyUyRnRkJTNFJTBBJTNDdGQlM0VaYWtyZXMlMjByZWd1bGFjamklMjA4MSUyMG1tJTIwJUUyJTgwJTkzJTIwMTIyJTIwbW0lM0MlMkZ0ZCUzRSUwQSUwQSUzQyUyRnRyJTNFJTBBJTBBJTBBJTNDdHIlM0UlMEElM0N0ZCUzRU5vcm1hJTIwd3lyb2J1JTBBJTNDJTJGdGQlM0UlMEElM0N0ZCUzRVBOLUVOJTIwMTI1My0xJTNBMjAxNSUzQyUyRnRkJTNFJTBBJTBBJTNDJTJGdHIlM0UlMEElMEElMEElM0N0ciUzRSUwQSUzQ3RkJTNFJTBBQ2VydHlmaWthdHklMEElM0MlMkZ0ZCUzRSUwQSUzQ3RkJTNFS3Jham93YSUyMERla2xhcmFjamElMjBXJUM1JTgyYSVDNSU5QmNpd28lQzUlOUJjaSUyMFUlQzUlQkN5dGtvd3ljaCUyMG5yJTIwMTEtMDElMkYyMDE5JTNDJTJGdGQlM0UlMEElMEElM0MlMkZ0ciUzRSUwQSUwQSUwQSUzQ3RyJTNFJTBBJTNDdGQlM0VSb2R6YWolMjB3em9ydSUzQyUyRnRkJTNFJTBBJTNDdGQlM0UyJTIwd3pvcnklMjBkbyUyMHd5Ym9ydSUzQyUyRnRkJTNFJTBBJTBBJTNDJTJGdHIlM0UlMEElMEElMEElM0N0ciUzRSUwQSUzQ3RkJTNFR3dhcmFuY2phJTNDJTJGdGQlM0UlMEElM0N0ZCUzRTUlMjBsYXQlMjBuYSUyMG9kcCVDNSU4Mnl3JTJDJTIwMiUyMGxhdGElMjBuYSUyMHBvdyVDNSU4Mm9raSUzQyUyRnRkJTNFJTBBJTBBJTNDJTJGdHIlM0UlMEElMEElMEElM0MlMkZ0YWJsZSUzRSUwQSUwQSUwQSUwQQ==[\/vc_raw_html][vc_empty_space][\/vc_column][\/vc_row][vc_row][vc_column][vc_column_text]<\/p>\n<h3 style=\"text-align: center;\"><span style=\"color: #000000;\"><strong>Model 3D<\/strong><\/span><\/h3>\n<p>[\/vc_column_text][vc_raw_html]JTNDaWZyYW1lJTIwc2Nyb2xsaW5nJTNEJTI3bm8lMjclMjBmcmFtZWJvcmRlciUzRCUyNzAlMjclMjBhbGxvd2Z1bGxzY3JlZW4lM0QlMjd0cnVlJTI3JTIwc3JjJTNEJTI3aHR0cHMlM0ElMkYlMkZ3d3cuM2Rjb250ZW50Y2VudHJhbC5jb20lMkZleHRlcm5hbC1zaXRlLWVtYmVkLmFzcHglM0Zmb3JtYXQlM0QzRCUyNmNhdGFsb2dpZCUzRDE3MSUyNm1vZGVsaWQlM0Q5MjQ3MTglMjZ3aWR0aCUzRDI1MCUyNmhlaWdodCUzRDI1MCUyNmVkcmF3JTNEdHJ1ZSUyNyUyMG5hbWUlM0QlMjdQcmV2aWV3RnJhbWUzRCUyNyUyMGlkJTNEJTI3UHJldmlld0ZyYW1lM0QlMjclMjB3aWR0aCUzRCUyNzQwMCUyNyUyMGhlaWdodCUzRCUyNzM1NSUyNyUzRSUzQyUyRmlmcmFtZSUzRSUzQ2JyJTJGJTNF[\/vc_raw_html][\/vc_column][\/vc_row][vc_row][vc_column][vc_column_text]<\/p>\n<h3 style=\"text-align: center;\"><strong>Dokumentacja<\/strong><\/h3>\n<p>[\/vc_column_text][vc_column_text]<\/p>\n<ul>\n<li><span style=\"color: #000000;\">Krajowa Deklaracja W\u0142a\u015bciwo\u015bci U\u017cytkowych nr 1-01\/2017 <a style=\"color: #000000;\" href=\"https:\/\/odplywy.com.pl\/old\/wp-content\/uploads\/2018\/07\/kdwu.pdf\" target=\"_blank\" rel=\"noopener noreferrer\">(PDF)<\/a><\/span><\/li>\n<li><span style=\"color: #000000;\">Instrukcja <a style=\"color: #000000;\" href=\"https:\/\/odplywy.com.pl\/old\/wp-content\/uploads\/2018\/07\/Instrukcja-2.pdf\" target=\"_blank\" rel=\"noopener noreferrer\">(PDF)<\/a><\/span><\/li>\n<\/ul>\n<p>[\/vc_column_text][\/vc_column][\/vc_row]<\/p>\n","protected":false},"excerpt":{"rendered":"<p><span style=\"color: #000000;\">Wz\u00f3r: <strong>Prestige Steel<\/strong><\/span><br \/>\n<span style=\"color: #000000;\">Syfon: <strong>McAlpine<\/strong><\/span><br \/>\n<span style=\"color: #000000;\">Umiejscowienie syfonu: <strong>na \u015brodku<\/strong><\/span><br \/>\n<span style=\"color: #000000;\">Wysoko\u015b\u0107 monta\u017cu: <strong>regulacja od 8,1 cm do 12,2 cm<\/strong><\/span><\/p>\n<ul>\n<li><span style=\"color: #000000;\">Elegancki i ponadczasowy<\/span><\/li>\n<li><span style=\"color: #000000;\">kolor: <strong>czarny p\u00f3\u0142mat\/z\u0142oty po\u0142ysk<\/strong><\/span><\/li>\n<li><span style=\"color: #000000;\">Wyprodukowany w Polsce<\/span><\/li>\n<li><span style=\"color: #000000;\">Wysokiej jako\u015bci certyfikowana stal nierdzewna<\/span><\/li>\n<li><span style=\"color: #000000;\">Czarny kolor naniesiony proszkowo i utwardzony<\/span><\/li>\n<li><span style=\"color: #000000;\">Metaliczna pow\u0142oka w kolorze z\u0142otym<\/span><\/li>\n<li><span style=\"color: #000000;\">Wygodne czyszczenie syfonu od g\u00f3ry<\/span><\/li>\n<li><span style=\"color: #000000;\">Wysoka jako\u015b\u0107 wykonania<\/span><\/li>\n<li><span style=\"color: #000000;\">Model wyst\u0119puje r\u00f3wnie\u017c w wersji niskiej, min. 6,2 cm<\/span><\/li>\n<li><span style=\"color: #000000;\">Gwarancja: 5 lat na odp\u0142ywy, 2 lata na pow\u0142oki<\/span><\/li>\n<\/ul>\n","protected":false},"featured_media":11847,"comment_status":"open","ping_status":"closed","template":"","meta":[],"_links":{"self":[{"href":"https:\/\/odplywy.com.pl\/old\/wp-json\/wp\/v2\/product\/11837"}],"collection":[{"href":"https:\/\/odplywy.com.pl\/old\/wp-json\/wp\/v2\/product"}],"about":[{"href":"https:\/\/odplywy.com.pl\/old\/wp-json\/wp\/v2\/types\/product"}],"replies":[{"embeddable":true,"href":"https:\/\/odplywy.com.pl\/old\/wp-json\/wp\/v2\/comments?post=11837"}],"wp:featuredmedia":[{"embeddable":true,"href":"https:\/\/odplywy.com.pl\/old\/wp-json\/wp\/v2\/media\/11847"}],"wp:attachment":[{"href":"https:\/\/odplywy.com.pl\/old\/wp-json\/wp\/v2\/media?parent=11837"}],"curies":[{"name":"wp","href":"https:\/\/api.w.org\/{rel}","templated":true}]}}