{"id":8838,"date":"2019-01-04T14:50:39","date_gmt":"2019-01-04T13:50:39","guid":{"rendered":"https:\/\/odplywy.com.pl\/old\/?post_type=product&#038;p=8838"},"modified":"2022-05-04T10:26:48","modified_gmt":"2022-05-04T08:26:48","slug":"odplyw-liniowy-waterway-presige-circle","status":"publish","type":"product","link":"https:\/\/odplywy.com.pl\/old\/odplyw-liniowy-waterway-presige-circle\/","title":{"rendered":"Odp\u0142yw liniowy Waterway Premium, wz\u00f3r Circle"},"content":{"rendered":"<p>[vc_row][vc_column][vc_empty_space][vc_single_image image=&#8221;11887&#8243; img_size=&#8221;full&#8221;][\/vc_column][\/vc_row][vc_row][vc_column][vc_empty_space][vc_column_text]<\/p>\n<h3 style=\"text-align: center;\"><span style=\"color: #000000;\"><strong>Elegancki i ponadczasowy design<\/strong><\/span><\/h3>\n<p>[\/vc_column_text][vc_empty_space height=&#8221;15px&#8221;][\/vc_column][\/vc_row][vc_row][vc_column width=&#8221;1\/3&#8243;][vc_column_text]<span style=\"color: #000000;\"><a style=\"color: #000000;\" href=\"https:\/\/odplywy.com.pl\/old\/odplywy-liniowe\/\">Odp\u0142ywy liniowe<\/a> <strong>Waterway Premium polecane s\u0105 do \u0142azienek, w kt\u00f3rych liczy si\u0119 elegancki wygl\u0105d, najwy\u017csza jako\u015b\u0107 wyko\u0144czenia, a tak\u017ce funkcjonalno\u015b\u0107.<\/strong> Ka\u017cdy odp\u0142yw wykonany zosta\u0142 z dba\u0142o\u015bci\u0105 o najdrobniejszy szczeg\u00f3\u0142. Do produkcji wykorzystujemy stal nierdzewn\u0105 najwy\u017cszej jako\u015bci. Stal delikatnie szczotkowana doda ka\u017cdej \u0142azience elegancji i stylu.<\/span><br \/>\n<span style=\"color: #000000;\">Odp\u0142ywy Waterway Premium produkowane s\u0105 w naszej fabryce od podstaw, a ka\u017cdy odp\u0142yw przechodzi szczeg\u00f3\u0142owy proces kontroli.<\/span><br \/>\n<span style=\"color: #000000;\">Minimalna g\u0142\u0119boko\u015b\u0107 zabudowy tego odp\u0142ywu to 8,1 cm.<\/span><\/p>\n<p><span style=\"color: #000000;\">Model ten jest r\u00f3wnie\u017c dost\u0119pny w wersji niskiej min 6,2 cm oraz z syfonem na boku.<\/span>[\/vc_column_text][\/vc_column][vc_column width=&#8221;2\/3&#8243;][vc_empty_space height=&#8221;10px&#8221;][vc_single_image image=&#8221;10504&#8243; img_size=&#8221;full&#8221;][\/vc_column][\/vc_row][vc_row][vc_column][vc_empty_space][vc_empty_space][vc_column_text]<\/p>\n<h3 style=\"text-align: center;\"><span style=\"color: #000000;\"><strong>Kompletny zestaw monta\u017cowy<\/strong><\/span><\/h3>\n<p>[\/vc_column_text][vc_empty_space height=&#8221;5px&#8221;][\/vc_column][\/vc_row][vc_row][vc_column width=&#8221;1\/3&#8243;][vc_column_text]<\/p>\n<ul>\n<li><span style=\"color: #000000;\">koryto<\/span><\/li>\n<li><span style=\"color: #000000;\">maskownica\/ruszt<\/span><\/li>\n<li><span style=\"color: #000000;\">syfon McAlpine<\/span><\/li>\n<li><span style=\"color: #000000;\">stopki monta\u017cowe<\/span><\/li>\n<li><span style=\"color: #000000;\">mankiet uszczelniaj\u0105cy<\/span><\/li>\n<li><span style=\"color: #000000;\">za\u015blepka monta\u017cowa, kt\u00f3ra zabezpiecza koryto przed zabrudzeniami w czasie remontu<\/span><\/li>\n<li><span style=\"color: #000000;\">haczyk do podnoszenia maskownicy<\/span><\/li>\n<li><span style=\"color: #000000;\">instrukcja monta\u017cu<\/span><\/li>\n<\/ul>\n<p>[\/vc_column_text][\/vc_column][vc_column width=&#8221;2\/3&#8243;][vc_empty_space height=&#8221;10px&#8221;][vc_single_image image=&#8221;8847&#8243; img_size=&#8221;full&#8221;][vc_empty_space][\/vc_column][\/vc_row][vc_row][vc_column][vc_empty_space][vc_column_text]<\/p>\n<h3 style=\"text-align: center;\"><span style=\"color: #000000;\"><strong>Wysokiej jako\u015bci stal nierdzewna<\/strong><\/span><\/h3>\n<p>[\/vc_column_text][vc_empty_space height=&#8221;15px&#8221;][\/vc_column][\/vc_row][vc_row][vc_column width=&#8221;1\/3&#8243;][vc_column_text]<span style=\"color: #000000;\"><strong>Stal nierdzewna stosowana do produkcji odp\u0142yw\u00f3w Waterway, pochodzi z europejskich hut stali<\/strong> (Niemcy, W\u0142ochy). Ka\u017cda partia stali posiada sw\u00f3j certyfikat, przez co mamy pewno\u015b\u0107 \u017ce jest to <strong>stal wysokiej jako\u015bci<\/strong>. Do produkcji odp\u0142yw\u00f3w od lat stosujemy ten sam gatunek stali, dzi\u0119ki czemu jeste\u015bmy pewnie, \u017ce przez lata zachowa sw\u00f3j wygl\u0105d.<\/span>[\/vc_column_text][\/vc_column][vc_column width=&#8221;2\/3&#8243;][vc_single_image image=&#8221;10449&#8243; img_size=&#8221;full&#8221;][vc_empty_space][\/vc_column][\/vc_row][vc_row][vc_column][vc_empty_space][vc_column_text]<\/p>\n<h3 style=\"text-align: center;\"><span style=\"color: #000000;\"><strong>Produkujemy w Polsce<\/strong><\/span><\/h3>\n<p>[\/vc_column_text][vc_empty_space height=&#8221;15px&#8221;][\/vc_column][\/vc_row][vc_row][vc_column width=&#8221;1\/3&#8243;][vc_column_text]<span style=\"color: #000000;\"><strong>Odp\u0142ywy Waterway produkowane s\u0105 w naszej fabryce zlokalizowanej w Wyszkowie<\/strong>. Odp\u0142ywy produkujemy ju\u017c od 12 lat, a ka\u017cdego roku nasze produkty s\u0105 instalowane w oko\u0142o 10 000 \u0142azienek w ca\u0142ej Europie. Produkujemy zar\u00f3wno na bardzo wymagaj\u0105ce rynki Europy Zachodniej, gdzie Klient ma ogromny wyb\u00f3r zachodnich marek, ale tak\u017ce na rynek Polski, Czech czy S\u0142owacji. Nasz sukces to jako\u015b\u0107 i niezawodno\u015b\u0107 produktu. <strong>Dbamy o ka\u017cdy detal produkowanych odp\u0142yw\u00f3w<\/strong>. Ka\u017cdy pojedynczy odp\u0142yw, przed zapakowaniem przechodzi przez <strong>szczeg\u00f3\u0142owy proces kontroli<\/strong> tak, aby zapewni\u0107 najwy\u017csz\u0105 jako\u015b\u0107 i funkcjonalno\u015b\u0107.<\/span>[\/vc_column_text][\/vc_column][vc_column width=&#8221;2\/3&#8243;][vc_empty_space height=&#8221;10px&#8221;][vc_single_image image=&#8221;10365&#8243; img_size=&#8221;full&#8221;][\/vc_column][\/vc_row][vc_row][vc_column][vc_empty_space][vc_empty_space][vc_column_text]<\/p>\n<h3 style=\"text-align: center;\"><span style=\"color: #000000;\"><strong>Precyzyjny i wygodny monta\u017c<\/strong><\/span><\/h3>\n<p>[\/vc_column_text][vc_empty_space height=&#8221;15px&#8221;][\/vc_column][\/vc_row][vc_row][vc_column width=&#8221;1\/3&#8243;][vc_column_text]<\/p>\n<ul>\n<li><span style=\"color: #000000;\"><strong>Kompletny zestaw<\/strong>, wszystko co niezb\u0119dne do wygodnego, bezpiecznego i czystego monta\u017cu.<\/span><\/li>\n<li><span style=\"color: #000000;\">Syfon umo\u017cliwia <strong>regulacje k\u0105ta pod\u0142\u0105czenia<\/strong> instalacji. Regulacja 360 stopni.<\/span><\/li>\n<li><span style=\"color: #000000;\"><strong>N\u00f3\u017cki poziomuj\u0105ce<\/strong>, daj\u0105ce mo\u017cliwo\u015b\u0107 precyzyjnego ustawienia odp\u0142ywu, wysoko\u015b\u0107 od 8,1 cm do 12,2 cm- w zale\u017cno\u015bci od potrzeb instalacyjnych.<\/span><\/li>\n<li><span style=\"color: #000000;\"><strong>Membrana uszczelniaj\u0105ca<\/strong> (mankiet uszczelniaj\u0105cy) z w\u0142\u00f3kna polietylenowego zapewniaj\u0105cy ca\u0142kowit\u0105 wodoszczelno\u015b\u0107 w newralgicznym miejscu, na styku odp\u0142ywu i wylewki.<\/span><\/li>\n<\/ul>\n<p>[\/vc_column_text][\/vc_column][vc_column width=&#8221;2\/3&#8243;][vc_single_image image=&#8221;10507&#8243; img_size=&#8221;full&#8221;][\/vc_column][\/vc_row][vc_row][vc_column][vc_empty_space][vc_column_text]<\/p>\n<h3 style=\"text-align: center;\"><span style=\"color: #000000;\"><strong>Komfort na co dzie\u0144<\/strong><\/span><\/h3>\n<p>[\/vc_column_text][vc_empty_space height=&#8221;15px&#8221;][\/vc_column][\/vc_row][vc_row][vc_column width=&#8221;1\/3&#8243;][vc_column_text]<\/p>\n<ul>\n<li><span style=\"color: #000000;\">Zar\u00f3wno elementy wystawione na codzienne ogl\u0105danie, jak i wewn\u0119trzne \u0142\u0105czenia s\u0105<strong> idealnie wyko\u0144czone, g\u0142adkie i szczelne<\/strong>, dzi\u0119ki czemu mo\u017cna w wygodny spos\u00f3b dba\u0107 o czysto\u015b\u0107 i higien\u0119<\/span><\/li>\n<li><span style=\"color: #000000;\">Czyszczenie syfonu \u2013 <strong>niezwykle prosty spos\u00f3b czyszczenia<\/strong>, wystarczy podnie\u015b\u0107 maskownic\u0119\/ruszt i wyj\u0105\u0107 koszyczek z syfonu, wyczy\u015bci\u0107 i od\u0142o\u017cy\u0107.<\/span><\/li>\n<li><span style=\"color: #000000;\">Stabilno\u015b\u0107 i cisza- maskownice\/ruszty <strong>posiadaj\u0105 dystanse t\u0142umi\u0105ce<\/strong>, dzi\u0119ki czemu maskownica\/ruszt nie ha\u0142asuje i zawsze pozostaje dok\u0142adnie w tym miejscu, w kt\u00f3rym powinna by\u0107, zachowuj\u0105c idealne oddalenie od kraw\u0119dzi koryta, dzi\u0119ki temu odbi\u00f3r wody jest zawsze prawid\u0142owy.<\/span><\/li>\n<\/ul>\n<p>[\/vc_column_text][\/vc_column][vc_column width=&#8221;2\/3&#8243;][vc_single_image image=&#8221;10444&#8243; img_size=&#8221;full&#8221;][vc_empty_space][\/vc_column][\/vc_row][vc_row][vc_column][vc_empty_space][vc_column_text]<\/p>\n<h3 style=\"text-align: center;\"><span style=\"color: #000000;\"><strong>Jak prosto i profesjonalnie zmontowa\u0107 odp\u0142yw liniowy WATERWAY<\/strong><\/span><\/h3>\n<p>[\/vc_column_text][vc_video link=&#8221;https:\/\/youtu.be\/vRKqv1EzZ_8&#8243;][\/vc_column][\/vc_row][vc_row][vc_column][vc_empty_space][vc_empty_space][vc_column_text]<\/p>\n<h3 style=\"text-align: center;\"><span style=\"color: #000000;\"><strong>Bezp\u0142atna i szybka dostawa<\/strong><\/span><\/h3>\n<p>[\/vc_column_text][vc_column_text]<span style=\"color: #000000;\">Zam\u00f3wienia z\u0142o\u017cone do 12:00 w dni robocze, dostarczamy nast\u0119pnego dnia.<\/span>[\/vc_column_text][vc_empty_space height=&#8221;15px&#8221;][vc_single_image image=&#8221;10323&#8243; img_size=&#8221;full&#8221;][\/vc_column][\/vc_row][vc_row][vc_column][vc_empty_space][vc_empty_space][vc_column_text]<\/p>\n<h3 style=\"text-align: center;\"><span style=\"color: #000000;\"><strong>Waterway Premium daje mo\u017cliwo\u015b\u0107 dopasowania maskownicy do ka\u017cdego stylu<\/strong><\/span><\/h3>\n<p>[\/vc_column_text][\/vc_column][\/vc_row][vc_row][vc_column width=&#8221;1\/6&#8243;][vc_empty_space height=&#8221;25px&#8221;][vc_single_image image=&#8221;10461&#8243; onclick=&#8221;custom_link&#8221; link=&#8221;https:\/\/odplywy.com.pl\/old\/odplyw-liniowy-waterway-built-in-wlasna-plytka\/&#8221;][\/vc_column][vc_column width=&#8221;1\/6&#8243;][vc_empty_space height=&#8221;25px&#8221;][vc_single_image image=&#8221;10458&#8243; onclick=&#8221;custom_link&#8221; link=&#8221;https:\/\/odplywy.com.pl\/old\/odplyw-liniowy-waterway\/&#8221;][\/vc_column][vc_column width=&#8221;1\/6&#8243;][vc_empty_space height=&#8221;25px&#8221;][vc_single_image image=&#8221;10465&#8243; onclick=&#8221;custom_link&#8221; link=&#8221;https:\/\/odplywy.com.pl\/old\/odplyw-liniowy-waterway-triangle\/&#8221;][\/vc_column][vc_column width=&#8221;1\/6&#8243;][vc_empty_space height=&#8221;25px&#8221;][vc_single_image image=&#8221;10464&#8243; onclick=&#8221;custom_link&#8221; link=&#8221;https:\/\/odplywy.com.pl\/old\/odplyw-liniowy-waterway-symetric\/&#8221;][\/vc_column][vc_column width=&#8221;1\/6&#8243;][vc_empty_space height=&#8221;25px&#8221;][vc_single_image image=&#8221;10462&#8243; onclick=&#8221;custom_link&#8221; link=&#8221;https:\/\/odplywy.com.pl\/old\/odplyw-liniowy-waterway-presige-circle\/&#8221;][\/vc_column][vc_column width=&#8221;1\/6&#8243;][vc_empty_space height=&#8221;25px&#8221;][vc_single_image image=&#8221;10463&#8243; onclick=&#8221;custom_link&#8221; link=&#8221;https:\/\/odplywy.com.pl\/old\/odplyw-liniowy-waterway-z-maskownica-ocean\/&#8221;][vc_empty_space][\/vc_column][\/vc_row][vc_row][vc_column][vc_empty_space][vc_column_text]<\/p>\n<h3 style=\"text-align: center;\"><span style=\"color: #000000;\"><strong>Wymiary &#8211; rysunek techniczny<\/strong><\/span><\/h3>\n<p>[\/vc_column_text][vc_empty_space height=&#8221;15px&#8221;][\/vc_column][\/vc_row][vc_row][vc_column][vc_single_image image=&#8221;7335&#8243; img_size=&#8221;full&#8221;][vc_empty_space height=&#8221;15px&#8221;][\/vc_column][\/vc_row][vc_row][vc_column][vc_empty_space][vc_column_text]<\/p>\n<h3 style=\"text-align: center;\"><span style=\"color: #000000;\"><strong>Zobacz inne odp\u0142ywy Waterway<\/strong><\/span><\/h3>\n<p>[\/vc_column_text][vc_empty_space height=&#8221;15px&#8221;][\/vc_column][\/vc_row][vc_row][vc_column][vc_single_image image=&#8221;12242&#8243; img_size=&#8221;full&#8221;][vc_empty_space height=&#8221;15px&#8221;][\/vc_column][\/vc_row][vc_row][vc_column][vc_empty_space][vc_column_text]<\/p>\n<h3 style=\"text-align: center;\"><span style=\"color: #000000;\"><strong>Podstawowe parametry<\/strong><\/span><\/h3>\n<p>[\/vc_column_text][vc_empty_space height=&#8221;15px&#8221;][vc_raw_html]JTNDdGFibGUlM0UlMEElM0N0ciUzRSUwQSUzQ3RkJTNFTWF0ZXJpYSVDNSU4MiUyMGklMjBwb2Nob2R6ZW5pZSUzQyUyRnRkJTNFJTBBJTNDdGQlM0VTdGFsJTIwbmllcmR6ZXduYSUyMGNlcnR5Zmlrb3dhbmElMjAxLjQ1MDklMjAlMjhBSVNJNDQxJTI5JTNDJTJGdGQlM0UlMEElMEElM0MlMkZ0ciUzRSUwQSUwQSUzQ3RyJTNFJTBBJTNDdGQlM0VEb3N0JUM0JTk5cG5lJTIwZCVDNSU4MnVnbyVDNSU5QmNpJTNDJTJGdGQlM0UlMEElM0N0ZCUzRTUwJTIwY20lMjAlN0MlMjA2MCUyMGNtJTIwJTdDJTIwNjAlMjBjbSUyMCU3QyUyMDcwJTIwY20lMjAlN0MlMjA4MCUyMGNtJTIwJTdDJTIwOTAlMjBjbSUyMCU3QyUyMDEwMCUyMGNtJTIwJTdDJTIwMTEwJTIwY20lMjAlN0MlMjAxMjAlMjBjbSUzQyUyRnRkJTNFJTBBJTBBJTBBJTNDJTJGdHIlM0UlMEElMEElM0N0ciUzRSUwQSUzQ3RkJTNFU3plcm9rbyVDNSU5QiVDNCU4NyUyMHBva3J5d3klMEElM0MlMkZ0ZCUzRSUwQSUzQ3RkJTNFNzZtbSUzQyUyRnRkJTNFJTBBJTBBJTNDJTJGdHIlM0UlMEElMEElM0N0ciUzRSUwQSUzQ3RkJTNFWmFzeWZvbm93YW5pZSUwQSUzQyUyRnRkJTNFJTBBJTNDdGQlM0VNY0FscGluZSUyMDI1MjU3MCUyMGN6eXN6Y3pvbnklMjBvZCUyMGclQzMlQjNyeSUzQyUyRnRkJTNFJTBBJTBBJTNDJTJGdHIlM0UlMEElMEElM0N0ciUzRSUwQSUzQ3RkJTNFT2RlaiVDNSU5QmNpZSUyMHdvZHklMEElM0MlMkZ0ZCUzRSUwQSUzQ3RkJTNFRE4lMjA1MCUzQyUyRnRkJTNFJTBBJTBBJTNDJTJGdHIlM0UlMEElMEElM0N0ciUzRSUwQSUzQ3RkJTNFUHJ6ZXB1c3Rvd28lQzUlOUIlQzQlODclMEElM0MlMkZ0ZCUzRSUwQSUzQ3RkJTNFMzMlMjBsJTJGbWluLiUzQyUyRnRkJTNFJTBBJTBBJTNDJTJGdHIlM0UlMEElMEElMEElM0N0ciUzRSUwQSUzQ3RkJTNFJTBBS2xhc2ElMjBvYmNpJUM0JTg1JUM1JUJDZW5pYSUwQSUzQyUyRnRkJTNFJTBBJTNDdGQlM0VLMyUzQyUyRnRkJTNFJTBBJTBBJTNDJTJGdHIlM0UlMEElMEElMEElM0N0ciUzRSUwQSUzQ3RkJTNFV3lzb2tvJUM1JTlCJUM0JTg3JTIwb2RwJUM1JTgyeXd1JTBBJTNDJTJGdGQlM0UlMEElM0N0ZCUzRVpha3JlcyUyMHJlZ3VsYWNqaSUyMDgxJTIwbW0lMjAlRTIlODAlOTMlMjAxMjIlMjBtbSUzQyUyRnRkJTNFJTBBJTBBJTNDJTJGdHIlM0UlMEElMEElMEElM0N0ciUzRSUwQSUzQ3RkJTNFTm9ybWElMjB3eXJvYnUlMEElM0MlMkZ0ZCUzRSUwQSUzQ3RkJTNFUE4tRU4lMjAxMjUzLTElM0EyMDE1JTNDJTJGdGQlM0UlMEElMEElM0MlMkZ0ciUzRSUwQSUwQSUwQSUzQ3RyJTNFJTBBJTNDdGQlM0UlMEFDZXJ0eWZpa2F0eSUwQSUzQyUyRnRkJTNFJTBBJTNDdGQlM0VLcmFqb3dhJTIwRGVrbGFyYWNqYSUyMFclQzUlODJhJUM1JTlCY2l3byVDNSU5QmNpJTIwVSVDNSVCQ3l0a293eWNoJTIwbnIlMjAxMS0wMSUyRjIwMTklM0MlMkZ0ZCUzRSUwQSUwQSUzQyUyRnRyJTNFJTBBJTBBJTBBJTNDdHIlM0UlMEElM0N0ZCUzRVJvZHphaiUyMHd6b3J1JTNDJTJGdGQlM0UlMEElM0N0ZCUzRTYlMjB3em9yJUMzJUIzdyUyMGRvJTIwd3lib3J1JTNDJTJGdGQlM0UlMEElMEElM0MlMkZ0ciUzRSUwQSUwQSUwQSUzQ3RyJTNFJTBBJTNDdGQlM0VHd2FyYW5jamElM0MlMkZ0ZCUzRSUwQSUzQ3RkJTNFNSUyMGxhdCUzQyUyRnRkJTNFJTBBJTBBJTNDJTJGdHIlM0UlMEElMEElMEElM0MlMkZ0YWJsZSUzRSUwQSUwQSUwQSUwQQ==[\/vc_raw_html][vc_empty_space][\/vc_column][\/vc_row][vc_row][vc_column][vc_column_text]<\/p>\n<h3 style=\"text-align: center;\"><span style=\"color: #000000;\"><strong>Model 3D<\/strong><\/span><\/h3>\n<p>[\/vc_column_text][vc_raw_html]JTNDaWZyYW1lJTIwc2Nyb2xsaW5nJTNEJTI3bm8lMjclMjBmcmFtZWJvcmRlciUzRCUyNzAlMjclMjBhbGxvd2Z1bGxzY3JlZW4lM0QlMjd0cnVlJTI3JTIwc3JjJTNEJTI3aHR0cHMlM0ElMkYlMkZ3d3cuM2Rjb250ZW50Y2VudHJhbC5jb20lMkZleHRlcm5hbC1zaXRlLWVtYmVkLmFzcHglM0Zmb3JtYXQlM0QzRCUyNmNhdGFsb2dpZCUzRDE3MSUyNm1vZGVsaWQlM0Q5MjQ3MTglMjZ3aWR0aCUzRDI1MCUyNmhlaWdodCUzRDI1MCUyNmVkcmF3JTNEdHJ1ZSUyNyUyMG5hbWUlM0QlMjdQcmV2aWV3RnJhbWUzRCUyNyUyMGlkJTNEJTI3UHJldmlld0ZyYW1lM0QlMjclMjB3aWR0aCUzRCUyNzQwMCUyNyUyMGhlaWdodCUzRCUyNzM1NSUyNyUzRSUzQyUyRmlmcmFtZSUzRSUzQ2JyJTJGJTNF[\/vc_raw_html][\/vc_column][\/vc_row][vc_row][vc_column][vc_column_text]<\/p>\n<h3 style=\"text-align: center;\"><strong>Dokumentacja<\/strong><\/h3>\n<p>[\/vc_column_text][vc_column_text]<\/p>\n<ul>\n<li><span style=\"color: #000000;\">Krajowa Deklaracja W\u0142a\u015bciwo\u015bci U\u017cytkowych nr 1-01\/2017 <a style=\"color: #000000;\" href=\"https:\/\/odplywy.com.pl\/old\/wp-content\/uploads\/2018\/07\/kdwu.pdf\" target=\"_blank\" rel=\"noopener noreferrer\">(PDF)<\/a><\/span><\/li>\n<li><span style=\"color: #000000;\">Instrukcja <a style=\"color: #000000;\" href=\"https:\/\/odplywy.com.pl\/old\/wp-content\/uploads\/2018\/07\/Instrukcja-2.pdf\" target=\"_blank\" rel=\"noopener noreferrer\">(PDF)<\/a><\/span><\/li>\n<\/ul>\n<p>[\/vc_column_text][\/vc_column][\/vc_row]<\/p>\n","protected":false},"excerpt":{"rendered":"<p><span style=\"color: #000000;\">Wz\u00f3r: <strong>Circle<\/strong><\/span><br \/>\n<span style=\"color: #000000;\">Syfon: <strong>McAlpine<\/strong><\/span><br \/>\n<span style=\"color: #000000;\">Umiejscowienie syfonu: <strong>na \u015brodku<\/strong><\/span><br \/>\n<span style=\"color: #000000;\">Wysoko\u015b\u0107 monta\u017cu: <strong>regulacja od 8,1 cm do 12,2 cm<\/strong><\/span><\/p>\n<ul>\n<li><span style=\"color: #000000;\">Elegancki i ponadczasowy<\/span><\/li>\n<li><span style=\"color: #000000;\">Wyprodukowany w Polsce<\/span><\/li>\n<li><span style=\"color: #000000;\">Wysokiej jako\u015bci certyfikowana stal nierdzewna<\/span><\/li>\n<li><span style=\"color: #000000;\">Wygodne czyszczenie syfonu od g\u00f3ry<\/span><\/li>\n<li><span style=\"color: #000000;\">Wysoka jako\u015b\u0107 wykonania<\/span><\/li>\n<li><span style=\"color: #000000;\">Model wyst\u0119puje r\u00f3wnie\u017c w wersji niskiej, min. 6,2 cm<\/span><\/li>\n<li><span style=\"color: #000000;\">Model wyst\u0119puje r\u00f3wnie\u017c w wersji z syfonem na boku<\/span><\/li>\n<li><span style=\"color: #000000;\">5 lat gwarancji<\/span><\/li>\n<\/ul>\n","protected":false},"featured_media":10462,"comment_status":"open","ping_status":"closed","template":"","meta":[],"_links":{"self":[{"href":"https:\/\/odplywy.com.pl\/old\/wp-json\/wp\/v2\/product\/8838"}],"collection":[{"href":"https:\/\/odplywy.com.pl\/old\/wp-json\/wp\/v2\/product"}],"about":[{"href":"https:\/\/odplywy.com.pl\/old\/wp-json\/wp\/v2\/types\/product"}],"replies":[{"embeddable":true,"href":"https:\/\/odplywy.com.pl\/old\/wp-json\/wp\/v2\/comments?post=8838"}],"wp:featuredmedia":[{"embeddable":true,"href":"https:\/\/odplywy.com.pl\/old\/wp-json\/wp\/v2\/media\/10462"}],"wp:attachment":[{"href":"https:\/\/odplywy.com.pl\/old\/wp-json\/wp\/v2\/media?parent=8838"}],"curies":[{"name":"wp","href":"https:\/\/api.w.org\/{rel}","templated":true}]}}