{"id":8904,"date":"2019-01-04T20:11:28","date_gmt":"2019-01-04T19:11:28","guid":{"rendered":"https:\/\/odplywy.com.pl\/old\/?post_type=product&#038;p=8904"},"modified":"2020-12-16T16:39:09","modified_gmt":"2020-12-16T15:39:09","slug":"odplyw-kwadratowy-waterway-z-maskownica-sun","status":"publish","type":"product","link":"https:\/\/odplywy.com.pl\/old\/odplyw-kwadratowy-waterway-z-maskownica-sun\/","title":{"rendered":"Odp\u0142yw kwadratowy Waterway z maskownic\u0105 Sun 15x15cm"},"content":{"rendered":"<p>[vc_row][vc_column][vc_column_text]<\/p>\n<h3>Podstawowe parametry<\/h3>\n<p>[\/vc_column_text][vc_empty_space][vc_raw_html]JTNDdGFibGUlM0UlMEElM0N0ciUzRSUwQSUzQ3RkJTNFTWF0ZXJpYSVDNSU4MiUyMGklMjBwb2Nob2R6ZW5pZSUzQyUyRnRkJTNFJTBBJTNDdGQlM0VTdGFsJTIwbmllcmR6ZXduYSUyMGNlcnR5Zmlrb3dhbmElMjAxLjQ1MDklMjAlMjhBSVNJNDQxJTI5JTNDJTJGdGQlM0UlMEElMEElM0MlMkZ0ciUzRSUwQSUwQSUwQSUwQSUzQ3RyJTNFJTBBJTNDdGQlM0VSb3ptaWFyJTIwcG9rcnl3eSUyRm1hc2tvd25pY3klMEElM0MlMkZ0ZCUzRSUwQSUzQ3RkJTNFMTUwbW0lMjB4JTIwMTUwbW0lM0MlMkZ0ZCUzRSUwQSUwQSUzQyUyRnRyJTNFJTBBJTBBJTNDdHIlM0UlMEElM0N0ZCUzRVphc3lmb25vd2FuaWUlMEElM0MlMkZ0ZCUzRSUwQSUzQ3RkJTNFTWNBbHBpbmUlMjAyNTI1NzAlMjBjenlzemN6b255JTIwb2QlMjBnJUMzJUIzcnklM0MlMkZ0ZCUzRSUwQSUwQSUzQyUyRnRyJTNFJTBBJTBBJTNDdHIlM0UlMEElM0N0ZCUzRU9kZWolQzUlOUJjaWUlMjB3b2R5JTBBJTNDJTJGdGQlM0UlMEElM0N0ZCUzRUROJTIwNTAlMjB6JTIwbW8lQzUlQkNsaXdvJUM1JTlCY2klQzQlODUlMjBza3IlQzMlQjNjZW5pYSUyMGRvJTIwRE40MCUzQyUyRnRkJTNFJTBBJTBBJTNDJTJGdHIlM0UlMEElMEElM0N0ciUzRSUwQSUzQ3RkJTNFUHJ6ZXB1c3Rvd28lQzUlOUIlQzQlODclMEElM0MlMkZ0ZCUzRSUwQSUzQ3RkJTNFMCUyQzY1JTIwbCUyRnMlM0MlMkZ0ZCUzRSUwQSUwQSUzQyUyRnRyJTNFJTBBJTBBJTBBJTNDdHIlM0UlMEElM0N0ZCUzRSUwQUtsYXNhJTIwb2JjaSVDNCU4NSVDNSVCQ2VuaWElMEElM0MlMkZ0ZCUzRSUwQSUzQ3RkJTNFSzMlM0MlMkZ0ZCUzRSUwQSUwQSUzQyUyRnRyJTNFJTBBJTBBJTBBJTNDdHIlM0UlMEElM0N0ZCUzRVd5c29rbyVDNSU5QiVDNCU4NyUyMG9kcCVDNSU4Mnl3dSUwQSUzQyUyRnRkJTNFJTBBJTNDdGQlM0VaYWtyZXMlMjByZWd1bGFjamklMjA4MSUyMG1tJTIwJUUyJTgwJTkzJTIwMTIyJTIwbW0lM0MlMkZ0ZCUzRSUwQSUwQSUzQyUyRnRyJTNFJTBBJTBBJTBBJTNDdHIlM0UlMEElM0N0ZCUzRU5vcm1hJTIwd3lyb2J1JTBBJTNDJTJGdGQlM0UlMEElM0N0ZCUzRVBOLUVOJTIwMTI1My0xJTNBMjAxNSUzQyUyRnRkJTNFJTBBJTBBJTNDJTJGdHIlM0UlMEElMEElMEElM0N0ciUzRSUwQSUzQ3RkJTNFJTBBQ2VydHlmaWthdHklMEElM0MlMkZ0ZCUzRSUwQSUzQ3RkJTNFS3Jham93YSUyMERla2xhcmFjamElMjBXJUM1JTgyYSVDNSU5QmNpd28lQzUlOUJjaSUyMFUlQzUlQkN5dGtvd3ljaCUyMG5yJTIwMS0wMSUyRjIwMTclM0MlMkZ0ZCUzRSUwQSUwQSUzQyUyRnRyJTNFJTBBJTBBJTBBJTNDdHIlM0UlMEElM0N0ZCUzRVJvZHphaiUyMHd6b3J1JTNDJTJGdGQlM0UlMEElM0N0ZCUzRTMlMjB3em9yeSUyMGRvJTIwd3lib3J1JTNDJTJGdGQlM0UlMEElMEElM0MlMkZ0ciUzRSUwQSUwQSUwQSUzQ3RyJTNFJTBBJTNDdGQlM0VHd2FyYW5jamElM0MlMkZ0ZCUzRSUwQSUzQ3RkJTNFNSUyMGxhdCUzQyUyRnRkJTNFJTBBJTBBJTNDJTJGdHIlM0UlMEElMEElMEElM0MlMkZ0YWJsZSUzRSUwQSUwQSUwQSUwQQ==[\/vc_raw_html][vc_empty_space][vc_empty_space][vc_column_text]<\/p>\n<h3>Zawarto\u015b\u0107 zestawu<\/h3>\n<p>[\/vc_column_text][vc_empty_space][\/vc_column][\/vc_row][vc_row][vc_column width=&#8221;1\/2&#8243;][vc_raw_html]JTNDdGFibGUlM0UlMEElMEElM0N0ciUzRSUwQSUzQ3RkJTNFJTNDdSUyMHN0eWxlJTNEJTIyY29sb3IlM0ElMjBibGFjayUyMiUzRSUzQ3NwYW4lMjBzdHlsZSUzRCUyMmNvbG9yJTNBJTIwYmxhY2slMjIlM0VFbGVtZW50JTNDJTJGc3BhbiUzRSUzQyUyRnUlM0UlM0MlMkZ0ZCUzRSUwQSUzQ3RkJTNFJTNDdSUyMHN0eWxlJTNEJTIyY29sb3IlM0ElMjBibGFjayUyMiUzRSUzQ3NwYW4lMjBzdHlsZSUzRCUyMmNvbG9yJTNBJTIwYmxhY2slMjIlM0VJbG8lQzUlOUIlQzQlODclM0MlMkZzcGFuJTNFJTNDJTJGdSUzRSUzQyUyRnRkJTNFJTBBJTNDJTJGdHIlM0UlMEElMEElM0N0ciUzRSUwQSUzQ3RkJTNFS29yeXRvJTNDJTJGdGQlM0UlMEElM0N0ZCUzRTElMjBzenQuJTNDJTJGdGQlM0UlMEElM0MlMkZ0ciUzRSUwQSUwQSUwQSUzQ3RyJTNFJTBBJTNDdGQlM0VNYXNrb3duaWNhJTJGcnVzenQlM0MlMkZ0ZCUzRSUwQSUzQ3RkJTNFMSUyMHN6dC4lM0MlMkZ0ZCUzRSUwQSUzQyUyRnRyJTNFJTBBJTBBJTBBJTNDdHIlM0UlMEElM0N0ZCUzRVN5Zm9uJTIwTWNBbHBpbmUlM0MlMkZ0ZCUzRSUwQSUzQ3RkJTNFMSUyMHN6dC4lM0MlMkZ0ZCUzRSUwQSUzQyUyRnRyJTNFJTBBJTBBJTBBJTNDdHIlM0UlMEElM0N0ZCUzRVN0b3BraSUyMG1vbnRhJUM1JUJDb3dlJTNDJTJGdGQlM0UlMEElM0N0ZCUzRTIlMjBrcGwuJTNDJTJGdGQlM0UlMEElM0MlMkZ0ciUzRSUwQSUwQSUwQSUzQ3RyJTNFJTBBJTNDdGQlM0VNYW5raWV0JTIwdXN6Y3plbG5pYWolQzQlODVjeSUzQyUyRnRkJTNFJTBBJTNDdGQlM0UxJTIwc3p0LiUzQyUyRnRkJTNFJTBBJTNDJTJGdHIlM0UlMEElMEElMEElM0N0ciUzRSUwQSUzQ3RkJTNFSW5zdHJ1a2NqYSUyMG1vbnRhJUM1JUJDdSUzQyUyRnRkJTNFJTBBJTNDdGQlM0UxJTIwc3p0LiUzQyUyRnRkJTNFJTBBJTNDJTJGdHIlM0UlMEElMEElM0MlMkZ0YWJsZSUzRQ==[\/vc_raw_html][vc_empty_space][vc_empty_space][\/vc_column][vc_column width=&#8221;1\/2&#8243;][vc_single_image image=&#8221;8879&#8243; img_size=&#8221;medium&#8221;][\/vc_column][\/vc_row][vc_row][vc_column][vc_column_text]<\/p>\n<h2>Zalety odp\u0142ywu kwadratowego Waterway z maskownic\u0105 Sun<\/h2>\n<p>[\/vc_column_text][vc_empty_space][\/vc_column][\/vc_row][vc_row][vc_column width=&#8221;1\/2&#8243;][vc_single_image image=&#8221;8784&#8243; img_size=&#8221;medium&#8221;][\/vc_column][vc_column width=&#8221;1\/2&#8243;][vc_empty_space][vc_column_text]<strong>Trwa\u0142o\u015b\u0107 na lata<\/strong><\/p>\n<p>Produkujemy w Polsce z najwy\u017cszej jako\u015bci polskiej stali nierdzewnej 1.4509 (AISI441), mocnej i trwa\u0142ej, daj\u0105cej gwarancj\u0119 bezpiecze\u0144stwa i estetycznego wygl\u0105du na d\u0142ugie lata. Jeste\u015bmy pewni jako\u015bci naszych odp\u0142yw\u00f3w dlatego dajemy naszym Klientom 5 lat gwarancji producenta.[\/vc_column_text][\/vc_column][\/vc_row][vc_row][vc_column width=&#8221;1\/2&#8243;][vc_empty_space][vc_column_text]<strong>Polska produkcja<\/strong><\/p>\n<p>Jeste\u015bmy producentem. Odp\u0142ywy liniowe produkujemy od 2009 roku. Naszymi Klientami s\u0105 firmy z: Polski, Niemiec, Francji, Hiszpanii, Wielkiej Brytanii, W\u0142och. S\u0105 to bardzo wymagaj\u0105cy Klienci kt\u00f3rzy zaufali nam. Kupuj\u0105c w tym sklepie internetowym, kupujesz prosto od producenta.[\/vc_column_text][\/vc_column][vc_column width=&#8221;1\/2&#8243;][vc_empty_space][vc_single_image image=&#8221;8793&#8243; img_size=&#8221;medium&#8221;][\/vc_column][\/vc_row][vc_row][vc_column][vc_empty_space][vc_empty_space][vc_column_text el_class=&#8221;lista&#8221;]<strong>Precyzyjny i wygodny monta\u017c<\/strong><\/p>\n<ul>\n<li>Kompletny zestaw, wszystko co niezb\u0119dne do wygodnego, bezpiecznego i czystego monta\u017cu.<\/li>\n<li>Syfon obrotowy, prosto i wygodnie mo\u017cna ustawi\u0107 pod wymaganym przez warunki w \u0142azience k\u0105tem.<\/li>\n<li>N\u00f3\u017cki poziomuj\u0105ce, daj\u0105ce mo\u017cliwo\u015b\u0107 precyzyjnego ustawienia odp\u0142ywu, wysoko\u015b\u0107 od 8,1 cm do 12,2 cm- w zale\u017cno\u015bci od potrzeb instalacyjnych.<\/li>\n<li>Membrana uszczelniaj\u0105ca (mankiet uszczelniaj\u0105cy) z w\u0142\u00f3kna polietylenowego zapewniaj\u0105cy ca\u0142kowit\u0105 wodoszczelno\u015b\u0107 w newralgicznym miejscu, na styku odp\u0142ywu i wylewki.<\/li>\n<\/ul>\n<p>[\/vc_column_text][\/vc_column][\/vc_row][vc_row][vc_column][vc_empty_space][vc_empty_space][vc_column_text el_class=&#8221;lista&#8221;]<strong>Komfort na co dzie\u0144<\/strong><\/p>\n<ul>\n<li>Zar\u00f3wno elementy wystawione na codzienne ogl\u0105danie, jak i wewn\u0119trzne \u0142\u0105czenia s\u0105 idealnie wyko\u0144czone, g\u0142adkie i szczelne, dzi\u0119ki czemu jest niezwykle prosto dba\u0107 o czysto\u015b\u0107 i higien\u0119.<\/li>\n<li>Czyszczenie syfonu &#8211; niezwykle prosty spos\u00f3b czyszczenia, wystarczy podnie\u015b\u0107 maskownic\u0119\/ruszt i wyj\u0105\u0107 koszyczek z syfonu- wyczy\u015bci\u0107 i od\u0142o\u017cy\u0107.<\/li>\n<li>Stabilno\u015b\u0107 i cisza- maskownice\/ruszty posiadaj\u0105 dystanse t\u0142umi\u0105ce, dzi\u0119ki czemu maskownica\/ruszt nie ha\u0142asuje i zawsze pozostaje dok\u0142adnie w tym miejscu, w kt\u00f3rym powinna by\u0107, zachowuj\u0105c idealne oddalenie od kraw\u0119dzi koryta, dzi\u0119ki temu odbi\u00f3r wody jest zawsze prawid\u0142owy.<\/li>\n<\/ul>\n<p>[\/vc_column_text][vc_empty_space][vc_empty_space][\/vc_column][\/vc_row][vc_row][vc_column][vc_column_text]<\/p>\n<h3>Bezp\u0142atna i szybka dostawa odp\u0142ywu<\/h3>\n<p>[\/vc_column_text][vc_empty_space][vc_column_text]<b><span style=\"color: #ff0000;\">Dla naszych Klient\u00f3w oferujemy bezp\u0142atn\u0105 dostaw\u0119 kurierem.<\/span><\/b><\/p>\n<p>&nbsp;<\/p>\n<p><b><span style=\"color: #ff0000;\">Wszystkie zam\u00f3wienia z\u0142o\u017cone do godziny 12:00 dostarczamy nast\u0119pnego dnia roboczego (dotyczy to 99,9% przypadk\u00f3w, te pozosta\u0142e 0,01% to przypadki losowe, np. awaria samochodu kuriera).<\/span><\/b>[\/vc_column_text][vc_empty_space][vc_single_image image=&#8221;7334&#8243; img_size=&#8221;full&#8221;][\/vc_column][\/vc_row][vc_row][vc_column][vc_empty_space][vc_empty_space][vc_column_text]<\/p>\n<h3>Dokumentacja<\/h3>\n<p>[\/vc_column_text][vc_empty_space][vc_column_text]<\/p>\n<ul>\n<li>Krajowa Deklaracja W\u0142a\u015bciwo\u015bci U\u017cytkowych nr 1-01\/2017 <a href=\"https:\/\/odplywy.com.pl\/old\/wp-content\/uploads\/2018\/07\/kdwu.pdf\" target=\"_blank\" rel=\"noopener noreferrer\">(PDF)<\/a><\/li>\n<\/ul>\n<p>[\/vc_column_text][vc_single_image image=&#8221;8609&#8243; img_size=&#8221;full&#8221; alignment=&#8221;center&#8221; css=&#8221;.vc_custom_1543243517751{margin-top: 50px !important;margin-bottom: 50px !important;}&#8221;][vc_column_text]Polecamy sprawdzi\u0107 r\u00f3wnie\u017c <a href=\"https:\/\/odplywy.com.pl\/old\/odplywy-liniowe\/\">odp\u0142ywy liniowe<\/a> i <a href=\"https:\/\/odplywy.com.pl\/old\/uszczelnienia\/\">uszczelnienia<\/a>.[\/vc_column_text][\/vc_column][\/vc_row]<\/p>\n","protected":false},"excerpt":{"rendered":"<h2 style=\"font-size: medium;\">Elegancki odp\u0142yw kwadratowy z maskownic\u0105 Sun<\/h2>\n<p>Wz\u00f3r: <strong>Sun<\/strong><\/p>\n<ul>\n<li>najwy\u017csza jako\u015b\u0107 z Polski (zaprojektowane i wyprodukowane w Polsce)<\/li>\n<li>bezpiecze\u0144stwo i komfort u\u017cytkowania<\/li>\n<li>kompletny zestaw monta\u017cowy (nie potrzebujesz nic wi\u0119cej)<\/li>\n<li>regulacja wysoko\u015bci monta\u017cu od 81mm do 121 mm<\/li>\n<li>\u00a0\u0142atwy i szybki monta\u017c<\/li>\n<li>5 lat gwarancji<\/li>\n<\/ul>\n","protected":false},"featured_media":8878,"comment_status":"open","ping_status":"closed","template":"","meta":[],"_links":{"self":[{"href":"https:\/\/odplywy.com.pl\/old\/wp-json\/wp\/v2\/product\/8904"}],"collection":[{"href":"https:\/\/odplywy.com.pl\/old\/wp-json\/wp\/v2\/product"}],"about":[{"href":"https:\/\/odplywy.com.pl\/old\/wp-json\/wp\/v2\/types\/product"}],"replies":[{"embeddable":true,"href":"https:\/\/odplywy.com.pl\/old\/wp-json\/wp\/v2\/comments?post=8904"}],"wp:featuredmedia":[{"embeddable":true,"href":"https:\/\/odplywy.com.pl\/old\/wp-json\/wp\/v2\/media\/8878"}],"wp:attachment":[{"href":"https:\/\/odplywy.com.pl\/old\/wp-json\/wp\/v2\/media?parent=8904"}],"curies":[{"name":"wp","href":"https:\/\/api.w.org\/{rel}","templated":true}]}}