{"id":8913,"date":"2019-01-04T20:30:30","date_gmt":"2019-01-04T19:30:30","guid":{"rendered":"https:\/\/odplywy.com.pl\/old\/?post_type=product&#038;p=8913"},"modified":"2023-01-19T13:35:02","modified_gmt":"2023-01-19T12:35:02","slug":"membrana-hydroizolacyjna","status":"publish","type":"product","link":"https:\/\/odplywy.com.pl\/old\/membrana-hydroizolacyjna\/","title":{"rendered":"Membrana hydroizolacyjna szeroko\u015bci 1 metra"},"content":{"rendered":"<p>[vc_row][vc_column][vc_empty_space][vc_column_text]<\/p>\n<h2>1. Membrana hydroizolacyjna &#8211; 1 m. szeroko\u015bci, wodoodporna<\/h2>\n<p>[\/vc_column_text][vc_empty_space][vc_column_text]<\/p>\n<p><strong>Membrana do prysznica<\/strong> u\u017cywana jako pierwsza lub druga warstwa izolacji. Stosowana na pod\u0142ogi oraz \u015bciany.<\/p>\n<p>Rekomendujemy wy\u0142o\u017cenie <strong>membran\u0105 hydroizolacyjn\u0105 (1 m)<\/strong> ca\u0142ej powierzchni prysznica, zachodz\u0105c 12 cm na powierzchnie \u015bcian. Tak wy\u0142o\u017cona membrana zabezpieczy na wypadek mikro szczelin w fudze pod\u0142ogowej, a tak\u017ce ewentualnych zwyrodnie\u0144 p\u0142ynnej warstwy izolacyjnej (napi\u0119cia, starzenie).<\/p>\n<p>[\/vc_column_text][vc_empty_space][\/vc_column][\/vc_row][vc_row][vc_column][vc_empty_space][vc_column_text]<\/p>\n<h2>2. Parametry techniczne membrany do prysznica<\/h2>\n<p>[\/vc_column_text][vc_empty_space][vc_empty_space][vc_raw_html]JTNDdGFibGUlMjBzdHlsZSUzRCUyMmhlaWdodCUzQSUyMDI0MnB4JTNCJTIwd2lkdGglM0ElMjA2OTRweCUzQiUyMiUyMGJvcmRlciUzRCUyMjElMjIlM0UlMEElM0N0Ym9keSUzRSUwQSUzQ3RyJTIwc3R5bGUlM0QlMjJoZWlnaHQlM0ElMjAxOHB4JTNCJTIyJTNFJTBBJTNDdGQlMjBzdHlsZSUzRCUyMndpZHRoJTNBJTIwMTQzcHglM0IlMjBoZWlnaHQlM0ElMjAxOHB4JTNCJTIyJTNFJTNDc3BhbiUyMHN0eWxlJTNEJTIydGV4dC1kZWNvcmF0aW9uJTNBJTIwdW5kZXJsaW5lJTNCJTIyJTNFJTNDc3Ryb25nJTNFUGFyYW1ldHIlM0MlMkZzdHJvbmclM0UlM0MlMkZzcGFuJTNFJTNDJTJGdGQlM0UlMEElM0N0ZCUyMHN0eWxlJTNEJTIyd2lkdGglM0ElMjA1NDFweCUzQiUyMGhlaWdodCUzQSUyMDE4cHglM0IlMjIlM0UlM0NzcGFuJTIwc3R5bGUlM0QlMjJ0ZXh0LWRlY29yYXRpb24lM0ElMjB1bmRlcmxpbmUlM0IlMjIlM0UlM0NzdHJvbmclM0VXYXJ0byVDNSU5QiVDNCU4NyUzQyUyRnN0cm9uZyUzRSUzQyUyRnNwYW4lM0UlM0MlMkZ0ZCUzRSUwQSUzQyUyRnRyJTNFJTBBJTNDdHIlMjBzdHlsZSUzRCUyMmhlaWdodCUzQSUyMDkuODQzNzVweCUzQiUyMiUzRSUwQSUzQ3RkJTIwc3R5bGUlM0QlMjJ3aWR0aCUzQSUyMDE0M3B4JTNCJTIwaGVpZ2h0JTNBJTIwOS44NDM3NXB4JTNCJTIyJTNFTWF0ZXJpYSVDNSU4MiUzQyUyRnRkJTNFJTBBJTNDdGQlMjBzdHlsZSUzRCUyMndpZHRoJTNBJTIwNTQxcHglM0IlMjBoZWlnaHQlM0ElMjA5Ljg0Mzc1cHglM0IlMjIlM0UlMEElM0NwJTNFRHdpZSUyMHpld24lQzQlOTl0cnpuZSUyMHdhcnN0d3klM0ElMjB3JUM1JTgyJTI2b2FjdXRlJTNCa25pbmElMjBwb2xpcHJvcHlsZW4lMjZuYnNwJTNCJTNDJTJGcCUzRSUwQSUzQ3AlM0VXZXduJUM0JTk5dHJ6bmElMjB3YXJzdHdhJTNBJTIwcG9saWV0eWxlbiUyMHdvZG9vZHBvcm55JTNDJTJGcCUzRSUwQSUzQyUyRnRkJTNFJTBBJTNDJTJGdHIlM0UlMEElM0N0ciUyMHN0eWxlJTNEJTIyaGVpZ2h0JTNBJTIwMThweCUzQiUyMiUzRSUwQSUzQ3RkJTIwc3R5bGUlM0QlMjJ3aWR0aCUzQSUyMDE0M3B4JTNCJTIwaGVpZ2h0JTNBJTIwMThweCUzQiUyMiUzRUtvbG9yJTNDJTJGdGQlM0UlMEElM0N0ZCUyMHN0eWxlJTNEJTIyd2lkdGglM0ElMjA1NDFweCUzQiUyMGhlaWdodCUzQSUyMDE4cHglM0IlMjIlM0VOaWViaWVza2klM0MlMkZ0ZCUzRSUwQSUzQyUyRnRyJTNFJTBBJTNDdHIlMjBzdHlsZSUzRCUyMmhlaWdodCUzQSUyMDM2cHglM0IlMjIlM0UlMEElM0N0ZCUyMHN0eWxlJTNEJTIyd2lkdGglM0ElMjAxNDNweCUzQiUyMGhlaWdodCUzQSUyMDM2cHglM0IlMjIlM0VPZHBvcm5vJUM1JTlCJUM0JTg3JTIwbmElMjB0ZW1wZXJhdHVyeSUzQyUyRnRkJTNFJTBBJTNDdGQlMjBzdHlsZSUzRCUyMndpZHRoJTNBJTIwNTQxcHglM0IlMjBoZWlnaHQlM0ElMjAzNnB4JTNCJTIyJTNFb2QlMjAtMzBzdC5DLiUyMGRvJTIwOTBzdC5DLiUzQyUyRnRkJTNFJTBBJTNDJTJGdHIlM0UlMEElM0N0ciUyMHN0eWxlJTNEJTIyaGVpZ2h0JTNBJTIwNDZweCUzQiUyMiUzRSUwQSUzQ3RkJTIwc3R5bGUlM0QlMjJ3aWR0aCUzQSUyMDE0M3B4JTNCJTIwaGVpZ2h0JTNBJTIwNDZweCUzQiUyMiUzRUdydWJvJUM1JTlCJUM0JTg3JTNDJTJGdGQlM0UlMEElM0N0ZCUyMHN0eWxlJTNEJTIyd2lkdGglM0ElMjA1NDFweCUzQiUyMGhlaWdodCUzQSUyMDQ2cHglM0IlMjIlM0UlMEElM0NwJTNFMCUyQzVtbSUzQyUyRnAlM0UlMEElM0MlMkZ0ZCUzRSUwQSUzQyUyRnRyJTNFJTBBJTNDdHIlMjBzdHlsZSUzRCUyMmhlaWdodCUzQSUyMDE4cHglM0IlMjIlM0UlMEElM0N0ZCUyMHN0eWxlJTNEJTIyd2lkdGglM0ElMjAxNDNweCUzQiUyMGhlaWdodCUzQSUyMDE4cHglM0IlMjIlM0VXYWdhJTNDJTJGdGQlM0UlMEElM0N0ZCUyMHN0eWxlJTNEJTIyd2lkdGglM0ElMjA1NDFweCUzQiUyMGhlaWdodCUzQSUyMDE4cHglM0IlMjIlM0UzMDdnJTIwJTJGJTIwbTIlM0MlMkZ0ZCUzRSUwQSUzQyUyRnRyJTNFJTBBJTNDdHIlMjBzdHlsZSUzRCUyMmhlaWdodCUzQSUyMDE4cHglM0IlMjIlM0UlMEElM0N0ZCUyMHN0eWxlJTNEJTIyd2lkdGglM0ElMjAxNDNweCUzQiUyMGhlaWdodCUzQSUyMDE4cHglM0IlMjIlM0VDZXJ0eWZpa2FjamElM0MlMkZ0ZCUzRSUwQSUzQ3RkJTIwc3R5bGUlM0QlMjJ3aWR0aCUzQSUyMDU0MXB4JTNCJTIwaGVpZ2h0JTNBJTIwMThweCUzQiUyMiUzRURJTiUyMElTTyUyMDkwMDElM0EyMDA4JTNDJTJGdGQlM0UlMEElM0MlMkZ0ciUzRSUwQSUzQyUyRnRib2R5JTNFJTBBJTNDJTJGdGFibGUlM0U=[\/vc_raw_html][\/vc_column][\/vc_row][vc_row][vc_column][vc_empty_space][vc_empty_space][vc_column_text]<\/p>\n<h2>3. Zakup membrany pod prysznic<\/h2>\n<p>[\/vc_column_text][vc_empty_space][vc_column_text]Przed zakupem wybierz odpowiedni\u0105 d\u0142ugo\u015b\u0107 <strong>membrany pod prysznic<\/strong>. Wyboru dokonaj w polu obok ceny.<\/p>\n<p>Szeroko\u015b\u0107 membrany to 1m.<\/p>\n<p>Zobacz tak\u017ce <a href=\"https:\/\/odplywy.com.pl\/old\/membrana-hydroizolacyjna-kopia\/\">membran\u0119 hydroizolacyjn\u0105 szeroko\u015bci 12cm<\/a>.[\/vc_column_text][\/vc_column][\/vc_row]<\/p>\n","protected":false},"excerpt":{"rendered":"<p>&#8211; membrana hydroizolacyjna tr\u00f3jwarstwowa (PP\/PE\/PP)<br \/>\n&#8211; u\u017cywana do uszczelnie\u0144 powierzchni ca\u0142ych prysznic\u00f3w oraz \u015bcian prysznic\u00f3w<br \/>\n&#8211; \u0142atwy i szybki monta\u017c<br \/>\n&#8211; produkt wykonany w Polsce<br \/>\n&#8211; szeroko\u015b\u0107 membrany to 1 metr<\/p>\n<p>&nbsp;<\/p>\n","protected":false},"featured_media":8928,"comment_status":"open","ping_status":"closed","template":"","meta":[],"_links":{"self":[{"href":"https:\/\/odplywy.com.pl\/old\/wp-json\/wp\/v2\/product\/8913"}],"collection":[{"href":"https:\/\/odplywy.com.pl\/old\/wp-json\/wp\/v2\/product"}],"about":[{"href":"https:\/\/odplywy.com.pl\/old\/wp-json\/wp\/v2\/types\/product"}],"replies":[{"embeddable":true,"href":"https:\/\/odplywy.com.pl\/old\/wp-json\/wp\/v2\/comments?post=8913"}],"wp:featuredmedia":[{"embeddable":true,"href":"https:\/\/odplywy.com.pl\/old\/wp-json\/wp\/v2\/media\/8928"}],"wp:attachment":[{"href":"https:\/\/odplywy.com.pl\/old\/wp-json\/wp\/v2\/media?parent=8913"}],"curies":[{"name":"wp","href":"https:\/\/api.w.org\/{rel}","templated":true}]}}