{"id":8929,"date":"2019-01-05T12:06:23","date_gmt":"2019-01-05T11:06:23","guid":{"rendered":"https:\/\/odplywy.com.pl\/old\/?post_type=product&#038;p=8929"},"modified":"2021-09-06T10:06:35","modified_gmt":"2021-09-06T08:06:35","slug":"membrana-hydroizolacyjna-kopia","status":"publish","type":"product","link":"https:\/\/odplywy.com.pl\/old\/membrana-hydroizolacyjna-kopia\/","title":{"rendered":"Membrana hydroizolacyjna szeroko\u015bci 12cm"},"content":{"rendered":"<p>[vc_row][vc_column][vc_empty_space][vc_column_text]<\/p>\n<h3>1. Membrana hydroizolacyjna 12 cm (wodoodporna)<\/h3>\n<p>[\/vc_column_text][vc_empty_space][vc_column_text]Membrana u\u017cywana jako pierwsza lub druga warstwa izolacji. Stosowana jest do zabezpiecze\u0144 naro\u017cnik\u00f3w (\u015bciana&lt;-&gt;pod\u0142oga, \u015bciana&lt;-&gt;\u015bciana). <strong>Membrana oferowana jest w postaci ta\u015bmy o szeroko\u015bci 12 cm i d\u0142ugo\u015bci do wyboru<\/strong>.<\/p>\n<p>Wy\u0142o\u017cenie\u00a0 ta\u015bmy w miejscach styku \u015bciany z pod\u0142og\u0105 zabezpieczy to newralgiczne miejsce. Podobna sytuacja dotyczy miejscu styku dw\u00f3ch \u015bcian (np. r\u00f3g prysznica) po kt\u00f3rych sp\u0142ywa woda.[\/vc_column_text][vc_empty_space][\/vc_column][\/vc_row][vc_row][vc_column][vc_empty_space][vc_empty_space][vc_column_text]<\/p>\n<h3>2. Produkt wyprodukowany w Polsce<\/h3>\n<p>[\/vc_column_text][vc_empty_space][vc_column_text]<strong>Membrana hydroizolacyjna 12 cm<\/strong> zosta\u0142a wyprodukowana w Polsce technik\u0105 zgrzewania trzech warstw To podnosi znacz\u0105co trwa\u0142o\u015b\u0107 i wodoodporno\u015b\u0107 produktu. Kupuj\u0105c membran\u0119 izolacyjn\u0105 zawsze zwracaj uwag\u0119 na technologi\u0119 produkcji.[\/vc_column_text][\/vc_column][\/vc_row][vc_row][vc_column][vc_empty_space][vc_empty_space][vc_column_text]<\/p>\n<h3>3. Zakup membrany<\/h3>\n<p>[\/vc_column_text][vc_empty_space][vc_column_text]Prosimy o wybranie odpowiedniej d\u0142ugo\u015bci membrany przed dokonaniem zakupu. D\u0142ugo\u015b\u0107 wybierasz na g\u00f3rze strony (obok ceny).[\/vc_column_text][\/vc_column][\/vc_row]<\/p>\n","protected":false},"excerpt":{"rendered":"<ul>\n<li>membrana hydroizolacyjna tr\u00f3jwarstwowa (PP\/PE\/PP)<\/li>\n<li>u\u017cywana do uszczelnie\u0144 naro\u017cnik\u00f3w (\u015bciana&lt;-&gt;pod\u0142oga, \u015bciana&lt;-&gt;\u015bciana)<\/li>\n<li>\u0142atwy i szybki monta\u017c<\/li>\n<li>produkt wykonany w Polsce<\/li>\n<li><strong>szeroko\u015b\u0107 membrany to 12 cm<\/strong><\/li>\n<\/ul>\n<p>&nbsp;<\/p>\n","protected":false},"featured_media":8942,"comment_status":"open","ping_status":"closed","template":"","meta":[],"_links":{"self":[{"href":"https:\/\/odplywy.com.pl\/old\/wp-json\/wp\/v2\/product\/8929"}],"collection":[{"href":"https:\/\/odplywy.com.pl\/old\/wp-json\/wp\/v2\/product"}],"about":[{"href":"https:\/\/odplywy.com.pl\/old\/wp-json\/wp\/v2\/types\/product"}],"replies":[{"embeddable":true,"href":"https:\/\/odplywy.com.pl\/old\/wp-json\/wp\/v2\/comments?post=8929"}],"wp:featuredmedia":[{"embeddable":true,"href":"https:\/\/odplywy.com.pl\/old\/wp-json\/wp\/v2\/media\/8942"}],"wp:attachment":[{"href":"https:\/\/odplywy.com.pl\/old\/wp-json\/wp\/v2\/media?parent=8929"}],"curies":[{"name":"wp","href":"https:\/\/api.w.org\/{rel}","templated":true}]}}