{"id":9680,"date":"2020-01-17T15:20:04","date_gmt":"2020-01-17T14:20:04","guid":{"rendered":"https:\/\/odplywy.com.pl\/old\/?post_type=product&#038;p=9680"},"modified":"2022-05-04T10:22:51","modified_gmt":"2022-05-04T08:22:51","slug":"odplyw-liniowy-waterway-slim-black-32-cm-z-maskownica-prestige-steel","status":"publish","type":"product","link":"https:\/\/odplywy.com.pl\/old\/odplyw-liniowy-waterway-slim-black-32-cm-z-maskownica-prestige-steel\/","title":{"rendered":"Odp\u0142yw liniowy Waterway Slim Black, wz\u00f3r Prestige Steel"},"content":{"rendered":"<p>[vc_row][vc_column][vc_empty_space][vc_single_image image=&#8221;11887&#8243; img_size=&#8221;full&#8221;][\/vc_column][\/vc_row][vc_row][vc_column][vc_empty_space][vc_column_text]<\/p>\n<h3 style=\"text-align: center;\"><span style=\"color: #000000;\"><strong>Elegancka i delikatna linia Waterway Slim Black<\/strong><\/span><\/h3>\n<p>[\/vc_column_text][vc_empty_space height=&#8221;15px&#8221;][\/vc_column][\/vc_row][vc_row][vc_column width=&#8221;1\/3&#8243;][vc_column_text]<span style=\"color: #000000;\">Odp\u0142yw liniowy Waterway Slim Black to nasz najbardziej presti\u017cowy produkt.<\/span><br \/>\n<span style=\"color: #000000;\">Wyj\u0105tkowy ze wzgl\u0119du na <strong>kolor &#8211; czarny p\u00f3\u0142mat<\/strong>.<\/span><br \/>\n<span style=\"color: #000000;\">Niezwykle elegancki, wyj\u0105tkowo <strong>w\u0105ski- maskownica ma 3,2 cm szeroko\u015bci<\/strong>.<\/span><\/p>\n<p><span style=\"color: #000000;\">Odp\u0142yw b\u0119dzie stanowi\u0142 subteln\u0105 ozdob\u0119 i jednocze\u015bnie idealnie pe\u0142ni\u0142 swoj\u0105 funkcj\u0119.<\/span><br \/>\n<span style=\"color: #000000;\">Co istotne to fakt, \u017ce zastosowany w odp\u0142ywie, niemiecki syfon Viega, pozwoli odebra\u0107 <strong>36 litr\u00f3w wody na minut\u0119<\/strong>.<\/span>[\/vc_column_text][\/vc_column][vc_column width=&#8221;2\/3&#8243;][vc_empty_space height=&#8221;10px&#8221;][vc_single_image image=&#8221;10397&#8243; img_size=&#8221;full&#8221;][\/vc_column][\/vc_row][vc_row][vc_column][vc_empty_space][vc_empty_space][vc_column_text]<\/p>\n<h3 style=\"text-align: center;\"><strong>Kompletny zestaw monta\u017cowy<\/strong><\/h3>\n<p>[\/vc_column_text][vc_empty_space height=&#8221;5px&#8221;][\/vc_column][\/vc_row][vc_row][vc_column width=&#8221;1\/3&#8243;][vc_column_text]<\/p>\n<ul>\n<li><span style=\"color: #000000;\">koryto<\/span><\/li>\n<li><span style=\"color: #000000;\">maskownica\/ruszt<\/span><\/li>\n<li><span style=\"color: #000000;\">syfon Viega<\/span><\/li>\n<li><span style=\"color: #000000;\">sitko na w\u0142osy<\/span><\/li>\n<li><span style=\"color: #000000;\">stopki monta\u017cowe<\/span><\/li>\n<li><span style=\"color: #000000;\">mankiet uszczelniaj\u0105cy<\/span><\/li>\n<li><span style=\"color: #000000;\">haczyk do podnoszenia maskownicy<\/span><\/li>\n<li><span style=\"color: #000000;\">instrukcja monta\u017cu<\/span><\/li>\n<\/ul>\n<p>[\/vc_column_text][\/vc_column][vc_column width=&#8221;2\/3&#8243;][vc_empty_space height=&#8221;10px&#8221;][vc_single_image image=&#8221;10400&#8243; img_size=&#8221;full&#8221;][vc_empty_space][\/vc_column][\/vc_row][vc_row][vc_column][vc_empty_space][vc_column_text]<\/p>\n<h3 style=\"text-align: center;\"><span style=\"color: #000000;\"><strong>Wysoka jako\u015b\u0107<\/strong><\/span><\/h3>\n<p>[\/vc_column_text][vc_empty_space height=&#8221;15px&#8221;][\/vc_column][\/vc_row][vc_row][vc_column width=&#8221;1\/3&#8243;][vc_column_text]<span style=\"color: #000000;\"><strong>Kolor czarny p\u00f3\u0142mat odp\u0142ywu to pow\u0142oka naniesiona w technologii proszkowej na stal nierdzewn\u0105. Kolor jest dodatkowo utwardzony, <\/strong>aby zachowa\u0107 luksusowy wygl\u0105d przez lata.<\/span><\/p>\n<p><span style=\"color: #000000;\"><strong>Stal nierdzewna stosowana do produkcji odp\u0142yw\u00f3w Waterway, pochodzi z europejskich hut stali<\/strong>\u00a0(Niemcy, W\u0142ochy). Ka\u017cda partia stali posiada sw\u00f3j certyfikat, przez co mamy pewno\u015b\u0107, \u017ce jest to\u00a0<strong>stal wysokiej jako\u015bci<\/strong>. Do produkcji odp\u0142yw\u00f3w, od lat stosujemy ten sam gatunek stali, dzi\u0119ki czemu jeste\u015bmy pewni, \u017ce przez lata zachowa sw\u00f3j wygl\u0105d.<\/span>[\/vc_column_text][\/vc_column][vc_column width=&#8221;2\/3&#8243;][vc_single_image image=&#8221;10403&#8243; img_size=&#8221;full&#8221;][vc_empty_space][\/vc_column][\/vc_row][vc_row][vc_column][vc_empty_space][vc_column_text]<\/p>\n<h3 style=\"text-align: center;\"><span style=\"color: #000000;\"><strong>Produkujemy w Polsce<\/strong><\/span><\/h3>\n<p>[\/vc_column_text][vc_empty_space height=&#8221;15px&#8221;][\/vc_column][\/vc_row][vc_row][vc_column width=&#8221;1\/3&#8243;][vc_column_text]<span style=\"color: #000000;\"><strong>Odp\u0142ywy Waterway Premium Black produkowane s\u0105 w naszej fabryce zlokalizowanej w Wyszkowie<\/strong>. Odp\u0142ywy produkujemy ju\u017c od 12 lat, a ka\u017cdego roku nasze produkty s\u0105 instalowane w oko\u0142o 10 000 \u0142azienek w ca\u0142ej Europie. Produkujemy zar\u00f3wno na bardzo wymagaj\u0105ce rynki Europy Zachodniej, gdzie Klient ma ogromny wyb\u00f3r zachodnich marek, ale tak\u017ce na rynek Polski, Czech czy S\u0142owacji. Nasz sukces to jako\u015b\u0107 i niezawodno\u015b\u0107 produktu. <strong>Dbamy o ka\u017cdy detal produkowanych odp\u0142yw\u00f3w<\/strong>. Ka\u017cdy pojedynczy odp\u0142yw, przed zapakowaniem przechodzi przez <strong>szczeg\u00f3\u0142owy proces kontroli<\/strong> tak, aby zapewni\u0107 najwy\u017csz\u0105 jako\u015b\u0107 i funkcjonalno\u015b\u0107.<\/span>[\/vc_column_text][\/vc_column][vc_column width=&#8221;2\/3&#8243;][vc_empty_space height=&#8221;10px&#8221;][vc_single_image image=&#8221;10365&#8243; img_size=&#8221;full&#8221;][\/vc_column][\/vc_row][vc_row][vc_column][vc_empty_space][vc_empty_space][vc_column_text]<\/p>\n<h3 style=\"text-align: center;\"><span style=\"color: #000000;\"><strong>Precyzyjny i wygodny monta\u017c<\/strong><\/span><\/h3>\n<p>[\/vc_column_text][vc_empty_space height=&#8221;15px&#8221;][\/vc_column][\/vc_row][vc_row][vc_column width=&#8221;1\/3&#8243;][vc_column_text el_class=&#8221;lista&#8221;]<\/p>\n<ul>\n<li><span style=\"color: #000000;\"><strong>Kompletny zestaw<\/strong>, wszystko co niezb\u0119dne do wygodnego, bezpiecznego i czystego monta\u017cu.<\/span><\/li>\n<li><span style=\"color: #000000;\">Syfon umo\u017cliwia <strong>regulacje k\u0105ta pod\u0142\u0105czenia<\/strong> instalacji. Regulacja 80 stopni.<\/span><\/li>\n<li><span style=\"color: #000000;\"><strong>N\u00f3\u017cki poziomuj\u0105ce<\/strong>, daj\u0105ce mo\u017cliwo\u015b\u0107 precyzyjnego ustawienia odp\u0142ywu, wysoko\u015b\u0107 od 6,2 cm do 9,2 cm- w zale\u017cno\u015bci od potrzeb instalacyjnych.<\/span><\/li>\n<li><span style=\"color: #000000;\"><strong>Membrana uszczelniaj\u0105ca<\/strong> (mankiet uszczelniaj\u0105cy), z w\u0142\u00f3kna polietylenowego, zapewniaj\u0105ca ca\u0142kowit\u0105 wodoszczelno\u015b\u0107 w newralgicznym miejscu, na styku odp\u0142ywu i wylewki.<\/span><\/li>\n<\/ul>\n<p>[\/vc_column_text][\/vc_column][vc_column width=&#8221;2\/3&#8243;][vc_single_image image=&#8221;10401&#8243; img_size=&#8221;full&#8221;][\/vc_column][\/vc_row][vc_row][vc_column][vc_empty_space][vc_column_text]<\/p>\n<h3 style=\"text-align: center;\"><span style=\"color: #000000;\"><strong>Komfort na co dzie\u0144<\/strong><\/span><\/h3>\n<p>[\/vc_column_text][vc_empty_space height=&#8221;15px&#8221;][\/vc_column][\/vc_row][vc_row][vc_column width=&#8221;1\/3&#8243;][vc_column_text el_class=&#8221;lista&#8221;]<\/p>\n<ul>\n<li><span style=\"color: #000000;\">Zar\u00f3wno elementy wystawione na codzienne ogl\u0105danie, jak i wewn\u0119trzne \u0142\u0105czenia, s\u0105<strong> idealnie wyko\u0144czone, g\u0142adkie i szczelne<\/strong>, dzi\u0119ki czemu mo\u017cna w wygodny spos\u00f3b dba\u0107 o czysto\u015b\u0107 i higien\u0119<\/span><\/li>\n<li><span style=\"color: #000000;\">Czyszczenie syfonu \u2013 <strong>niezwykle prosty spos\u00f3b czyszczenia<\/strong>, wystarczy podnie\u015b\u0107 maskownic\u0119\/ruszt i wyj\u0105\u0107 koszyczek z syfonu, wyczy\u015bci\u0107 i od\u0142o\u017cy\u0107.<\/span><\/li>\n<li><span style=\"color: #000000;\">Stabilno\u015b\u0107 i cisza- maskownice\/ruszty <strong>posiadaj\u0105 dystanse t\u0142umi\u0105ce<\/strong>, dzi\u0119ki czemu maskownica\/ruszt nie ha\u0142asuje i zawsze pozostaje dok\u0142adnie w tym miejscu, w kt\u00f3rym powinna by\u0107, zachowuj\u0105c idealne oddalenie od kraw\u0119dzi koryta, dzi\u0119ki temu odbi\u00f3r wody jest zawsze prawid\u0142owy.<\/span><\/li>\n<\/ul>\n<p>[\/vc_column_text][\/vc_column][vc_column width=&#8221;2\/3&#8243;][vc_single_image image=&#8221;10402&#8243; img_size=&#8221;full&#8221;][vc_empty_space][\/vc_column][\/vc_row][vc_row][vc_column][vc_empty_space][vc_column_text]<\/p>\n<h3 style=\"text-align: center;\"><span style=\"color: #000000;\"><strong>Bezp\u0142atna i szybka dostawa<\/strong><\/span><\/h3>\n<p>[\/vc_column_text][vc_column_text]<span style=\"color: #000000;\">Zam\u00f3wienia z\u0142o\u017cone do 12:00 w dni robocze, dostarczamy nast\u0119pnego dnia.<\/span>[\/vc_column_text][vc_empty_space height=&#8221;15px&#8221;][vc_single_image image=&#8221;10323&#8243; img_size=&#8221;full&#8221;][vc_empty_space][\/vc_column][\/vc_row][vc_row][vc_column][vc_empty_space][vc_column_text]<\/p>\n<h3 style=\"text-align: center;\"><span style=\"color: #000000;\"><strong>Wymiary &#8211; rysunek techniczny<\/strong><\/span><\/h3>\n<p>[\/vc_column_text][vc_empty_space height=&#8221;15px&#8221;][\/vc_column][\/vc_row][vc_row][vc_column][vc_single_image image=&#8221;10311&#8243; img_size=&#8221;full&#8221;][vc_empty_space][\/vc_column][\/vc_row][vc_row][vc_column][vc_empty_space][vc_column_text]<\/p>\n<h3 style=\"text-align: center;\"><span style=\"color: #000000;\"><strong>Zobacz inne odp\u0142ywy Waterway<\/strong><\/span><\/h3>\n<p>[\/vc_column_text][vc_empty_space height=&#8221;15px&#8221;][\/vc_column][\/vc_row][vc_row][vc_column][vc_single_image image=&#8221;12242&#8243; img_size=&#8221;full&#8221; alignment=&#8221;center&#8221; css=&#8221;.vc_custom_1651652567536{margin-top: 50px !important;margin-bottom: 50px !important;}&#8221;][vc_empty_space][\/vc_column][\/vc_row][vc_row][vc_column][vc_empty_space][vc_column_text]<\/p>\n<h3 style=\"text-align: center;\"><span style=\"color: #000000;\"><strong>Podstawowe parametry<\/strong><\/span><\/h3>\n<p>[\/vc_column_text][vc_empty_space height=&#8221;15px&#8221;][vc_raw_html]JTNDdGFibGUlM0UlMEElM0N0ciUzRSUwQSUzQ3RkJTNFTWF0ZXJpYSVDNSU4MiUyMGklMjBwb2Nob2R6ZW5pZSUzQyUyRnRkJTNFJTBBJTNDdGQlM0VTdGFsJTIwbmllcmR6ZXduYSUyMGNlcnR5Zmlrb3dhbmElMjAxLjQ1MDklMjAlMjhBSVNJNDQxJTI5JTNDJTJGdGQlM0UlMEElMEElM0MlMkZ0ciUzRSUwQSUwQSUzQ3RyJTNFJTBBJTNDdGQlM0VEb3N0JUM0JTk5cG5lJTIwZCVDNSU4MnVnbyVDNSU5QmNpJTNDJTJGdGQlM0UlMEElM0N0ZCUzRSUyMDUwJTIwY20lMjAlN0MlMjA2MCUyMGNtJTIwJTdDJTIwNzAlMjBjbSUyMCU3QyUyMDgwJTIwY20lMjAlN0MlMjA5MCUyMGNtJTIwJTdDJTIwMTAwJTIwY20lMjAlN0MlMjAxMTAlMjBjbSUyMCU3QyUyMDEyMCUyMGNtJTNDJTJGdGQlM0UlMEElMEElMEElM0MlMkZ0ciUzRSUwQSUwQSUzQ3RyJTNFJTBBJTNDdGQlM0VTemVyb2tvJUM1JTlCJUM0JTg3JTIwcG9rcnl3eSUwQSUzQyUyRnRkJTNFJTBBJTNDdGQlM0UzMm1tJTNDJTJGdGQlM0UlMEElMEElM0MlMkZ0ciUzRSUwQSUwQSUzQ3RyJTNFJTBBJTNDdGQlM0VaYXN5Zm9ub3dhbmllJTBBJTNDJTJGdGQlM0UlMEElM0N0ZCUzRVZpZWdhJTIwNzIxLjcxOCUyMGN6eXN6Y3pvbnklMjBvZCUyMGclQzMlQjNyeSUzQyUyRnRkJTNFJTBBJTBBJTNDJTJGdHIlM0UlMEElMEElM0N0ciUzRSUwQSUzQ3RkJTNFT2RlaiVDNSU5QmNpZSUyMHdvZHklMEElM0MlMkZ0ZCUzRSUwQSUzQ3RkJTNFRE4lMjA1MCUzQyUyRnRkJTNFJTBBJTBBJTNDJTJGdHIlM0UlMEElMEElM0N0ciUzRSUwQSUzQ3RkJTNFUHJ6ZXB1c3Rvd28lQzUlOUIlQzQlODclMEElM0MlMkZ0ZCUzRSUwQSUzQ3RkJTNFMzYlMjBsJTJGbWluLiUzQyUyRnRkJTNFJTBBJTBBJTNDJTJGdHIlM0UlMEElMEElMEElM0N0ciUzRSUwQSUzQ3RkJTNFJTBBS2xhc2ElMjBvYmNpJUM0JTg1JUM1JUJDZW5pYSUwQSUzQyUyRnRkJTNFJTBBJTNDdGQlM0VLMyUzQyUyRnRkJTNFJTBBJTBBJTNDJTJGdHIlM0UlMEElMEElMEElM0N0ciUzRSUwQSUzQ3RkJTNFV3lzb2tvJUM1JTlCJUM0JTg3JTIwb2RwJUM1JTgyeXd1JTBBJTNDJTJGdGQlM0UlMEElM0N0ZCUzRVpha3JlcyUyMHJlZ3VsYWNqaSUyMDYyJTIwbW0lMjAlRTIlODAlOTMlMjA5MiUyMG1tJTNDJTJGdGQlM0UlMEElMEElM0MlMkZ0ciUzRSUwQSUwQSUwQSUzQ3RyJTNFJTBBJTNDdGQlM0VOb3JtYSUyMHd5cm9idSUwQSUzQyUyRnRkJTNFJTBBJTNDdGQlM0VQTi1FTiUyMDEyNTMtMSUzQTIwMTUlM0MlMkZ0ZCUzRSUwQSUwQSUzQyUyRnRyJTNFJTBBJTBBJTBBJTNDdHIlM0UlMEElM0N0ZCUzRSUwQUNlcnR5ZmlrYXR5JTBBJTNDJTJGdGQlM0UlMEElM0N0ZCUzRUtyYWpvd2ElMjBEZWtsYXJhY2phJTIwVyVDNSU4MmElQzUlOUJjaXdvJUM1JTlCY2klMjBVJUM1JUJDeXRrb3d5Y2glMjBuciUyMDExLTAzJTJGMjAxOSUzQyUyRnRkJTNFJTBBJTBBJTNDJTJGdHIlM0UlMEElMEElMEElM0N0ciUzRSUwQSUzQ3RkJTNFUm9kemFqJTIwd3pvcnUlM0MlMkZ0ZCUzRSUwQSUzQ3RkJTNFMiUyMHd6b3J5JTIwZG8lMjB3eWJvcnUlM0MlMkZ0ZCUzRSUwQSUwQSUzQyUyRnRyJTNFJTBBJTBBJTBBJTNDdHIlM0UlMEElM0N0ZCUzRUd3YXJhbmNqYSUzQyUyRnRkJTNFJTBBJTNDdGQlM0U1JTIwbGF0JTIwbmElMjBvZHAlQzUlODJ5dyUyQyUyMDIlMjBsYXRhJTIwbmElMjBwb3clQzUlODJvayVDNCU5OSUzQyUyRnRkJTNFJTBBJTBBJTNDJTJGdHIlM0UlMEElMEElMEElM0MlMkZ0YWJsZSUzRSUwQSUwQSUwQSUwQQ==[\/vc_raw_html][\/vc_column][\/vc_row][vc_row][vc_column][vc_empty_space][vc_column_text]<\/p>\n<h3 style=\"text-align: center;\"><span style=\"color: #000000;\"><strong>Dokumentacja<\/strong><\/span><\/h3>\n<p>[\/vc_column_text][vc_column_text]<\/p>\n<ul>\n<li><span style=\"color: #000000;\">Krajowa Deklaracja W\u0142a\u015bciwo\u015bci U\u017cytkowych nr 1-01\/2017 (<a style=\"color: #000000;\" href=\"https:\/\/odplywy.com.pl\/old\/wp-content\/uploads\/2020\/01\/Krajowa-deklaracja-w\u0142a\u015bciwo\u015bci-u\u017cytkowych_Slim_50_120.pdf\">PDF<\/a>)<\/span><\/li>\n<li><span style=\"color: #000000;\">Instrukcja (<a style=\"color: #000000;\" href=\"https:\/\/odplywy.com.pl\/old\/wp-content\/uploads\/2020\/01\/Instrukcja_Slim.pdf\">PDF<\/a>)<\/span><\/li>\n<\/ul>\n<p>[\/vc_column_text][\/vc_column][\/vc_row]<\/p>\n","protected":false},"excerpt":{"rendered":"<p><span style=\"color: #000000;\">Wz\u00f3r: <strong>Prestige Steel<\/strong><\/span><br \/>\n<span style=\"color: #000000;\">Syfon: <strong>Viega<\/strong><\/span><br \/>\n<span style=\"color: #000000;\">Umiejscowienie syfonu: <strong>na \u015brodku<\/strong><\/span><br \/>\n<span style=\"color: #000000;\">Wysoko\u015b\u0107 monta\u017cu: <strong>regulacja od 6,2 cm do 9,2 cm<\/strong><\/span><\/p>\n<ul>\n<li><span style=\"color: #000000;\">kolor:<strong> czarny p\u00f3\u0142mat<\/strong><\/span><\/li>\n<li><span style=\"color: #000000;\"><strong>w\u0105ska maskownica &#8211; 3,2 cm<\/strong><\/span><\/li>\n<li><span style=\"color: #000000;\">najwy\u017csza jako\u015b\u0107 z Polski<\/span><\/li>\n<li><span style=\"color: #000000;\">bezpieczny i komfortowy<\/span><\/li>\n<li><span style=\"color: #000000;\">kompletny zestaw monta\u017cowy<\/span><\/li>\n<li><span style=\"color: #000000;\">\u0142atwy i szybki monta\u017c<\/span><\/li>\n<li><span style=\"color: #000000;\">gwarancja: 5 lat na odp\u0142yw, 2 lata na pow\u0142ok\u0119<\/span><\/li>\n<\/ul>\n","protected":false},"featured_media":10397,"comment_status":"open","ping_status":"closed","template":"","meta":[],"_links":{"self":[{"href":"https:\/\/odplywy.com.pl\/old\/wp-json\/wp\/v2\/product\/9680"}],"collection":[{"href":"https:\/\/odplywy.com.pl\/old\/wp-json\/wp\/v2\/product"}],"about":[{"href":"https:\/\/odplywy.com.pl\/old\/wp-json\/wp\/v2\/types\/product"}],"replies":[{"embeddable":true,"href":"https:\/\/odplywy.com.pl\/old\/wp-json\/wp\/v2\/comments?post=9680"}],"wp:featuredmedia":[{"embeddable":true,"href":"https:\/\/odplywy.com.pl\/old\/wp-json\/wp\/v2\/media\/10397"}],"wp:attachment":[{"href":"https:\/\/odplywy.com.pl\/old\/wp-json\/wp\/v2\/media?parent=9680"}],"curies":[{"name":"wp","href":"https:\/\/api.w.org\/{rel}","templated":true}]}}